{"id":2151,"date":"2025-03-13T18:03:33","date_gmt":"2025-03-13T17:03:33","guid":{"rendered":"https:\/\/presto.digiamo.cz\/presto\/?page_id=2151"},"modified":"2025-07-01T18:58:12","modified_gmt":"2025-07-01T16:58:12","slug":"politika-kvality","status":"publish","type":"page","link":"https:\/\/www.presto.cz\/cz\/politika-kvality","title":{"rendered":"Politika kvality"},"content":{"rendered":"\n<p class=\"h--3 margin-bottom--m\">Kvalita na prvn\u00edm m\u00edst\u011b.<\/p>\n\n<p>P\u0159esnost, konzistence a&nbsp;odbornost \u2013 t\u0159i pil\u00ed\u0159e, na kter\u00fdch stav\u00edme na\u0161e jazykov\u00e9 slu\u017eby. Na\u0161e politika kvality zaji\u0161\u0165uje, \u017ee ka\u017ed\u00fd p\u0159eklad a&nbsp;tlumo\u010den\u00ed odpov\u00edd\u00e1 nejvy\u0161\u0161\u00edm standard\u016fm. D\u00edky certifikovan\u00fdm proces\u016fm a&nbsp;zku\u0161en\u00fdm profesion\u00e1l\u016fm nab\u00edz\u00edme slu\u017eby, na kter\u00e9 se m\u016f\u017eete spolehnout.<\/p>\n\n<p><\/p>\n","protected":false},"excerpt":{"rendered":"<p>Kvalita na prvn\u00edm m\u00edst\u011b. P\u0159esnost, konzistence a&nbsp;odbornost \u2013 t\u0159i pil\u00ed\u0159e, na kter\u00fdch stav\u00edme na\u0161e jazykov\u00e9 slu\u017eby. Na\u0161e politika kvality zaji\u0161\u0165uje, \u017ee ka\u017ed\u00fd p\u0159eklad a&nbsp;tlumo\u010den\u00ed odpov\u00edd\u00e1 nejvy\u0161\u0161\u00edm standard\u016fm. D\u00edky certifikovan\u00fdm proces\u016fm a&nbsp;zku\u0161en\u00fdm profesion\u00e1l\u016fm nab\u00edz\u00edme slu\u017eby, na kter\u00e9 se m\u016f\u017eete spolehnout.<\/p>\n","protected":false},"author":1,"featured_media":2851,"parent":0,"menu_order":0,"comment_status":"closed","ping_status":"closed","template":"","meta":{"footnotes":""},"prekladany-jazyk":[],"class_list":["post-2151","page","type-page","status-publish","has-post-thumbnail","hentry"],"meta_box":{"group_mini__faq":[],"vlajka_jazyka":false,"nadpis_1_sekce":"","odstavec_1_sekce_1_stpec":"","mininadpis_sekce_2":"","nadpis_2_sekce":"","odstavec_2_sekce_2_stpec":"","odstavec_2_sekce_1_stpec":"","nadpis_3_sekce":"","odstavec_3_sekce":"","odrazky_sekce_3_1_ministpec":"","odrazky_sekce_3_2_ministpec":"","mininadpis_sekce_4":"","nadpis_sekce_4":"","nadpis_1_minisekce":"","odstavec_1_minisekce":"","nadpis_2_minisekce":"","odstavec_2_minisekce":"","nadpis_3_minisekce":"","odstavec_3_minisekce":"","mininadpis_sekce_zajimavost":"","nadpis_sekce_zajimavost":"","odstavec_sekce_zajimavost":"","obrazek_zajimavost":false,"nadpis_red_cta":"M\u00e1te dotazy nebo hled\u00e1te jazykov\u00e9 slu\u017eby nejvy\u0161\u0161\u00ed kvality? Jsme tu pro v\u00e1s.","odstavec_red_cta":"Spojte se s n\u00e1mi a zjist\u011bte v\u00edce.","primary_button_text":"Nez\u00e1vazn\u00e1 popt\u00e1vka","primary_button_odkaz":551,"secondary_button_text":"","secondary_button_odkaz":""},"_links":{"self":[{"href":"https:\/\/www.presto.cz\/cz\/wp-json\/wp\/v2\/pages\/2151","targetHints":{"allow":["GET"]}}],"collection":[{"href":"https:\/\/www.presto.cz\/cz\/wp-json\/wp\/v2\/pages"}],"about":[{"href":"https:\/\/www.presto.cz\/cz\/wp-json\/wp\/v2\/types\/page"}],"author":[{"embeddable":true,"href":"https:\/\/www.presto.cz\/cz\/wp-json\/wp\/v2\/users\/1"}],"replies":[{"embeddable":true,"href":"https:\/\/www.presto.cz\/cz\/wp-json\/wp\/v2\/comments?post=2151"}],"version-history":[{"count":7,"href":"https:\/\/www.presto.cz\/cz\/wp-json\/wp\/v2\/pages\/2151\/revisions"}],"predecessor-version":[{"id":8421,"href":"https:\/\/www.presto.cz\/cz\/wp-json\/wp\/v2\/pages\/2151\/revisions\/8421"}],"wp:featuredmedia":[{"embeddable":true,"href":"https:\/\/www.presto.cz\/cz\/wp-json\/wp\/v2\/media\/2851"}],"wp:attachment":[{"href":"https:\/\/www.presto.cz\/cz\/wp-json\/wp\/v2\/media?parent=2151"}],"wp:term":[{"taxonomy":"prekladany-jazyk","embeddable":true,"href":"https:\/\/www.presto.cz\/cz\/wp-json\/wp\/v2\/prekladany-jazyk?post=2151"}],"curies":[{"name":"wp","href":"https:\/\/api.w.org\/{rel}","templated":true}]}}