{"id":2125,"date":"2025-03-11T11:31:25","date_gmt":"2025-03-11T10:31:25","guid":{"rendered":"https:\/\/presto.digiamo.cz\/presto\/?page_id=2125"},"modified":"2025-10-16T11:21:25","modified_gmt":"2025-10-16T09:21:25","slug":"preklady-s-vyuzitim-ai","status":"publish","type":"page","link":"https:\/\/www.presto.cz\/cz\/preklady-s-vyuzitim-ai","title":{"rendered":"P\u0159eklady s&nbsp;vyu\u017eit\u00edm AI"},"content":{"rendered":"\n<p class=\"h--3 margin-bottom--m\">P\u0159esnost a&nbsp;efektivita d\u00edky AI a&nbsp;CAT n\u00e1stroj\u016fm.<\/p>\n\n<p>\u0160pi\u010dkov\u00e9 technologie pro rychlej\u0161\u00ed, n\u00e1kladov\u011b efektivn\u011bj\u0161\u00ed a&nbsp;konzistentn\u00ed p\u0159eklady. P\u0159eklady, kter\u00e9 \u0161et\u0159\u00ed \u010das i&nbsp;n\u00e1klady p\u0159i zachov\u00e1n\u00ed nejvy\u0161\u0161\u00ed kvality.<\/p>\n","protected":false},"excerpt":{"rendered":"<p>P\u0159esnost a&nbsp;efektivita d\u00edky AI a&nbsp;CAT n\u00e1stroj\u016fm. \u0160pi\u010dkov\u00e9 technologie pro rychlej\u0161\u00ed, n\u00e1kladov\u011b efektivn\u011bj\u0161\u00ed a&nbsp;konzistentn\u00ed p\u0159eklady. P\u0159eklady, kter\u00e9 \u0161et\u0159\u00ed \u010das i&nbsp;n\u00e1klady p\u0159i zachov\u00e1n\u00ed nejvy\u0161\u0161\u00ed kvality.<\/p>\n","protected":false},"author":1,"featured_media":2127,"parent":0,"menu_order":0,"comment_status":"closed","ping_status":"closed","template":"","meta":{"footnotes":""},"prekladany-jazyk":[],"class_list":["post-2125","page","type-page","status-publish","has-post-thumbnail","hentry"],"meta_box":{"group_mini__faq":[],"vlajka_jazyka":false,"nadpis_1_sekce":"","odstavec_1_sekce_1_stpec":"","mininadpis_sekce_2":"","nadpis_2_sekce":"","odstavec_2_sekce_2_stpec":"","odstavec_2_sekce_1_stpec":"","nadpis_3_sekce":"","odstavec_3_sekce":"","odrazky_sekce_3_1_ministpec":"","odrazky_sekce_3_2_ministpec":"","mininadpis_sekce_4":"","nadpis_sekce_4":"","nadpis_1_minisekce":"","odstavec_1_minisekce":"","nadpis_2_minisekce":"","odstavec_2_minisekce":"","nadpis_3_minisekce":"","odstavec_3_minisekce":"","mininadpis_sekce_zajimavost":"","nadpis_sekce_zajimavost":"","odstavec_sekce_zajimavost":"","obrazek_zajimavost":false,"nadpis_red_cta":"Zva\u017eujete p\u0159eklady s vyu\u017eit\u00edm AI a CAT n\u00e1stroj\u016f?","odstavec_red_cta":"Spojte se s n\u00e1mi a zjist\u011bte, jak m\u016f\u017eeme optimalizovat va\u0161e p\u0159eklady pomoc\u00ed modern\u00edch technologi\u00ed.","primary_button_text":"Nez\u00e1vazn\u00e1 kalkulace","primary_button_odkaz":551,"secondary_button_text":"Spojit se specialistou","secondary_button_odkaz":482},"_links":{"self":[{"href":"https:\/\/www.presto.cz\/cz\/wp-json\/wp\/v2\/pages\/2125","targetHints":{"allow":["GET"]}}],"collection":[{"href":"https:\/\/www.presto.cz\/cz\/wp-json\/wp\/v2\/pages"}],"about":[{"href":"https:\/\/www.presto.cz\/cz\/wp-json\/wp\/v2\/types\/page"}],"author":[{"embeddable":true,"href":"https:\/\/www.presto.cz\/cz\/wp-json\/wp\/v2\/users\/1"}],"replies":[{"embeddable":true,"href":"https:\/\/www.presto.cz\/cz\/wp-json\/wp\/v2\/comments?post=2125"}],"version-history":[{"count":21,"href":"https:\/\/www.presto.cz\/cz\/wp-json\/wp\/v2\/pages\/2125\/revisions"}],"predecessor-version":[{"id":9100,"href":"https:\/\/www.presto.cz\/cz\/wp-json\/wp\/v2\/pages\/2125\/revisions\/9100"}],"wp:featuredmedia":[{"embeddable":true,"href":"https:\/\/www.presto.cz\/cz\/wp-json\/wp\/v2\/media\/2127"}],"wp:attachment":[{"href":"https:\/\/www.presto.cz\/cz\/wp-json\/wp\/v2\/media?parent=2125"}],"wp:term":[{"taxonomy":"prekladany-jazyk","embeddable":true,"href":"https:\/\/www.presto.cz\/cz\/wp-json\/wp\/v2\/prekladany-jazyk?post=2125"}],"curies":[{"name":"wp","href":"https:\/\/api.w.org\/{rel}","templated":true}]}}