{"id":2091,"date":"2025-03-10T15:51:18","date_gmt":"2025-03-10T14:51:18","guid":{"rendered":"https:\/\/presto.digiamo.cz\/presto\/?page_id=2091"},"modified":"2025-10-16T12:47:45","modified_gmt":"2025-10-16T10:47:45","slug":"preklady-dalsich-jazyku","status":"publish","type":"page","link":"https:\/\/www.presto.cz\/cz\/preklady-dalsich-jazyku","title":{"rendered":"P\u0159eklady dal\u0161\u00edch jazyk\u016f"},"content":{"rendered":"\n<p>Nena\u0161li jste jazyk, kter\u00fd hled\u00e1te? R\u00e1di v\u00e1m pom\u016f\u017eeme. P\u0159ekl\u00e1d\u00e1me i\u00a0kombinace vz\u00e1cn\u00fdch a\u00a0exotick\u00fdch jazyk\u016f.<\/p>\n","protected":false},"excerpt":{"rendered":"<p>Nena\u0161li jste jazyk, kter\u00fd hled\u00e1te? R\u00e1di v\u00e1m pom\u016f\u017eeme. P\u0159ekl\u00e1d\u00e1me i\u00a0kombinace vz\u00e1cn\u00fdch a\u00a0exotick\u00fdch jazyk\u016f.<\/p>\n","protected":false},"author":1,"featured_media":1580,"parent":0,"menu_order":0,"comment_status":"closed","ping_status":"closed","template":"","meta":{"footnotes":""},"prekladany-jazyk":[],"class_list":["post-2091","page","type-page","status-publish","has-post-thumbnail","hentry"],"meta_box":{"group_mini__faq":[],"vlajka_jazyka":false,"nadpis_1_sekce":"","odstavec_1_sekce_1_stpec":"","mininadpis_sekce_2":"","nadpis_2_sekce":"","odstavec_2_sekce_2_stpec":"","odstavec_2_sekce_1_stpec":"","nadpis_3_sekce":"","odstavec_3_sekce":"","odrazky_sekce_3_1_ministpec":"","odrazky_sekce_3_2_ministpec":"","mininadpis_sekce_4":"","nadpis_sekce_4":"","nadpis_1_minisekce":"","odstavec_1_minisekce":"","nadpis_2_minisekce":"","odstavec_2_minisekce":"","nadpis_3_minisekce":"","odstavec_3_minisekce":"","mininadpis_sekce_zajimavost":"","nadpis_sekce_zajimavost":"","odstavec_sekce_zajimavost":"","obrazek_zajimavost":false,"nadpis_red_cta":"","odstavec_red_cta":"Spojte se s\u00a0n\u00e1mi a\u00a0zjist\u011bte, jak v\u00e1m m\u016f\u017eeme pomoci s\u00a0p\u0159eklady \u010di lokalizac\u00ed.","primary_button_text":"Nez\u00e1vazn\u00e1 kalkulace","primary_button_odkaz":551,"secondary_button_text":"Zjistit v\u00edce","secondary_button_odkaz":482},"_links":{"self":[{"href":"https:\/\/www.presto.cz\/cz\/wp-json\/wp\/v2\/pages\/2091","targetHints":{"allow":["GET"]}}],"collection":[{"href":"https:\/\/www.presto.cz\/cz\/wp-json\/wp\/v2\/pages"}],"about":[{"href":"https:\/\/www.presto.cz\/cz\/wp-json\/wp\/v2\/types\/page"}],"author":[{"embeddable":true,"href":"https:\/\/www.presto.cz\/cz\/wp-json\/wp\/v2\/users\/1"}],"replies":[{"embeddable":true,"href":"https:\/\/www.presto.cz\/cz\/wp-json\/wp\/v2\/comments?post=2091"}],"version-history":[{"count":19,"href":"https:\/\/www.presto.cz\/cz\/wp-json\/wp\/v2\/pages\/2091\/revisions"}],"predecessor-version":[{"id":9102,"href":"https:\/\/www.presto.cz\/cz\/wp-json\/wp\/v2\/pages\/2091\/revisions\/9102"}],"wp:featuredmedia":[{"embeddable":true,"href":"https:\/\/www.presto.cz\/cz\/wp-json\/wp\/v2\/media\/1580"}],"wp:attachment":[{"href":"https:\/\/www.presto.cz\/cz\/wp-json\/wp\/v2\/media?parent=2091"}],"wp:term":[{"taxonomy":"prekladany-jazyk","embeddable":true,"href":"https:\/\/www.presto.cz\/cz\/wp-json\/wp\/v2\/prekladany-jazyk?post=2091"}],"curies":[{"name":"wp","href":"https:\/\/api.w.org\/{rel}","templated":true}]}}