{"id":2008,"date":"2025-03-06T10:38:37","date_gmt":"2025-03-06T09:38:37","guid":{"rendered":"https:\/\/presto.digiamo.cz\/presto\/?page_id=2008"},"modified":"2025-10-15T10:51:41","modified_gmt":"2025-10-15T08:51:41","slug":"seo-preklady","status":"publish","type":"page","link":"https:\/\/www.presto.cz\/cz\/seo-preklady","title":{"rendered":"SEO p\u0159eklady"},"content":{"rendered":"\n<p class=\"h--3 margin-bottom--m\">Zvy\u0161te viditelnost va\u0161eho obsahu na c\u00edlov\u00fdch trz\u00edch.<\/p>\n\n\n\n<p>P\u0159eklady, kter\u00e9 nejen zn\u00ed p\u0159irozen\u011b, ale tak\u00e9 funguj\u00ed ve vyhled\u00e1va\u010d\u00edch. D\u00edky profesion\u00e1ln\u00ed lokalizaci a&nbsp;optimalizaci kl\u00ed\u010dov\u00fdch slov v\u00e1m pom\u016f\u017eeme z\u00edskat vy\u0161\u0161\u00ed pozice v&nbsp;Google a&nbsp;p\u0159it\u00e1hnout nov\u00e9 z\u00e1kazn\u00edky.<\/p>\n","protected":false},"excerpt":{"rendered":"<p>Zvy\u0161te viditelnost va\u0161eho obsahu na c\u00edlov\u00fdch trz\u00edch. P\u0159eklady, kter\u00e9 nejen zn\u00ed p\u0159irozen\u011b, ale tak\u00e9 funguj\u00ed ve vyhled\u00e1va\u010d\u00edch. D\u00edky profesion\u00e1ln\u00ed lokalizaci a&nbsp;optimalizaci kl\u00ed\u010dov\u00fdch slov v\u00e1m pom\u016f\u017eeme z\u00edskat vy\u0161\u0161\u00ed pozice v&nbsp;Google a&nbsp;p\u0159it\u00e1hnout nov\u00e9 z\u00e1kazn\u00edky.<\/p>\n","protected":false},"author":1,"featured_media":2020,"parent":0,"menu_order":0,"comment_status":"closed","ping_status":"closed","template":"","meta":{"footnotes":""},"prekladany-jazyk":[],"class_list":["post-2008","page","type-page","status-publish","has-post-thumbnail","hentry"],"meta_box":{"group_mini__faq":[],"vlajka_jazyka":false,"nadpis_1_sekce":"","odstavec_1_sekce_1_stpec":"","mininadpis_sekce_2":"","nadpis_2_sekce":"","odstavec_2_sekce_2_stpec":"","odstavec_2_sekce_1_stpec":"","nadpis_3_sekce":"","odstavec_3_sekce":"","odrazky_sekce_3_1_ministpec":"","odrazky_sekce_3_2_ministpec":"","mininadpis_sekce_4":"","nadpis_sekce_4":"","nadpis_1_minisekce":"","odstavec_1_minisekce":"","nadpis_2_minisekce":"","odstavec_2_minisekce":"","nadpis_3_minisekce":"","odstavec_3_minisekce":"","mininadpis_sekce_zajimavost":"","nadpis_sekce_zajimavost":"","odstavec_sekce_zajimavost":"","obrazek_zajimavost":false,"nadpis_red_cta":"Pot\u0159ebujete profesion\u00e1ln\u00ed SEO p\u0159eklad?","odstavec_red_cta":"Spojte se s\u00a0na\u0161imi specialisty a\u00a0z\u00edskejte optimalizovan\u00e9 p\u0159eklady, kter\u00e9 pos\u00edl\u00ed va\u0161i on-line viditelnost.","primary_button_text":"Nez\u00e1vazn\u00e1 kalkulace","primary_button_odkaz":551,"secondary_button_text":"Spojte se s\u00a0na\u0161\u00edm SEO specialistou","secondary_button_odkaz":482},"_links":{"self":[{"href":"https:\/\/www.presto.cz\/cz\/wp-json\/wp\/v2\/pages\/2008","targetHints":{"allow":["GET"]}}],"collection":[{"href":"https:\/\/www.presto.cz\/cz\/wp-json\/wp\/v2\/pages"}],"about":[{"href":"https:\/\/www.presto.cz\/cz\/wp-json\/wp\/v2\/types\/page"}],"author":[{"embeddable":true,"href":"https:\/\/www.presto.cz\/cz\/wp-json\/wp\/v2\/users\/1"}],"replies":[{"embeddable":true,"href":"https:\/\/www.presto.cz\/cz\/wp-json\/wp\/v2\/comments?post=2008"}],"version-history":[{"count":21,"href":"https:\/\/www.presto.cz\/cz\/wp-json\/wp\/v2\/pages\/2008\/revisions"}],"predecessor-version":[{"id":8771,"href":"https:\/\/www.presto.cz\/cz\/wp-json\/wp\/v2\/pages\/2008\/revisions\/8771"}],"wp:featuredmedia":[{"embeddable":true,"href":"https:\/\/www.presto.cz\/cz\/wp-json\/wp\/v2\/media\/2020"}],"wp:attachment":[{"href":"https:\/\/www.presto.cz\/cz\/wp-json\/wp\/v2\/media?parent=2008"}],"wp:term":[{"taxonomy":"prekladany-jazyk","embeddable":true,"href":"https:\/\/www.presto.cz\/cz\/wp-json\/wp\/v2\/prekladany-jazyk?post=2008"}],"curies":[{"name":"wp","href":"https:\/\/api.w.org\/{rel}","templated":true}]}}