{"id":1998,"date":"2025-03-06T09:59:00","date_gmt":"2025-03-06T08:59:00","guid":{"rendered":"https:\/\/presto.digiamo.cz\/presto\/?page_id=1998"},"modified":"2025-08-11T16:23:26","modified_gmt":"2025-08-11T14:23:26","slug":"preklady-pro-eu","status":"publish","type":"page","link":"https:\/\/www.presto.cz\/cz\/preklady-pro-eu","title":{"rendered":"P\u0159eklady pro EU"},"content":{"rendered":"\n<p class=\"h--3 margin-bottom--m\">P\u0159esn\u00e9 a\u00a0odborn\u00e9 p\u0159eklady v\u00a0souladu s\u00a0evropsk\u00fdmi normami.<\/p>\n\n<p>Zaji\u0161\u0165ujeme p\u0159eklady evropsk\u00e9 legislativy, na\u0159\u00edzen\u00ed a\u00a0\u00fa\u0159edn\u00edch dokument\u016f s\u00a0d\u016frazem na legislativn\u00ed p\u0159esnost a\u00a0terminologickou jednotnost.<\/p>\n","protected":false},"excerpt":{"rendered":"<p>P\u0159esn\u00e9 a\u00a0odborn\u00e9 p\u0159eklady v\u00a0souladu s\u00a0evropsk\u00fdmi normami. Zaji\u0161\u0165ujeme p\u0159eklady evropsk\u00e9 legislativy, na\u0159\u00edzen\u00ed a\u00a0\u00fa\u0159edn\u00edch dokument\u016f s\u00a0d\u016frazem na legislativn\u00ed p\u0159esnost a\u00a0terminologickou jednotnost.<\/p>\n","protected":false},"author":1,"featured_media":2006,"parent":0,"menu_order":0,"comment_status":"closed","ping_status":"closed","template":"","meta":{"footnotes":""},"prekladany-jazyk":[],"class_list":["post-1998","page","type-page","status-publish","has-post-thumbnail","hentry"],"meta_box":{"group_mini__faq":[],"vlajka_jazyka":false,"nadpis_1_sekce":"","odstavec_1_sekce_1_stpec":"","mininadpis_sekce_2":"","nadpis_2_sekce":"","odstavec_2_sekce_2_stpec":"","odstavec_2_sekce_1_stpec":"","nadpis_3_sekce":"","odstavec_3_sekce":"","odrazky_sekce_3_1_ministpec":"","odrazky_sekce_3_2_ministpec":"","mininadpis_sekce_4":"","nadpis_sekce_4":"","nadpis_1_minisekce":"","odstavec_1_minisekce":"","nadpis_2_minisekce":"","odstavec_2_minisekce":"","nadpis_3_minisekce":"","odstavec_3_minisekce":"","mininadpis_sekce_zajimavost":"","nadpis_sekce_zajimavost":"","odstavec_sekce_zajimavost":"","obrazek_zajimavost":false,"nadpis_red_cta":"Pot\u0159ebujete p\u0159eklady pro evropsk\u00e9 projekty?","odstavec_red_cta":"Spojte se s\u00a0n\u00e1mi a\u00a0z\u00edskejte kvalitn\u00ed p\u0159eklady legislativn\u00edch a\u00a0\u00fa\u0159edn\u00edch dokument\u016f v\u00a0souladu s evropsk\u00fdmi normami.","primary_button_text":"Nez\u00e1vazn\u00e1 kalkulace","primary_button_odkaz":551,"secondary_button_text":"Spojit se specialistou","secondary_button_odkaz":482},"_links":{"self":[{"href":"https:\/\/www.presto.cz\/cz\/wp-json\/wp\/v2\/pages\/1998","targetHints":{"allow":["GET"]}}],"collection":[{"href":"https:\/\/www.presto.cz\/cz\/wp-json\/wp\/v2\/pages"}],"about":[{"href":"https:\/\/www.presto.cz\/cz\/wp-json\/wp\/v2\/types\/page"}],"author":[{"embeddable":true,"href":"https:\/\/www.presto.cz\/cz\/wp-json\/wp\/v2\/users\/1"}],"replies":[{"embeddable":true,"href":"https:\/\/www.presto.cz\/cz\/wp-json\/wp\/v2\/comments?post=1998"}],"version-history":[{"count":7,"href":"https:\/\/www.presto.cz\/cz\/wp-json\/wp\/v2\/pages\/1998\/revisions"}],"predecessor-version":[{"id":8769,"href":"https:\/\/www.presto.cz\/cz\/wp-json\/wp\/v2\/pages\/1998\/revisions\/8769"}],"wp:featuredmedia":[{"embeddable":true,"href":"https:\/\/www.presto.cz\/cz\/wp-json\/wp\/v2\/media\/2006"}],"wp:attachment":[{"href":"https:\/\/www.presto.cz\/cz\/wp-json\/wp\/v2\/media?parent=1998"}],"wp:term":[{"taxonomy":"prekladany-jazyk","embeddable":true,"href":"https:\/\/www.presto.cz\/cz\/wp-json\/wp\/v2\/prekladany-jazyk?post=1998"}],"curies":[{"name":"wp","href":"https:\/\/api.w.org\/{rel}","templated":true}]}}