{"id":1967,"date":"2025-03-05T21:30:37","date_gmt":"2025-03-05T20:30:37","guid":{"rendered":"https:\/\/presto.digiamo.cz\/presto\/?page_id=1967"},"modified":"2026-04-02T12:55:30","modified_gmt":"2026-04-02T10:55:30","slug":"lokalizace-medii","status":"publish","type":"page","link":"https:\/\/www.presto.cz\/cz\/lokalizace-medii","title":{"rendered":"Lokalizace multim\u00e9di\u00ed"},"content":{"rendered":"\n<p>Propojujeme audiovizu\u00e1ln\u00ed technologie s&nbsp;jazykovou expert\u00edzou, abychom zajistili, \u017ee v\u00e1\u0161 obsah bude rezonovat s&nbsp;div\u00e1ky po cel\u00e9m sv\u011bt\u011b. P\u0159ekl\u00e1d\u00e1me, dabujeme a&nbsp;titulkujeme s&nbsp;d\u016frazem na kulturn\u00ed p\u0159esnost i&nbsp;technick\u00e9 standardy.<\/p>\n","protected":false},"excerpt":{"rendered":"<p>Propojujeme audiovizu\u00e1ln\u00ed technologie s&nbsp;jazykovou expert\u00edzou, abychom zajistili, \u017ee v\u00e1\u0161 obsah bude rezonovat s&nbsp;div\u00e1ky po cel\u00e9m sv\u011bt\u011b. P\u0159ekl\u00e1d\u00e1me, dabujeme a&nbsp;titulkujeme s&nbsp;d\u016frazem na kulturn\u00ed p\u0159esnost i&nbsp;technick\u00e9 standardy.<\/p>\n","protected":false},"author":1,"featured_media":1163,"parent":0,"menu_order":0,"comment_status":"closed","ping_status":"closed","template":"","meta":{"footnotes":""},"prekladany-jazyk":[],"class_list":["post-1967","page","type-page","status-publish","has-post-thumbnail","hentry"],"meta_box":{"group_mini__faq":[],"vlajka_jazyka":false,"nadpis_1_sekce":"","odstavec_1_sekce_1_stpec":"","mininadpis_sekce_2":"","nadpis_2_sekce":"","odstavec_2_sekce_2_stpec":"","odstavec_2_sekce_1_stpec":"","nadpis_3_sekce":"","odstavec_3_sekce":"","odrazky_sekce_3_1_ministpec":"","odrazky_sekce_3_2_ministpec":"","mininadpis_sekce_4":"","nadpis_sekce_4":"","nadpis_1_minisekce":"","odstavec_1_minisekce":"","nadpis_2_minisekce":"","odstavec_2_minisekce":"","nadpis_3_minisekce":"","odstavec_3_minisekce":"","mininadpis_sekce_zajimavost":"","nadpis_sekce_zajimavost":"","odstavec_sekce_zajimavost":"","obrazek_zajimavost":false,"nadpis_red_cta":"P\u0159em\u00fd\u0161l\u00edte o lokalizaci m\u00e9di\u00ed?","odstavec_red_cta":"Chcete, aby v\u00e1\u0161 obsah zaujal div\u00e1ky po cel\u00e9m sv\u011bt\u011b? My mu d\u00e1me autenti\u010dnost, spr\u00e1vn\u00e9 na\u010dasov\u00e1n\u00ed a dokonalou jazykovou \u00farove\u0148. Nechte n\u00e1s zajistit lokalizaci, d\u00edky kter\u00e9 va\u0161e video promluv\u00ed ke ka\u017ed\u00e9mu div\u00e1kovi p\u0159irozen\u011b a srozumiteln\u011b.","primary_button_text":"Nez\u00e1vazn\u00e1 kalkulace","primary_button_odkaz":551,"secondary_button_text":"Spojte se s na\u0161\u00edm specialistou","secondary_button_odkaz":482},"_links":{"self":[{"href":"https:\/\/www.presto.cz\/cz\/wp-json\/wp\/v2\/pages\/1967","targetHints":{"allow":["GET"]}}],"collection":[{"href":"https:\/\/www.presto.cz\/cz\/wp-json\/wp\/v2\/pages"}],"about":[{"href":"https:\/\/www.presto.cz\/cz\/wp-json\/wp\/v2\/types\/page"}],"author":[{"embeddable":true,"href":"https:\/\/www.presto.cz\/cz\/wp-json\/wp\/v2\/users\/1"}],"replies":[{"embeddable":true,"href":"https:\/\/www.presto.cz\/cz\/wp-json\/wp\/v2\/comments?post=1967"}],"version-history":[{"count":27,"href":"https:\/\/www.presto.cz\/cz\/wp-json\/wp\/v2\/pages\/1967\/revisions"}],"predecessor-version":[{"id":9096,"href":"https:\/\/www.presto.cz\/cz\/wp-json\/wp\/v2\/pages\/1967\/revisions\/9096"}],"wp:featuredmedia":[{"embeddable":true,"href":"https:\/\/www.presto.cz\/cz\/wp-json\/wp\/v2\/media\/1163"}],"wp:attachment":[{"href":"https:\/\/www.presto.cz\/cz\/wp-json\/wp\/v2\/media?parent=1967"}],"wp:term":[{"taxonomy":"prekladany-jazyk","embeddable":true,"href":"https:\/\/www.presto.cz\/cz\/wp-json\/wp\/v2\/prekladany-jazyk?post=1967"}],"curies":[{"name":"wp","href":"https:\/\/api.w.org\/{rel}","templated":true}]}}