{"id":1954,"date":"2025-03-05T20:46:11","date_gmt":"2025-03-05T19:46:11","guid":{"rendered":"https:\/\/presto.digiamo.cz\/presto\/?page_id=1954"},"modified":"2025-08-11T16:30:26","modified_gmt":"2025-08-11T14:30:26","slug":"lokalizace-videoher","status":"publish","type":"page","link":"https:\/\/www.presto.cz\/cz\/lokalizace-videoher","title":{"rendered":"Lokalizace videoher"},"content":{"rendered":"\n<p class=\"h--3 margin-bottom--m\">P\u0159izp\u016fsobte sv\u016fj hern\u00ed obsah hr\u00e1\u010d\u016fm po cel\u00e9m sv\u011bt\u011b.<\/p>\n\n<p>Specializovan\u00ed p\u0159ekladatel\u00e9 a&nbsp;lokaliza\u010dn\u00ed n\u00e1stroje zajist\u00ed, \u017ee va\u0161e hra oslov\u00ed hr\u00e1\u010de v&nbsp;jejich rodn\u00e9m jazyce, a&nbsp;to s&nbsp;ohledem na kulturn\u00ed nuance a&nbsp;\u017e\u00e1nrov\u00e9 po\u017eadavky.<\/p>\n","protected":false},"excerpt":{"rendered":"<p>P\u0159izp\u016fsobte sv\u016fj hern\u00ed obsah hr\u00e1\u010d\u016fm po cel\u00e9m sv\u011bt\u011b. Specializovan\u00ed p\u0159ekladatel\u00e9 a&nbsp;lokaliza\u010dn\u00ed n\u00e1stroje zajist\u00ed, \u017ee va\u0161e hra oslov\u00ed hr\u00e1\u010de v&nbsp;jejich rodn\u00e9m jazyce, a&nbsp;to s&nbsp;ohledem na kulturn\u00ed nuance a&nbsp;\u017e\u00e1nrov\u00e9 po\u017eadavky.<\/p>\n","protected":false},"author":1,"featured_media":1161,"parent":0,"menu_order":0,"comment_status":"closed","ping_status":"closed","template":"","meta":{"footnotes":""},"prekladany-jazyk":[],"class_list":["post-1954","page","type-page","status-publish","has-post-thumbnail","hentry"],"meta_box":{"group_mini__faq":[],"vlajka_jazyka":false,"nadpis_1_sekce":"","odstavec_1_sekce_1_stpec":"","mininadpis_sekce_2":"","nadpis_2_sekce":"","odstavec_2_sekce_2_stpec":"","odstavec_2_sekce_1_stpec":"","nadpis_3_sekce":"","odstavec_3_sekce":"","odrazky_sekce_3_1_ministpec":"","odrazky_sekce_3_2_ministpec":"","mininadpis_sekce_4":"","nadpis_sekce_4":"","nadpis_1_minisekce":"","odstavec_1_minisekce":"","nadpis_2_minisekce":"","odstavec_2_minisekce":"","nadpis_3_minisekce":"","odstavec_3_minisekce":"","mininadpis_sekce_zajimavost":"","nadpis_sekce_zajimavost":"","odstavec_sekce_zajimavost":"","obrazek_zajimavost":false,"nadpis_red_cta":"M\u00e1te z\u00e1jem o lokalizaci va\u0161\u00ed hry?","odstavec_red_cta":"Spojte se s n\u00e1mi a zjist\u011bte, jak v\u00e1m m\u016f\u017eeme pomoci p\u0159iv\u00e9st va\u0161i hru na nov\u00e9 trhy.","primary_button_text":"Nez\u00e1vazn\u00e1 kalkulace","primary_button_odkaz":551,"secondary_button_text":"Spojit se specialistou","secondary_button_odkaz":482},"_links":{"self":[{"href":"https:\/\/www.presto.cz\/cz\/wp-json\/wp\/v2\/pages\/1954","targetHints":{"allow":["GET"]}}],"collection":[{"href":"https:\/\/www.presto.cz\/cz\/wp-json\/wp\/v2\/pages"}],"about":[{"href":"https:\/\/www.presto.cz\/cz\/wp-json\/wp\/v2\/types\/page"}],"author":[{"embeddable":true,"href":"https:\/\/www.presto.cz\/cz\/wp-json\/wp\/v2\/users\/1"}],"replies":[{"embeddable":true,"href":"https:\/\/www.presto.cz\/cz\/wp-json\/wp\/v2\/comments?post=1954"}],"version-history":[{"count":12,"href":"https:\/\/www.presto.cz\/cz\/wp-json\/wp\/v2\/pages\/1954\/revisions"}],"predecessor-version":[{"id":8776,"href":"https:\/\/www.presto.cz\/cz\/wp-json\/wp\/v2\/pages\/1954\/revisions\/8776"}],"wp:featuredmedia":[{"embeddable":true,"href":"https:\/\/www.presto.cz\/cz\/wp-json\/wp\/v2\/media\/1161"}],"wp:attachment":[{"href":"https:\/\/www.presto.cz\/cz\/wp-json\/wp\/v2\/media?parent=1954"}],"wp:term":[{"taxonomy":"prekladany-jazyk","embeddable":true,"href":"https:\/\/www.presto.cz\/cz\/wp-json\/wp\/v2\/prekladany-jazyk?post=1954"}],"curies":[{"name":"wp","href":"https:\/\/api.w.org\/{rel}","templated":true}]}}