{"id":1944,"date":"2025-03-05T20:08:42","date_gmt":"2025-03-05T19:08:42","guid":{"rendered":"https:\/\/presto.digiamo.cz\/presto\/?page_id=1944"},"modified":"2025-11-26T17:47:14","modified_gmt":"2025-11-26T16:47:14","slug":"lokalizace-webovych-stranek-a-softwaru","status":"publish","type":"page","link":"https:\/\/www.presto.cz\/cz\/lokalizace-webovych-stranek-a-softwaru","title":{"rendered":"Lokalizace webov\u00fdch str\u00e1nek a&nbsp;softwaru"},"content":{"rendered":"\n<p class=\"h--3 margin-bottom--m\">Obsah na m\u00edru ka\u017ed\u00e9mu trhu.<\/p>\n\n\n\n<p>P\u0159esn\u00e1 jazykov\u00e1 adaptace, UX\/UI <strong><a href=\"https:\/\/www.presto.cz\/cz\/lokalizace\" data-type=\"link\" data-id=\"https:\/\/www.presto.cz\/cz\/lokalizace\">lokalizace<\/a><\/strong> a&nbsp;optimalizace pro SEO \u2013 v\u0161e p\u0159izp\u016fsobeno kulturn\u00edm specifik\u016fm c\u00edlov\u00e9ho trhu.<\/p>\n","protected":false},"excerpt":{"rendered":"<p>Obsah na m\u00edru ka\u017ed\u00e9mu trhu. P\u0159esn\u00e1 jazykov\u00e1 adaptace, UX\/UI lokalizace a&nbsp;optimalizace pro SEO \u2013 v\u0161e p\u0159izp\u016fsobeno kulturn\u00edm specifik\u016fm c\u00edlov\u00e9ho trhu.<\/p>\n","protected":false},"author":1,"featured_media":1165,"parent":0,"menu_order":0,"comment_status":"closed","ping_status":"closed","template":"","meta":{"footnotes":""},"prekladany-jazyk":[],"class_list":["post-1944","page","type-page","status-publish","has-post-thumbnail","hentry"],"meta_box":{"group_mini__faq":[],"vlajka_jazyka":false,"nadpis_1_sekce":"","odstavec_1_sekce_1_stpec":"","mininadpis_sekce_2":"","nadpis_2_sekce":"","odstavec_2_sekce_2_stpec":"","odstavec_2_sekce_1_stpec":"","nadpis_3_sekce":"","odstavec_3_sekce":"","odrazky_sekce_3_1_ministpec":"","odrazky_sekce_3_2_ministpec":"","mininadpis_sekce_4":"","nadpis_sekce_4":"","nadpis_1_minisekce":"","odstavec_1_minisekce":"","nadpis_2_minisekce":"","odstavec_2_minisekce":"","nadpis_3_minisekce":"","odstavec_3_minisekce":"","mininadpis_sekce_zajimavost":"","nadpis_sekce_zajimavost":"","odstavec_sekce_zajimavost":"","obrazek_zajimavost":false,"nadpis_red_cta":"Pot\u0159ebujete profesion\u00e1ln\u00ed lokalizaci webov\u00fdch str\u00e1nek nebo softwaru?","odstavec_red_cta":"Spojte se s n\u00e1mi a zjist\u011bte, jak v\u00e1m pom\u016f\u017eeme p\u0159izp\u016fsobit v\u00e1\u0161 digit\u00e1ln\u00ed obsah glob\u00e1ln\u00edm trh\u016fm.","primary_button_text":"Nez\u00e1vazn\u00e1 kalkulace","primary_button_odkaz":551,"secondary_button_text":"Spojit se specialistou","secondary_button_odkaz":482},"_links":{"self":[{"href":"https:\/\/www.presto.cz\/cz\/wp-json\/wp\/v2\/pages\/1944","targetHints":{"allow":["GET"]}}],"collection":[{"href":"https:\/\/www.presto.cz\/cz\/wp-json\/wp\/v2\/pages"}],"about":[{"href":"https:\/\/www.presto.cz\/cz\/wp-json\/wp\/v2\/types\/page"}],"author":[{"embeddable":true,"href":"https:\/\/www.presto.cz\/cz\/wp-json\/wp\/v2\/users\/1"}],"replies":[{"embeddable":true,"href":"https:\/\/www.presto.cz\/cz\/wp-json\/wp\/v2\/comments?post=1944"}],"version-history":[{"count":16,"href":"https:\/\/www.presto.cz\/cz\/wp-json\/wp\/v2\/pages\/1944\/revisions"}],"predecessor-version":[{"id":9136,"href":"https:\/\/www.presto.cz\/cz\/wp-json\/wp\/v2\/pages\/1944\/revisions\/9136"}],"wp:featuredmedia":[{"embeddable":true,"href":"https:\/\/www.presto.cz\/cz\/wp-json\/wp\/v2\/media\/1165"}],"wp:attachment":[{"href":"https:\/\/www.presto.cz\/cz\/wp-json\/wp\/v2\/media?parent=1944"}],"wp:term":[{"taxonomy":"prekladany-jazyk","embeddable":true,"href":"https:\/\/www.presto.cz\/cz\/wp-json\/wp\/v2\/prekladany-jazyk?post=1944"}],"curies":[{"name":"wp","href":"https:\/\/api.w.org\/{rel}","templated":true}]}}