{"id":1926,"date":"2025-03-05T18:22:29","date_gmt":"2025-03-05T17:22:29","guid":{"rendered":"https:\/\/presto.digiamo.cz\/presto\/?page_id=1926"},"modified":"2025-11-28T21:15:32","modified_gmt":"2025-11-28T20:15:32","slug":"simultanni-tlumoceni","status":"publish","type":"page","link":"https:\/\/www.presto.cz\/cz\/simultanni-tlumoceni","title":{"rendered":"Simult\u00e1nn\u00ed tlumo\u010den\u00ed"},"content":{"rendered":"\n<p class=\"h--3 margin-bottom--m\">Dokonal\u00e9 porozum\u011bn\u00ed v&nbsp;re\u00e1ln\u00e9m \u010dase.<\/p>\n\n\n\n<p>Simult\u00e1nn\u00ed tlumo\u010den\u00ed, n\u011bkdy laicky ozna\u010dovan\u00e9 tak\u00e9 jako \u201esimult\u00e1nn\u00ed p\u0159eklad\u201c, zajist\u00ed, \u017ee v\u0161ichni poslucha\u010di budou v&nbsp;re\u00e1ln\u00e9m \u010dase rozum\u011bt prezentaci a&nbsp;projevu, i&nbsp;kdy\u017e neovl\u00e1daj\u00ed jazyk \u0159e\u010dn\u00edka. Nab\u00edz\u00edme naprostou spolehlivost a\u00a0p\u0159ipravenost na akce. Pracujeme s\u00a0nejlep\u0161\u00edmi tlumo\u010dn\u00edky, kte\u0159\u00ed jsou v\u017edy perfektn\u011b p\u0159ipraveni. Maj\u00ed nastudovanou pat\u0159i\u010dnou terminologii a\u00a0v\u0161echny podkladov\u00e9 materi\u00e1ly, kter\u00e9 klient poskytne.<\/p>\n\n\n\n<p><\/p>\n","protected":false},"excerpt":{"rendered":"<p>Dokonal\u00e9 porozum\u011bn\u00ed v&nbsp;re\u00e1ln\u00e9m \u010dase. Simult\u00e1nn\u00ed tlumo\u010den\u00ed, n\u011bkdy laicky ozna\u010dovan\u00e9 tak\u00e9 jako \u201esimult\u00e1nn\u00ed p\u0159eklad\u201c, zajist\u00ed, \u017ee v\u0161ichni poslucha\u010di budou v&nbsp;re\u00e1ln\u00e9m \u010dase rozum\u011bt prezentaci a&nbsp;projevu, i&nbsp;kdy\u017e neovl\u00e1daj\u00ed jazyk \u0159e\u010dn\u00edka. Nab\u00edz\u00edme naprostou spolehlivost a\u00a0p\u0159ipravenost na akce. Pracujeme s\u00a0nejlep\u0161\u00edmi tlumo\u010dn\u00edky, kte\u0159\u00ed jsou v\u017edy perfektn\u011b p\u0159ipraveni. Maj\u00ed nastudovanou pat\u0159i\u010dnou terminologii a\u00a0v\u0161echny podkladov\u00e9 materi\u00e1ly, kter\u00e9 klient poskytne.<\/p>\n","protected":false},"author":1,"featured_media":1941,"parent":0,"menu_order":0,"comment_status":"closed","ping_status":"closed","template":"","meta":{"footnotes":""},"prekladany-jazyk":[],"class_list":["post-1926","page","type-page","status-publish","has-post-thumbnail","hentry"],"meta_box":{"group_mini__faq":[],"vlajka_jazyka":false,"nadpis_1_sekce":"","odstavec_1_sekce_1_stpec":"","mininadpis_sekce_2":"","nadpis_2_sekce":"","odstavec_2_sekce_2_stpec":"","odstavec_2_sekce_1_stpec":"","nadpis_3_sekce":"","odstavec_3_sekce":"","odrazky_sekce_3_1_ministpec":"","odrazky_sekce_3_2_ministpec":"","mininadpis_sekce_4":"","nadpis_sekce_4":"","nadpis_1_minisekce":"","odstavec_1_minisekce":"","nadpis_2_minisekce":"","odstavec_2_minisekce":"","nadpis_3_minisekce":"","odstavec_3_minisekce":"","mininadpis_sekce_zajimavost":"","nadpis_sekce_zajimavost":"","odstavec_sekce_zajimavost":"","obrazek_zajimavost":false,"nadpis_red_cta":"Zaj\u00edm\u00e1 v\u00e1s cena simult\u00e1nn\u00edho tlumo\u010den\u00ed?","odstavec_red_cta":"M\u00e1te-li z\u00e1jem o nez\u00e1vaznou kalkulaci simult\u00e1nn\u00edho tlumo\u010den\u00ed \/ simult\u00e1nn\u00edho p\u0159ekladu na va\u0161\u00ed akci, vypl\u0148te pros\u00edm formul\u00e1\u0159 n\u00ed\u017ee. Odpov\u011b\u010f od na\u0161ich specialist\u016f dostanete na v\u00e1\u0161 e-mail do 15 minut.\r\n","primary_button_text":"Nez\u00e1vazn\u00e1 kalkulace","primary_button_odkaz":551,"secondary_button_text":"Spojit se specialistou","secondary_button_odkaz":482},"_links":{"self":[{"href":"https:\/\/www.presto.cz\/cz\/wp-json\/wp\/v2\/pages\/1926","targetHints":{"allow":["GET"]}}],"collection":[{"href":"https:\/\/www.presto.cz\/cz\/wp-json\/wp\/v2\/pages"}],"about":[{"href":"https:\/\/www.presto.cz\/cz\/wp-json\/wp\/v2\/types\/page"}],"author":[{"embeddable":true,"href":"https:\/\/www.presto.cz\/cz\/wp-json\/wp\/v2\/users\/1"}],"replies":[{"embeddable":true,"href":"https:\/\/www.presto.cz\/cz\/wp-json\/wp\/v2\/comments?post=1926"}],"version-history":[{"count":11,"href":"https:\/\/www.presto.cz\/cz\/wp-json\/wp\/v2\/pages\/1926\/revisions"}],"predecessor-version":[{"id":9185,"href":"https:\/\/www.presto.cz\/cz\/wp-json\/wp\/v2\/pages\/1926\/revisions\/9185"}],"wp:featuredmedia":[{"embeddable":true,"href":"https:\/\/www.presto.cz\/cz\/wp-json\/wp\/v2\/media\/1941"}],"wp:attachment":[{"href":"https:\/\/www.presto.cz\/cz\/wp-json\/wp\/v2\/media?parent=1926"}],"wp:term":[{"taxonomy":"prekladany-jazyk","embeddable":true,"href":"https:\/\/www.presto.cz\/cz\/wp-json\/wp\/v2\/prekladany-jazyk?post=1926"}],"curies":[{"name":"wp","href":"https:\/\/api.w.org\/{rel}","templated":true}]}}