{"id":1860,"date":"2025-03-04T16:31:18","date_gmt":"2025-03-04T15:31:18","guid":{"rendered":"https:\/\/presto.digiamo.cz\/presto\/?page_id=1860"},"modified":"2025-11-28T10:19:23","modified_gmt":"2025-11-28T09:19:23","slug":"soudni-tlumoceni","status":"publish","type":"page","link":"https:\/\/www.presto.cz\/cz\/soudni-tlumoceni","title":{"rendered":"Soudn\u00ed tlumo\u010den\u00ed"},"content":{"rendered":"\n<p class=\"h--3 margin-bottom--m\">P\u0159esn\u00e1 a\u00a0spolehliv\u00e1 komunikace pro pr\u00e1vn\u00ed a\u00a0\u00fa\u0159edn\u00ed \u00fa\u010dely.<\/p>\n\n<p>Pot\u0159ebujete soudn\u00edho tlumo\u010dn\u00edka na svatbu, zkou\u0161ku v\u00a0auto\u0161kole nebo jedn\u00e1n\u00ed na \u00fa\u0159ad\u011b? V\u00a0PRESTO zajist\u00edme profesion\u00e1ln\u00ed soudn\u00ed tlumo\u010dn\u00edky na kl\u00ed\u010d v\u010detn\u011b v\u0161ech form\u00e1ln\u00edch n\u00e1le\u017eitost\u00ed.<\/p>\n\n<p><\/p>\n","protected":false},"excerpt":{"rendered":"<p>P\u0159esn\u00e1 a\u00a0spolehliv\u00e1 komunikace pro pr\u00e1vn\u00ed a\u00a0\u00fa\u0159edn\u00ed \u00fa\u010dely. Pot\u0159ebujete soudn\u00edho tlumo\u010dn\u00edka na svatbu, zkou\u0161ku v\u00a0auto\u0161kole nebo jedn\u00e1n\u00ed na \u00fa\u0159ad\u011b? V\u00a0PRESTO zajist\u00edme profesion\u00e1ln\u00ed soudn\u00ed tlumo\u010dn\u00edky na kl\u00ed\u010d v\u010detn\u011b v\u0161ech form\u00e1ln\u00edch n\u00e1le\u017eitost\u00ed.<\/p>\n","protected":false},"author":1,"featured_media":1925,"parent":0,"menu_order":0,"comment_status":"closed","ping_status":"closed","template":"","meta":{"footnotes":""},"prekladany-jazyk":[],"class_list":["post-1860","page","type-page","status-publish","has-post-thumbnail","hentry"],"meta_box":{"group_mini__faq":[],"vlajka_jazyka":false,"nadpis_1_sekce":"","odstavec_1_sekce_1_stpec":"","mininadpis_sekce_2":"","nadpis_2_sekce":"","odstavec_2_sekce_2_stpec":"","odstavec_2_sekce_1_stpec":"","nadpis_3_sekce":"","odstavec_3_sekce":"","odrazky_sekce_3_1_ministpec":"","odrazky_sekce_3_2_ministpec":"","mininadpis_sekce_4":"","nadpis_sekce_4":"","nadpis_1_minisekce":"","odstavec_1_minisekce":"","nadpis_2_minisekce":"","odstavec_2_minisekce":"","nadpis_3_minisekce":"","odstavec_3_minisekce":"","mininadpis_sekce_zajimavost":"","nadpis_sekce_zajimavost":"","odstavec_sekce_zajimavost":"","obrazek_zajimavost":false,"nadpis_red_cta":"Chcete v\u011bd\u011bt v\u00edce o\u00a0na\u0161ich tlumo\u010dnick\u00fdch slu\u017eb\u00e1ch nebo si objednat soudn\u00edho tlumo\u010dn\u00edka?","odstavec_red_cta":"Spojte se s\u00a0n\u00e1mi.","primary_button_text":"Nez\u00e1vazn\u00e1 kalkulace","primary_button_odkaz":551,"secondary_button_text":"Spojit se specialistou","secondary_button_odkaz":482},"_links":{"self":[{"href":"https:\/\/www.presto.cz\/cz\/wp-json\/wp\/v2\/pages\/1860","targetHints":{"allow":["GET"]}}],"collection":[{"href":"https:\/\/www.presto.cz\/cz\/wp-json\/wp\/v2\/pages"}],"about":[{"href":"https:\/\/www.presto.cz\/cz\/wp-json\/wp\/v2\/types\/page"}],"author":[{"embeddable":true,"href":"https:\/\/www.presto.cz\/cz\/wp-json\/wp\/v2\/users\/1"}],"replies":[{"embeddable":true,"href":"https:\/\/www.presto.cz\/cz\/wp-json\/wp\/v2\/comments?post=1860"}],"version-history":[{"count":11,"href":"https:\/\/www.presto.cz\/cz\/wp-json\/wp\/v2\/pages\/1860\/revisions"}],"predecessor-version":[{"id":9160,"href":"https:\/\/www.presto.cz\/cz\/wp-json\/wp\/v2\/pages\/1860\/revisions\/9160"}],"wp:featuredmedia":[{"embeddable":true,"href":"https:\/\/www.presto.cz\/cz\/wp-json\/wp\/v2\/media\/1925"}],"wp:attachment":[{"href":"https:\/\/www.presto.cz\/cz\/wp-json\/wp\/v2\/media?parent=1860"}],"wp:term":[{"taxonomy":"prekladany-jazyk","embeddable":true,"href":"https:\/\/www.presto.cz\/cz\/wp-json\/wp\/v2\/prekladany-jazyk?post=1860"}],"curies":[{"name":"wp","href":"https:\/\/api.w.org\/{rel}","templated":true}]}}