{"id":1823,"date":"2025-03-04T13:37:36","date_gmt":"2025-03-04T12:37:36","guid":{"rendered":"https:\/\/presto.digiamo.cz\/presto\/?page_id=1823"},"modified":"2025-10-15T11:17:35","modified_gmt":"2025-10-15T09:17:35","slug":"expresni-preklady","status":"publish","type":"page","link":"https:\/\/www.presto.cz\/cz\/expresni-preklady","title":{"rendered":"Expresn\u00ed p\u0159eklady"},"content":{"rendered":"\n<p class=\"h--3 margin-bottom--m\">Rychl\u00e9 a&nbsp;p\u0159esn\u00e9 p\u0159eklady v&nbsp;kr\u00e1tk\u00e9m \u010dase.<\/p>\n\n<p>Rychl\u00e9 vyhotoven\u00ed p\u0159ekladu bez kompromis\u016f na kvalit\u011b. K&nbsp;dispozici 24\/7 pro pr\u00e1vn\u00ed, obchodn\u00ed i&nbsp;osobn\u00ed dokumenty.<\/p>\n","protected":false},"excerpt":{"rendered":"<p>Rychl\u00e9 a&nbsp;p\u0159esn\u00e9 p\u0159eklady v&nbsp;kr\u00e1tk\u00e9m \u010dase. Rychl\u00e9 vyhotoven\u00ed p\u0159ekladu bez kompromis\u016f na kvalit\u011b. K&nbsp;dispozici 24\/7 pro pr\u00e1vn\u00ed, obchodn\u00ed i&nbsp;osobn\u00ed dokumenty.<\/p>\n","protected":false},"author":1,"featured_media":2835,"parent":0,"menu_order":0,"comment_status":"closed","ping_status":"closed","template":"","meta":{"footnotes":""},"prekladany-jazyk":[],"class_list":["post-1823","page","type-page","status-publish","has-post-thumbnail","hentry"],"meta_box":{"group_mini__faq":[],"vlajka_jazyka":false,"nadpis_1_sekce":"","odstavec_1_sekce_1_stpec":"","mininadpis_sekce_2":"","nadpis_2_sekce":"","odstavec_2_sekce_2_stpec":"","odstavec_2_sekce_1_stpec":"","nadpis_3_sekce":"","odstavec_3_sekce":"","odrazky_sekce_3_1_ministpec":"","odrazky_sekce_3_2_ministpec":"","mininadpis_sekce_4":"","nadpis_sekce_4":"","nadpis_1_minisekce":"","odstavec_1_minisekce":"","nadpis_2_minisekce":"","odstavec_2_minisekce":"","nadpis_3_minisekce":"","odstavec_3_minisekce":"","mininadpis_sekce_zajimavost":"","nadpis_sekce_zajimavost":"","odstavec_sekce_zajimavost":"","obrazek_zajimavost":false,"nadpis_red_cta":"Pot\u0159ebujete expresn\u00ed p\u0159eklad?","odstavec_red_cta":"Kontaktujte n\u00e1s a z\u00edskejte kvalitn\u00ed p\u0159eklad do n\u011bkolika hodin.","primary_button_text":"Nez\u00e1vazn\u00e1 kalkulace","primary_button_odkaz":551,"secondary_button_text":"Spojit se specialistou","secondary_button_odkaz":482},"_links":{"self":[{"href":"https:\/\/www.presto.cz\/cz\/wp-json\/wp\/v2\/pages\/1823","targetHints":{"allow":["GET"]}}],"collection":[{"href":"https:\/\/www.presto.cz\/cz\/wp-json\/wp\/v2\/pages"}],"about":[{"href":"https:\/\/www.presto.cz\/cz\/wp-json\/wp\/v2\/types\/page"}],"author":[{"embeddable":true,"href":"https:\/\/www.presto.cz\/cz\/wp-json\/wp\/v2\/users\/1"}],"replies":[{"embeddable":true,"href":"https:\/\/www.presto.cz\/cz\/wp-json\/wp\/v2\/comments?post=1823"}],"version-history":[{"count":25,"href":"https:\/\/www.presto.cz\/cz\/wp-json\/wp\/v2\/pages\/1823\/revisions"}],"predecessor-version":[{"id":9076,"href":"https:\/\/www.presto.cz\/cz\/wp-json\/wp\/v2\/pages\/1823\/revisions\/9076"}],"wp:featuredmedia":[{"embeddable":true,"href":"https:\/\/www.presto.cz\/cz\/wp-json\/wp\/v2\/media\/2835"}],"wp:attachment":[{"href":"https:\/\/www.presto.cz\/cz\/wp-json\/wp\/v2\/media?parent=1823"}],"wp:term":[{"taxonomy":"prekladany-jazyk","embeddable":true,"href":"https:\/\/www.presto.cz\/cz\/wp-json\/wp\/v2\/prekladany-jazyk?post=1823"}],"curies":[{"name":"wp","href":"https:\/\/api.w.org\/{rel}","templated":true}]}}