{"id":1806,"date":"2025-03-03T17:00:41","date_gmt":"2025-03-03T16:00:41","guid":{"rendered":"https:\/\/presto.digiamo.cz\/presto\/?page_id=1806"},"modified":"2026-03-02T11:58:23","modified_gmt":"2026-03-02T10:58:23","slug":"preklady-turectiny","status":"publish","type":"page","link":"https:\/\/www.presto.cz\/cz\/preklady-turectiny","title":{"rendered":"P\u0159eklady ture\u010dtiny"},"content":{"rendered":"\n<p class=\"h--3 margin-bottom--m\">P\u0159esn\u011b, rychle a\u00a0s\u00a0d\u016frazem na kvalitu.<\/p>\n\n<p>Nab\u00edz\u00edme p\u0159eklady do ture\u010dtiny a\u00a0z\u00a0ture\u010dtiny s\u00a0vyu\u017eit\u00edm pokro\u010dil\u00fdch technologi\u00ed a\u00a0\u0161pi\u010dkov\u00fdch odborn\u00edk\u016f.<\/p>\n\n<p><\/p>\n","protected":false},"excerpt":{"rendered":"<p>P\u0159esn\u011b, rychle a\u00a0s\u00a0d\u016frazem na kvalitu. Nab\u00edz\u00edme p\u0159eklady do ture\u010dtiny a\u00a0z\u00a0ture\u010dtiny s\u00a0vyu\u017eit\u00edm pokro\u010dil\u00fdch technologi\u00ed a\u00a0\u0161pi\u010dkov\u00fdch odborn\u00edk\u016f.<\/p>\n","protected":false},"author":2,"featured_media":1580,"parent":0,"menu_order":0,"comment_status":"closed","ping_status":"closed","template":"","meta":{"footnotes":""},"prekladany-jazyk":[20],"class_list":["post-1806","page","type-page","status-publish","has-post-thumbnail","hentry","prekladany-jazyk-ano"],"meta_box":{"group_mini__faq":[{"dotaz_minifaq":"Kolik stoj\u00ed p\u0159eklad jedn\u00e9 strany do ture\u010dtiny?","odpoved_minifaq":"<p>Cena p\u0159ekladu do ture\u010dtiny se odv\u00edj\u00ed od <strong>rozsahu textu, odbornosti, po\u017eadovan\u00e9ho term\u00ednu a v\u00fdchoz\u00edho jazyka<\/strong> (\u010dasto \u010de\u0161tina, angli\u010dtina nebo n\u011bm\u010dina).<br \/>Standardn\u011b \u00fa\u010dtujeme podle po\u010dtu <strong>normostran hotov\u00e9ho p\u0159ekladu<\/strong> \u2013 1 normostrana = 1 800 znak\u016f tureck\u00e9ho textu v\u010detn\u011b mezer. U n\u011bkter\u00fdch zak\u00e1zek m\u016f\u017eeme cenu nastavit i podle <strong>po\u010dtu slov nebo znak\u016f zdrojov\u00e9ho textu<\/strong>; konkr\u00e9tn\u00ed zp\u016fsob \u00fa\u010dtov\u00e1n\u00ed v\u017edy up\u0159esn\u00edme v nez\u00e1vazn\u00e9 kalkulaci.<br \/>Nejp\u0159esn\u011bj\u0161\u00ed cenu p\u0159ekladu do ture\u010dtiny v\u00e1m sd\u011bl\u00edme po zasl\u00e1n\u00ed souboru \u2013 obratem p\u0159iprav\u00edme cenovou nab\u00eddku a term\u00edn.<\/p>"},{"dotaz_minifaq":"Jak rychle zvl\u00e1dnete p\u0159eklad do ture\u010dtiny?","odpoved_minifaq":"<p>U krat\u0161\u00edch a m\u00e9n\u011b odborn\u00fdch text\u016f do ture\u010dtiny se obvykle vejdeme do <strong>1\u20132 pracovn\u00edch dn\u016f<\/strong>. U rozs\u00e1hlej\u0161\u00edch dokument\u016f, web\u016f nebo technick\u00e9 dokumentace z\u00e1le\u017e\u00ed na po\u010dtu normostran, odbornosti a po\u017eadovan\u00e9m term\u00ednu.<br \/>Jakmile od v\u00e1s dostaneme podklady, navrhneme <strong>konkr\u00e9tn\u00ed re\u00e1ln\u00fd term\u00edn dod\u00e1n\u00ed<\/strong>, p\u0159\u00edpadn\u011b i v\u00edce variant podle rychlosti.<\/p>"},{"dotaz_minifaq":"Nab\u00edz\u00edte expresn\u00ed p\u0159eklad do ture\u010dtiny?","odpoved_minifaq":"<p>Ano, dok\u00e1\u017eeme zajistit i <strong>expresn\u00ed p\u0159eklady do ture\u010dtiny<\/strong>, pokud to charakter textu a kapacita p\u0159ekladatel\u016f dovol\u00ed \u2013 nap\u0159\u00edklad b\u011bhem jednoho dne, p\u0159es noc nebo o v\u00edkendu.<br \/>U expresn\u00edch p\u0159eklad\u016f se po\u010d\u00edt\u00e1 s p\u0159\u00edplatkem za urgentn\u00ed zpracov\u00e1n\u00ed, ale jeho v\u00fd\u0161i v\u017edy <strong>p\u0159edem uvedeme v kalkulaci<\/strong>, tak\u017ee m\u00e1te n\u00e1klady pod kontrolou.<\/p>"},{"dotaz_minifaq":"Jak zaji\u0161\u0165ujete kvalitu p\u0159eklad\u016f do ture\u010dtiny?","odpoved_minifaq":"<p>P\u0159eklady do ture\u010dtiny sv\u011b\u0159ujeme <strong>ov\u011b\u0159en\u00fdm p\u0159ekladatel\u016fm se znalost\u00ed tureck\u00e9ho trhu<\/strong> a dan\u00e9ho oboru (pr\u00e1vo, technika, automotive, stavebnictv\u00ed, cestovn\u00ed ruch, marketing).<br \/>Kvalitu d\u00e1le podporujeme pomoc\u00ed <strong>CAT n\u00e1stroj\u016f a kontrol (QA)<\/strong>, kter\u00e9 hl\u00eddaj\u00ed konzistenci terminologie, \u010d\u00edsla, form\u00e1t a drobn\u00e9 chyby. U text\u016f pro ve\u0159ejnost (web, katalog, prezentace, kampan\u011b) zapojujeme \u010dasto <strong>korekturu druh\u00fdm lingvistou<\/strong>, p\u0159\u00edpadn\u011b rodil\u00fdm mluv\u010d\u00edm ture\u010dtiny.<\/p>"},{"dotaz_minifaq":"P\u0159ekl\u00e1d\u00e1te i pr\u00e1vn\u00ed a technick\u00e9 texty do ture\u010dtiny?","odpoved_minifaq":"<p>Ano, zaji\u0161\u0165ujeme <strong>pr\u00e1vn\u00ed, technick\u00e9 i obchodn\u00ed p\u0159eklady do ture\u010dtiny<\/strong> \u2013 nap\u0159\u00edklad smlouvy, not\u00e1\u0159sk\u00e9 a soudn\u00ed dokumenty, technick\u00e9 manu\u00e1ly, dokumentaci stroj\u016f, bezpe\u010dnostn\u00ed listy, intern\u00ed sm\u011brnice nebo podklady pro tendry v Turecku.<br \/>Na tyto projekty vyb\u00edr\u00e1me p\u0159ekladatele se <strong>specializac\u00ed na dan\u00fd obor<\/strong>, aby tureck\u00fd text sed\u011bl jak po str\u00e1nce jazykov\u00e9, tak odborn\u00e9.<\/p>"},{"dotaz_minifaq":"Jak\u00fd je rozd\u00edl mezi b\u011b\u017en\u00fdm a odborn\u00fdm p\u0159ekladem do ture\u010dtiny?","odpoved_minifaq":"<p>B\u011b\u017en\u00fd p\u0159eklad do ture\u010dtiny se hod\u00ed pro texty bez slo\u017eit\u00e9 terminologie \u2013 intern\u00ed komunikaci, z\u00e1kladn\u00ed webov\u00e9 texty, informa\u010dn\u00ed let\u00e1ky.<br \/>Odborn\u00fd p\u0159eklad pou\u017e\u00edv\u00e1me u text\u016f s <strong>n\u00e1ro\u010dnou pr\u00e1vn\u00ed, technickou, medic\u00ednskou nebo finan\u010dn\u00ed terminologi\u00ed<\/strong>, kde je d\u016fle\u017eit\u00e1 p\u0159esnost formulac\u00ed a jednozna\u010dnost. U odborn\u00fdch p\u0159eklad\u016f do ture\u010dtiny v\u017edy pracuje specialista a \u010dasto p\u0159id\u00e1v\u00e1me i druhou kontrolu.<\/p>"},{"dotaz_minifaq":"P\u0159ekl\u00e1daj\u00ed v\u00e1m texty do ture\u010dtiny rodil\u00ed mluv\u010d\u00ed?","odpoved_minifaq":"<p>Ano, p\u0159i p\u0159ekladu do ture\u010dtiny spolupracujeme s <strong>rodil\u00fdmi mluv\u010d\u00edmi i zku\u0161en\u00fdmi p\u0159ekladateli<\/strong>, kte\u0159\u00ed maj\u00ed dlouholetou praxi v ture\u010dtin\u011b.<br \/>U web\u016f, marketingov\u00fdch text\u016f, propaga\u010dn\u00edch materi\u00e1l\u016f a dal\u0161\u00edch viditeln\u00fdch text\u016f doporu\u010dujeme fin\u00e1ln\u00ed <strong>korekturu rodil\u00fdm mluv\u010d\u00edm<\/strong>, aby text zn\u011bl p\u0159irozen\u011b a p\u0159esv\u011bd\u010div\u011b pro tureck\u00e9 publikum.<\/p>"},{"dotaz_minifaq":"P\u0159izp\u016fsob\u00edte p\u0159eklad do ture\u010dtiny tureck\u00e9mu trhu a kultu\u0159e?","odpoved_minifaq":"<p>Ano, p\u0159eklady do ture\u010dtiny v\u017edy p\u0159izp\u016fsobujeme <strong>konkr\u00e9tn\u00edmu trhu, regionu a c\u00edlov\u00e9 skupin\u011b<\/strong>. Jinak budeme pracovat s jazykem pro tureck\u00fd \u00fa\u0159ad, jinak pro B2B komunikaci v pr\u016fmyslu a jinak pro e-shop zam\u011b\u0159en\u00fd na tureck\u00e9 z\u00e1kazn\u00edky.<br \/>V r\u00e1mci lokalizace zohled\u0148ujeme <strong>kulturn\u00ed specifika, styl osloven\u00ed i typick\u00e9 formulace<\/strong>, aby tur\u00adeck\u00fd text nep\u016fsobil jako doslovn\u00fd p\u0159eklad z \u010de\u0161tiny.<\/p>"},{"dotaz_minifaq":"P\u0159ekl\u00e1d\u00e1te i webov\u00e9 str\u00e1nky, e-shopy a software do ture\u010dtiny?","odpoved_minifaq":"<p>Ano, zaji\u0161\u0165ujeme <strong>lokalizaci web\u016f, e-shop\u016f, port\u00e1l\u016f a softwaru do ture\u010dtiny<\/strong>. Um\u00edme pracovat s exporty z CMS a e-shopov\u00fdch platforem i s technick\u00fdmi form\u00e1ty (nap\u0159. XML, JSON).<br \/>Sou\u010d\u00e1st\u00ed m\u016f\u017ee b\u00fdt i <strong>\u00faprava tureck\u00fdch text\u016f pro vyhled\u00e1va\u010de (SEO)<\/strong> a p\u0159eklad titulk\u016f, vide\u00ed nebo u\u017eivatelsk\u00fdch rozhran\u00ed pro tureck\u00e9 u\u017eivatele.<\/p>"},{"dotaz_minifaq":"Zaji\u0161\u0165ujete soudn\u00ed (\u00fa\u0159edn\u00ed) p\u0159eklady do ture\u010dtiny s raz\u00edtkem?","odpoved_minifaq":"<p>Ano, podle typu dokumentu m\u016f\u017eeme zajistit i <strong>soudn\u00ed (\u00fa\u0159edn\u00ed) p\u0159eklady do ture\u010dtiny a z ture\u010dtiny<\/strong> s kulat\u00fdm raz\u00edtkem soudn\u00edho tlumo\u010dn\u00edka. Tyto p\u0159eklady jsou pot\u0159eba nap\u0159\u00edklad pro \u00fa\u0159ady, soudy, \u0161koly, not\u00e1\u0159e nebo pracovn\u00ed a pobytov\u00e1 \u0159\u00edzen\u00ed.<br \/>Sta\u010d\u00ed n\u00e1m poslat sken dokumentu a napsat, pro jakou instituci je p\u0159eklad ur\u010den \u2013 porad\u00edme, zda je nutn\u00fd soudn\u00ed p\u0159eklad, nebo posta\u010d\u00ed p\u0159eklad b\u011b\u017en\u00fd.<\/p>"},{"dotaz_minifaq":"Zaji\u0161\u0165ujete i p\u0159eklady z ture\u010dtiny do jin\u00fdch jazyk\u016f ne\u017e jen do \u010de\u0161tiny?","odpoved_minifaq":"<p>Ano, p\u0159ekl\u00e1d\u00e1me <strong>z ture\u010dtiny nejen do \u010de\u0161tiny<\/strong>, ale i do <strong>angli\u010dtiny, n\u011bm\u010diny a dal\u0161\u00edch jazyk\u016f<\/strong> podle va\u0161ich pot\u0159eb.<br \/>U mezin\u00e1rodn\u00edch projekt\u016f dok\u00e1\u017eeme z jednoho tureck\u00e9ho origin\u00e1lu p\u0159ipravit <strong>v\u00edce jazykov\u00fdch verz\u00ed najednou<\/strong> a pohl\u00eddat, aby byly obsahov\u011b konzistentn\u00ed.<\/p>"},{"dotaz_minifaq":"Pou\u017e\u00edv\u00e1te p\u0159i p\u0159ekladech do ture\u010dtiny um\u011blou inteligenci nebo strojov\u00fd p\u0159eklad?","odpoved_minifaq":"<p>U n\u011bkter\u00fdch typ\u016f text\u016f (nap\u0159\u00edklad intern\u00ed materi\u00e1ly, opakuj\u00edc\u00ed se popisy) m\u016f\u017eeme vyu\u017e\u00edt <strong>strojov\u00fd p\u0159eklad a n\u00e1stroje s um\u011blou inteligenc\u00ed<\/strong>, ale v\u017edy pouze jako pomocn\u00fd krok. Fin\u00e1ln\u00ed podobu tureck\u00e9ho textu <strong>v\u017edy p\u0159ipravuje p\u0159ekladatel<\/strong>, kter\u00fd uprav\u00ed v\u00fdznam, terminologii i styl.<br \/>U pr\u00e1vn\u00edch, technick\u00fdch a marketingov\u00fdch text\u016f do ture\u010dtiny doporu\u010dujeme <strong>\u010dist\u011b lidsk\u00fd p\u0159eklad<\/strong>, proto\u017ee automatick\u00e9 n\u00e1stroje u takov\u00fdch text\u016f st\u00e1le nedosahuj\u00ed po\u017eadovan\u00e9 kvality.<\/p>"},{"dotaz_minifaq":"Pracujete u p\u0159eklad\u016f do ture\u010dtiny s p\u0159ekladov\u00fdmi pam\u011btmi a CAT n\u00e1stroji?","odpoved_minifaq":"<p>Ano, p\u0159i p\u0159ekladu do ture\u010dtiny pou\u017e\u00edv\u00e1me <strong>CAT n\u00e1stroje a p\u0159ekladov\u00e9 pam\u011bti<\/strong>, obzvl\u00e1\u0161\u0165 u technick\u00e9 dokumentace, n\u00e1vod\u016f, katalog\u016f a v\u00edcejazy\u010dn\u00fdch web\u016f. Umo\u017e\u0148uj\u00ed n\u00e1m znovu vyu\u017e\u00edt schv\u00e1len\u00e9 formulace a udr\u017eet terminologii jednotnou.<br \/>Pro st\u00e1l\u00e9 klienty vytv\u00e1\u0159\u00edme <strong>tureck\u00e9 terminologick\u00e9 glos\u00e1\u0159e<\/strong>, aby se kl\u00ed\u010dov\u00e9 pojmy a n\u00e1zvy produkt\u016f p\u0159ekl\u00e1daly v\u0161ude stejn\u011b.<\/p>"},{"dotaz_minifaq":"Jak je u p\u0159eklad\u016f do ture\u010dtiny zaji\u0161t\u011bn\u00e1 bezpe\u010dnost a d\u016fv\u011brnost dat?","odpoved_minifaq":"<p>Dokumenty pro p\u0159eklad do ture\u010dtiny zpracov\u00e1v\u00e1me v <strong>zabezpe\u010den\u00fdch intern\u00edch syst\u00e9mech<\/strong> a pou\u017e\u00edv\u00e1me pouze <strong>licencovan\u00fd software<\/strong>.<br \/>Texty <strong>nevkl\u00e1d\u00e1me do ve\u0159ejn\u00fdch online p\u0159eklada\u010d\u016f<\/strong>. P\u0159\u00edstup k soubor\u016fm m\u00e1 jen omezen\u00fd projektov\u00fd t\u00fdm a u citliv\u00fdch zak\u00e1zek b\u011b\u017en\u011b uzav\u00edr\u00e1me <strong>NDA a dal\u0161\u00ed dohody o ml\u010denlivosti<\/strong>.<\/p>"},{"dotaz_minifaq":"Jak m\u016f\u017eu objednat p\u0159eklad do ture\u010dtiny?","odpoved_minifaq":"<p>Text pro p\u0159eklad do ture\u010dtiny n\u00e1m m\u016f\u017eete poslat <strong>e-mailem nebo p\u0159es popt\u00e1vkov\u00fd formul\u00e1\u0159<\/strong> na na\u0161em webu. Uve\u010fte v\u00fdchoz\u00ed a c\u00edlov\u00fd jazyk, typ textu (smlouva, technick\u00e1 dokumentace, web, marketing, intern\u00ed materi\u00e1ly) a po\u017eadovan\u00fd term\u00edn.<br \/>Na z\u00e1klad\u011b toho p\u0159iprav\u00edme <strong>nez\u00e1vaznou cenovou nab\u00eddku<\/strong>. Po jej\u00edm schv\u00e1len\u00ed vybereme vhodn\u00e9ho p\u0159ekladatele, domluv\u00edme rozsah kontrol (korektura, revize, p\u0159\u00edpadn\u011b DTP) a hotov\u00fd tureck\u00fd p\u0159eklad v\u00e1m dod\u00e1me v domluven\u00e9m form\u00e1tu.<\/p>"}],"vlajka_jazyka":{"filesize":2863,"ID":"331","name":"tur-flag.svg","path":"\/www\/doc\/www.presto.cz\/www\/wp-content\/uploads\/2024\/11\/tur-flag.svg","url":"https:\/\/www.presto.cz\/wp-content\/uploads\/2024\/11\/tur-flag.svg","full_url":"https:\/\/www.presto.cz\/wp-content\/uploads\/2024\/11\/tur-flag.svg","title":"tur-flag","caption":"","description":"","alt":"Tureck\u00e1 vlajka","srcset":false,"width":false,"height":false},"nadpis_1_sekce":"M\u00e1me rozs\u00e1hl\u00e9 zku\u0161enosti s\u00a0p\u0159eklady do ture\u010dtiny i\u00a0z\u00a0ture\u010dtiny","odstavec_1_sekce_1_stpec":"<p>Nab\u00edz\u00edme profesion\u00e1ln\u00ed lidsk\u00e9 p\u0159eklady podporovan\u00e9 modern\u00edmi technologiemi i\u00a0strojov\u00e9 p\u0159eklady s\u00a0posteditac\u00ed.<\/p>\n<p>&nbsp;<\/p>\n<p>Spr\u00e1vnou stylistiku a\u00a0terminologii zaji\u0161\u0165uj\u00ed terminologick\u00e9 slovn\u00edky a\u00a0p\u0159ekladatelsk\u00e9 n\u00e1stroje, kter\u00e9 sleduj\u00ed jednotn\u00fd styl i\u00a0opakov\u00e1n\u00ed \u2013 co\u017e optimalizuje fin\u00e1ln\u00ed cenu p\u0159eklad\u016f.<\/p>\n<p>&nbsp;<\/p>\n<p>M\u00e1me bohat\u00e9 zku\u0161enosti s\u00a0pr\u00e1vn\u00edmi p\u0159eklady, ka\u017edoro\u010dn\u011b p\u0159elo\u017e\u00edme v\u00edce ne\u017e 60\u00a0000 normostran pr\u00e1vn\u00edch text\u016f.<\/p>\n","mininadpis_sekce_2":"Typy p\u0159eklad\u016f, kter\u00e9 zaji\u0161\u0165ujeme","nadpis_2_sekce":"Jak\u00e9 dokumenty nej\u010dast\u011bji p\u0159ekl\u00e1d\u00e1me z\u00a0ture\u010dtiny a\u00a0do ture\u010dtiny?","odstavec_2_sekce_2_stpec":"<p>P\u0159ekl\u00e1d\u00e1me \u0161irokou \u0161k\u00e1lu dokument\u016f, p\u0159edev\u0161\u00edm pro technick\u00e9, pr\u00e1vn\u00ed a\u00a0marketingov\u00e9 \u00fa\u010dely.<\/p>\n","odstavec_2_sekce_1_stpec":"<h4 style=\"color: initial\"><strong>Pr\u00e1vn\u00ed dokumenty<\/strong><\/h4>\n<ul>\n<li>P\u0159eklady smluv, z\u00e1kon\u016f, sm\u011brnic, vyhl\u00e1\u0161ek, \u017ealob, rozsudk\u016f, pr\u00e1vn\u00edch posudk\u016f a\u00a0firemn\u00edch p\u0159edpis\u016f.<\/li>\n<li>P\u0159eklady zakladatelsk\u00fdch listin, licen\u010dn\u00edch smluv, dokument\u016f ISO.<\/li>\n<li><a href=\"https:\/\/www.presto.cz\/odborne-preklady\/pravni-preklady\/\">Soudn\u00ed p\u0159eklady<\/a> (s\u00a0mo\u017enost\u00ed zaji\u0161t\u011bn\u00ed apostily nebo superlegalizace) pro ofici\u00e1ln\u00ed \u00fa\u010dely.<\/li>\n<\/ul>\n<h4 style=\"color: initial\"><b>Auditorsk\u00e9 a\u00a0bezpe\u010dnostn\u00ed dokumenty<\/b><\/h4>\n<p>P\u0159eklady auditorsk\u00fdch zpr\u00e1v, bezpe\u010dnostn\u00edch p\u0159edpis\u016f a\u00a0podklad\u016f pro v\u00fdb\u011brov\u00e1 \u0159\u00edzen\u00ed.<\/p>\n<h4 style=\"color: initial\"><b>Technick\u00e9 dokumentace<\/b><\/h4>\n<p>P\u0159eklady technick\u00fdch manu\u00e1l\u016f a\u00a0dal\u0161\u00edch specializovan\u00fdch dokument\u016f.<\/p>\n<h4 style=\"color: initial\"><b>Marketingov\u00e9 materi\u00e1ly<\/b><\/h4>\n<p>P\u0159eklady web\u016f, bro\u017eur, propaga\u010dn\u00edch kampan\u00ed a jin\u00fdch komunika\u010dn\u00edch text\u016f.\u00a0\u00a0<\/p>\n","nadpis_3_sekce":"Jak\u00e9 jazykov\u00e9 kombinace nab\u00edz\u00edme?","odstavec_3_sekce":"<p>P\u0159ekl\u00e1d\u00e1me dokumenty z\u00a0a\u00a0do ture\u010dtiny v\u00a0r\u016fzn\u00fdch jazykov\u00fdch kombinac\u00edch.<\/p>\n","odrazky_sekce_3_1_ministpec":"<ul>\n<li>Z\u00a0ture\u010dtiny do <strong>\u010de\u0161tiny<\/strong> a\u00a0naopak<\/li>\n<li>Z\u00a0ture\u010dtiny do <b>angli\u010dtiny <\/b>a\u00a0naopak<\/li>\n<li>Z\u00a0ture\u010dtiny do <strong>n\u011bm\u010diny<\/strong> a\u00a0naopak<\/li>\n<li>Z\u00a0ture\u010dtiny do <b>\u010d\u00edn\u0161tiny <\/b>a\u00a0naopak<\/li>\n<li>Z\u00a0ture\u010dtiny do <strong>\u0161pan\u011bl\u0161tiny<\/strong> a\u00a0naopak<\/li>\n<li>Z\u00a0ture\u010dtiny do <b>francouz\u0161tiny <\/b>a\u00a0naopak<\/li>\n<li>Z\u00a0ture\u010dtiny do <b>ital\u0161tiny <\/b>a\u00a0naopak<\/li>\n<\/ul>\n","odrazky_sekce_3_2_ministpec":"<ul>\n<li>Z\u00a0ture\u010dtiny do <strong>sloven\u0161tiny<\/strong> a\u00a0naopak<\/li>\n<li>Z\u00a0ture\u010dtiny do <strong>pol\u0161tiny<\/strong> a\u00a0naopak<\/li>\n<li>Z\u00a0ture\u010dtiny do <strong>ukrajin\u0161tiny<\/strong> a\u00a0naopak<\/li>\n<li>Z\u00a0ture\u010dtiny do <b>rumun\u0161tiny <\/b>a\u00a0naopak<\/li>\n<li>Z\u00a0ture\u010dtiny do <b>portugal\u0161tiny <\/b>a\u00a0naopak<\/li>\n<li>Z\u00a0ture\u010dtiny do <strong>ru\u0161tiny<\/strong> a\u00a0naopak<\/li>\n<li>a\u00a0mnoh\u00e9 dal\u0161\u00ed jazykov\u00e9 kombinace\u2026<\/li>\n<\/ul>\n","mininadpis_sekce_4":"V\u00edce o\u00a0p\u0159ekladech ture\u010dtiny","nadpis_sekce_4":"Jak zajist\u00edme kvalitu a\u00a0odbornost?","nadpis_1_minisekce":"Zajist\u00edme jednotnou terminologii","odstavec_1_minisekce":"<p><span style=\"font-weight: 400\">N\u00e1stroje pro podporu p\u0159ekladu, kter\u00e9 vyu\u017e\u00edv\u00e1me, detekuj\u00ed pou\u017eit\u00e9 term\u00edny v\u00a0origin\u00e1le a\u00a0upozorn\u00ed p\u0159i nejednotn\u00e9m p\u0159ekladu. Stejn\u00fd p\u0159eklad nap\u0159\u00ed\u010d dokumenty pak zajist\u00edme ulo\u017een\u00edm term\u00ednu do intern\u00edho slovn\u00edku.<\/span><\/p>\n","nadpis_2_minisekce":"Zrychlujeme proces p\u0159ekladu","odstavec_2_minisekce":"<p>Prvotn\u00ed p\u0159eklad nech\u00e1me vyhotovit pomoc\u00ed neuronov\u00e9ho strojov\u00e9ho p\u0159ekladu (NMT) a n\u00e1sledn\u011b na\u0161i odborn\u00edci prov\u00e1d\u00ed posteditaci. Jsme tak\u00e9 certifikovan\u00ed podle normy ISO\u00a018587.<\/p>\n","nadpis_3_minisekce":"M\u00e1me odborn\u00edky na technick\u00e9 a\u00a0pr\u00e1vn\u00ed p\u0159eklady","odstavec_3_minisekce":"<p><span style=\"font-weight: 400\">Na pr\u00e1vn\u00edch a technick\u00fdch p\u0159ekladech spolupracujeme s\u00a0p\u0159ekladateli-specialisty, kte\u0159\u00ed se orientuj\u00ed v\u00a0oborov\u00e9 terminologii a\u00a0pr\u00e1vn\u00edch norm\u00e1ch. Na\u0161e p\u0159eklady v\u017edy vyhotovuj\u00ed rodil\u00ed mluv\u010d\u00ed a\u00a0nav\u00edc spl\u0148uj\u00ed normy kvality dle certifikac\u00ed ISO\u00a017100 a\u00a0ISO\u00a09001.<\/span><\/p>\n","mininadpis_sekce_zajimavost":"Zaj\u00edmavost","nadpis_sekce_zajimavost":"\u0160irok\u00e9 roz\u0161\u00ed\u0159en\u00ed ture\u010dtiny","odstavec_sekce_zajimavost":"<p><span style=\"font-weight: 400\">Ture\u010dtinou hovo\u0159\u00ed t\u00e9m\u011b\u0159 sto milion\u016f osob a\u00a0jde tak o\u00a0jeden z\u00a0dvaceti nejpou\u017e\u00edvan\u011bj\u0161\u00edch sv\u011btov\u00fdch jazyk\u016f. Krom\u011b samotn\u00e9ho Turecka je po\u010detn\u00e1 diaspora jeho u\u017eivatel\u016f zejm\u00e9na v\u00a0jihov\u00fdchodn\u00ed Evrop\u011b a\u00a0je tak\u00e9 \u00fa\u0159edn\u00edm jazykem na Kypru. <\/span><\/p>\n<p>&nbsp;<\/p>\n","obrazek_zajimavost":{"width":150,"height":150,"file":"2025\/03\/pexels-syd-trgt-335495720-27645841-scaled.jpg","filesize":466223,"sizes":{"medium":{"file":"pexels-syd-trgt-335495720-27645841-200x300.jpg","width":200,"height":300,"mime-type":"image\/jpeg","filesize":15198,"url":"https:\/\/www.presto.cz\/wp-content\/uploads\/2025\/03\/pexels-syd-trgt-335495720-27645841-200x300.jpg"},"large":{"file":"pexels-syd-trgt-335495720-27645841-683x1024.jpg","width":683,"height":1024,"mime-type":"image\/jpeg","filesize":83557,"url":"https:\/\/www.presto.cz\/wp-content\/uploads\/2025\/03\/pexels-syd-trgt-335495720-27645841-683x1024.jpg"},"thumbnail":{"file":"pexels-syd-trgt-335495720-27645841-150x150.jpg","width":150,"height":150,"mime-type":"image\/jpeg","filesize":9079,"url":"https:\/\/www.presto.cz\/wp-content\/uploads\/2025\/03\/pexels-syd-trgt-335495720-27645841-150x150.jpg"},"medium_large":{"file":"pexels-syd-trgt-335495720-27645841-768x1152.jpg","width":768,"height":1152,"mime-type":"image\/jpeg","filesize":100824,"url":"https:\/\/www.presto.cz\/wp-content\/uploads\/2025\/03\/pexels-syd-trgt-335495720-27645841-768x1152.jpg"},"1536x1536":{"file":"pexels-syd-trgt-335495720-27645841-1024x1536.jpg","width":1024,"height":1536,"mime-type":"image\/jpeg","filesize":168173,"url":"https:\/\/www.presto.cz\/wp-content\/uploads\/2025\/03\/pexels-syd-trgt-335495720-27645841-1024x1536.jpg"},"2048x2048":{"file":"pexels-syd-trgt-335495720-27645841-1365x2048.jpg","width":1365,"height":2048,"mime-type":"image\/jpeg","filesize":294914,"url":"https:\/\/www.presto.cz\/wp-content\/uploads\/2025\/03\/pexels-syd-trgt-335495720-27645841-1365x2048.jpg"}},"image_meta":{"aperture":"0","credit":"","camera":"","caption":"","created_timestamp":"0","copyright":"","focal_length":"0","iso":"0","shutter_speed":"0","title":"","orientation":"0","keywords":[]},"original_image":"pexels-syd-trgt-335495720-27645841.jpg","ID":"1807","name":"pexels-syd-trgt-335495720-27645841-scaled.jpg","path":"\/www\/doc\/www.presto.cz\/www\/wp-content\/uploads\/2025\/03\/pexels-syd-trgt-335495720-27645841-scaled.jpg","url":"https:\/\/www.presto.cz\/wp-content\/uploads\/2025\/03\/pexels-syd-trgt-335495720-27645841-150x150.jpg","full_url":"https:\/\/www.presto.cz\/wp-content\/uploads\/2025\/03\/pexels-syd-trgt-335495720-27645841-scaled.jpg","title":"pexels-syd-trgt-335495720-27645841","caption":"","description":"","alt":"","srcset":false},"nadpis_red_cta":"Pot\u0159ebujete profesion\u00e1ln\u00ed p\u0159eklady ture\u010dtiny?","odstavec_red_cta":"Spojte se s\u00a0n\u00e1mi a\u00a0zjist\u011bte, jak v\u00e1m m\u016f\u017eeme pomoci s\u00a0p\u0159eklady \u010di lokalizac\u00ed.","primary_button_text":"Nez\u00e1vazn\u00e1 kalkulace","primary_button_odkaz":551,"secondary_button_text":"Zjistit v\u00edce","secondary_button_odkaz":482},"_links":{"self":[{"href":"https:\/\/www.presto.cz\/cz\/wp-json\/wp\/v2\/pages\/1806","targetHints":{"allow":["GET"]}}],"collection":[{"href":"https:\/\/www.presto.cz\/cz\/wp-json\/wp\/v2\/pages"}],"about":[{"href":"https:\/\/www.presto.cz\/cz\/wp-json\/wp\/v2\/types\/page"}],"author":[{"embeddable":true,"href":"https:\/\/www.presto.cz\/cz\/wp-json\/wp\/v2\/users\/2"}],"replies":[{"embeddable":true,"href":"https:\/\/www.presto.cz\/cz\/wp-json\/wp\/v2\/comments?post=1806"}],"version-history":[{"count":4,"href":"https:\/\/www.presto.cz\/cz\/wp-json\/wp\/v2\/pages\/1806\/revisions"}],"predecessor-version":[{"id":7771,"href":"https:\/\/www.presto.cz\/cz\/wp-json\/wp\/v2\/pages\/1806\/revisions\/7771"}],"wp:featuredmedia":[{"embeddable":true,"href":"https:\/\/www.presto.cz\/cz\/wp-json\/wp\/v2\/media\/1580"}],"wp:attachment":[{"href":"https:\/\/www.presto.cz\/cz\/wp-json\/wp\/v2\/media?parent=1806"}],"wp:term":[{"taxonomy":"prekladany-jazyk","embeddable":true,"href":"https:\/\/www.presto.cz\/cz\/wp-json\/wp\/v2\/prekladany-jazyk?post=1806"}],"curies":[{"name":"wp","href":"https:\/\/api.w.org\/{rel}","templated":true}]}}