{"id":1803,"date":"2025-03-03T16:50:11","date_gmt":"2025-03-03T15:50:11","guid":{"rendered":"https:\/\/presto.digiamo.cz\/presto\/?page_id=1803"},"modified":"2025-12-18T12:35:01","modified_gmt":"2025-12-18T11:35:01","slug":"preklady-svedstiny","status":"publish","type":"page","link":"https:\/\/www.presto.cz\/cz\/preklady-svedstiny","title":{"rendered":"P\u0159eklady \u0161v\u00e9d\u0161tiny"},"content":{"rendered":"\n<p class=\"h--3 margin-bottom--m\">P\u0159esn\u011b, rychle a\u00a0s\u00a0d\u016frazem na kvalitu.<\/p>\n\n<p>Nab\u00edz\u00edme p\u0159eklady do \u0161v\u00e9d\u0161tiny a\u00a0ze \u0161v\u00e9d\u0161tiny s\u00a0vyu\u017eit\u00edm pokro\u010dil\u00fdch technologi\u00ed a\u00a0\u0161pi\u010dkov\u00fdch odborn\u00edk\u016f.<\/p>\n\n<p><\/p>\n","protected":false},"excerpt":{"rendered":"<p>P\u0159esn\u011b, rychle a\u00a0s\u00a0d\u016frazem na kvalitu. Nab\u00edz\u00edme p\u0159eklady do \u0161v\u00e9d\u0161tiny a\u00a0ze \u0161v\u00e9d\u0161tiny s\u00a0vyu\u017eit\u00edm pokro\u010dil\u00fdch technologi\u00ed a\u00a0\u0161pi\u010dkov\u00fdch odborn\u00edk\u016f.<\/p>\n","protected":false},"author":2,"featured_media":1580,"parent":0,"menu_order":0,"comment_status":"closed","ping_status":"closed","template":"","meta":{"footnotes":""},"prekladany-jazyk":[20],"class_list":["post-1803","page","type-page","status-publish","has-post-thumbnail","hentry","prekladany-jazyk-ano"],"meta_box":{"group_mini__faq":[{"dotaz_minifaq":"Kolik stoj\u00ed p\u0159eklad jedn\u00e9 strany do \u0161v\u00e9d\u0161tiny?","odpoved_minifaq":"<p>Cena p\u0159ekladu do \u0161v\u00e9d\u0161tiny se odv\u00edj\u00ed od <strong data-start=\"289\" data-end=\"358\">rozsahu textu, jeho odbornosti, term\u00ednu dod\u00e1n\u00ed a v\u00fdchoz\u00edho jazyka<\/strong> (nej\u010dast\u011bji \u010de\u0161tina, angli\u010dtina nebo n\u011bm\u010dina).<br data-start=\"405\" data-end=\"408\" \/>Standardn\u011b \u00fa\u010dtujeme podle po\u010dtu <strong data-start=\"440\" data-end=\"472\">normostran hotov\u00e9ho p\u0159ekladu<\/strong> \u2013 jedna normostrana odpov\u00edd\u00e1 1 800 znak\u016fm \u0161v\u00e9dsk\u00e9ho textu v\u010detn\u011b mezer. U n\u011bkter\u00fdch typ\u016f zak\u00e1zek m\u016f\u017eeme cenu stanovit tak\u00e9 podle <strong data-start=\"602\" data-end=\"644\">po\u010dtu slov nebo znak\u016f zdrojov\u00e9ho textu<\/strong>; konkr\u00e9tn\u00ed model v\u017edy uvedeme v nez\u00e1vazn\u00e9 kalkulaci.<br data-start=\"697\" data-end=\"700\" \/>Nejp\u0159esn\u011bj\u0161\u00ed cenu za p\u0159eklad do \u0161v\u00e9d\u0161tiny v\u00e1m sd\u011bl\u00edme po zasl\u00e1n\u00ed souboru \u2013 obratem p\u0159iprav\u00edme cenovou nab\u00eddku i navr\u017een\u00fd term\u00edn.<\/p>"},{"dotaz_minifaq":"Jak rychle zvl\u00e1dnete p\u0159eklad do \u0161v\u00e9d\u0161tiny?","odpoved_minifaq":"<p>Kr\u00e1tk\u00e9 a m\u00e9n\u011b n\u00e1ro\u010dn\u00e9 texty do \u0161v\u00e9d\u0161tiny dod\u00e1v\u00e1me obvykle <strong data-start=\"945\" data-end=\"970\">do 1\u20132 pracovn\u00edch dn\u016f<\/strong>. U rozs\u00e1hlej\u0161\u00edch dokument\u016f, web\u016f nebo technick\u00e9 dokumentace z\u00e1le\u017e\u00ed na po\u010dtu normostran, oboru a po\u017eadovan\u00e9m term\u00ednu.<br data-start=\"1087\" data-end=\"1090\" \/>Jakmile od v\u00e1s dostaneme podklady, navrhneme <strong data-start=\"1135\" data-end=\"1162\">konkr\u00e9tn\u00ed term\u00edn dod\u00e1n\u00ed<\/strong> a p\u0159\u00edpadn\u011b i variantu standardn\u00edho a rychlej\u0161\u00edho zpracov\u00e1n\u00ed.<\/p>"},{"dotaz_minifaq":"Nab\u00edz\u00edte expresn\u00ed p\u0159eklad do \u0161v\u00e9d\u0161tiny?","odpoved_minifaq":"<p>Ano, podle kapacity p\u0159ekladatel\u016f a typu textu um\u00edme zajistit i <strong data-start=\"1342\" data-end=\"1375\">expresn\u00ed p\u0159eklad do \u0161v\u00e9d\u0161tiny<\/strong> \u2013 nap\u0159. do druh\u00e9ho dne, p\u0159es noc nebo b\u011bhem v\u00edkendu.<br data-start=\"1428\" data-end=\"1431\" \/>U expresn\u00edch p\u0159eklad\u016f se po\u010d\u00edt\u00e1 s p\u0159\u00edplatkem za urgentn\u00ed zpracov\u00e1n\u00ed, ale jeho v\u00fd\u0161i v\u017edy <strong data-start=\"1519\" data-end=\"1549\">p\u0159edem uvedeme v kalkulaci<\/strong>, tak\u017ee p\u0159esn\u011b v\u00edte, kolik zak\u00e1zka bude st\u00e1t.<\/p>"},{"dotaz_minifaq":"Jak zaji\u0161\u0165ujete kvalitu p\u0159eklad\u016f do \u0161v\u00e9d\u0161tiny?","odpoved_minifaq":"<p>P\u0159eklady do \u0161v\u00e9d\u0161tiny sv\u011b\u0159ujeme <strong data-start=\"1689\" data-end=\"1767\">prov\u011b\u0159en\u00fdm p\u0159ekladatel\u016fm se zku\u0161enost\u00ed s t\u00edmto jazykem a konkr\u00e9tn\u00edm oborem<\/strong> (pr\u00e1vo, technika, energetika, e-commerce, marketing\u2026).<br data-start=\"1822\" data-end=\"1825\" \/>Kvalitu d\u00e1le podporujeme pomoc\u00ed <strong data-start=\"1857\" data-end=\"1902\">CAT n\u00e1stroj\u016f a automatick\u00fdch kontrol (QA)<\/strong>, kter\u00e9 hl\u00eddaj\u00ed \u010d\u00edsla, form\u00e1t, terminologii a konzistenci. U text\u016f, kter\u00e9 m\u00ed\u0159\u00ed na \u0161v\u00e9dsk\u00e9 z\u00e1kazn\u00edky nebo partnery (web, katalog, prezentace), \u010dasto zapojujeme i <strong data-start=\"2063\" data-end=\"2094\">korekturu druh\u00fdm lingvistou<\/strong>.<\/p>"},{"dotaz_minifaq":"P\u0159ekl\u00e1d\u00e1te i pr\u00e1vn\u00ed a technick\u00e9 texty do \u0161v\u00e9d\u0161tiny?","odpoved_minifaq":"<p>Ano, zaji\u0161\u0165ujeme <strong data-start=\"2180\" data-end=\"2239\">pr\u00e1vn\u00ed, technick\u00e9 i dal\u0161\u00ed odborn\u00e9 p\u0159eklady do \u0161v\u00e9d\u0161tiny<\/strong>. Typicky jde o smlouvy, obchodn\u00ed podm\u00ednky, intern\u00ed p\u0159edpisy, technick\u00e9 manu\u00e1ly, bezpe\u010dnostn\u00ed listy, dokumentaci stroj\u016f nebo IT texty.<br data-start=\"2373\" data-end=\"2376\" \/>Na tyto projekty vyb\u00edr\u00e1me p\u0159ekladatele se <strong data-start=\"2418\" data-end=\"2448\">specializac\u00ed v dan\u00e9m oboru<\/strong>, aby byl \u0161v\u00e9dsk\u00fd p\u0159eklad terminologicky i v\u011bcn\u011b spr\u00e1vn\u00fd.<\/p>"},{"dotaz_minifaq":"Jak\u00fd je rozd\u00edl mezi b\u011b\u017en\u00fdm a odborn\u00fdm p\u0159ekladem do \u0161v\u00e9d\u0161tiny?","odpoved_minifaq":"<p>B\u011b\u017en\u00fd p\u0159eklad do \u0161v\u00e9d\u0161tiny je vhodn\u00fd pro texty bez slo\u017eit\u00e9 terminologie \u2013 obecn\u00e9 informace, intern\u00ed komunikace, z\u00e1kladn\u00ed webov\u00fd obsah.<br data-start=\"2717\" data-end=\"2720\" \/>Odborn\u00fd p\u0159eklad pou\u017e\u00edv\u00e1me tam, kde se pracuje s <strong data-start=\"2768\" data-end=\"2830\">p\u0159esn\u00fdmi pojmy a vy\u0161\u0161\u00ed pr\u00e1vn\u00ed nebo technickou odpov\u011bdnost\u00ed<\/strong> \u2013 u smluv, technick\u00e9 dokumentace, n\u00e1vod\u016f, medic\u00ednsk\u00fdch \u010di finan\u010dn\u00edch text\u016f. U odborn\u00fdch p\u0159eklad\u016f do \u0161v\u00e9d\u0161tiny zapojujeme specialisty a \u010dasto i druhou kontrolu.<\/p>"},{"dotaz_minifaq":"P\u0159ekl\u00e1daj\u00ed v\u00e1m texty do \u0161v\u00e9d\u0161tiny rodil\u00ed mluv\u010d\u00ed?","odpoved_minifaq":"<p data-start=\"2997\" data-end=\"3370\">Ano, p\u0159i p\u0159ekladu do \u0161v\u00e9d\u0161tiny spolupracujeme s <strong data-start=\"3103\" data-end=\"3149\">rodil\u00fdmi mluv\u010d\u00edmi i zku\u0161en\u00fdmi p\u0159ekladateli<\/strong>, kte\u0159\u00ed se \u0161v\u00e9d\u0161tin\u011b dlouhodob\u011b v\u011bnuj\u00ed.<br data-start=\"3188\" data-end=\"3191\" \/>U web\u016f, marketingov\u00fdch text\u016f, katalog\u016f a dal\u0161\u00edch ve\u0159ejn\u00fdch materi\u00e1l\u016f doporu\u010dujeme fin\u00e1ln\u00ed <strong data-start=\"3281\" data-end=\"3320\">jazykovou korekturu rodil\u00fdm mluv\u010d\u00edm<\/strong>, aby text p\u016fsobil pro \u0161v\u00e9dsk\u00e9 publikum p\u0159irozen\u011b.<\/p>"},{"dotaz_minifaq":"P\u0159izp\u016fsob\u00edte p\u0159eklad do \u0161v\u00e9d\u0161tiny \u0161v\u00e9dsk\u00e9mu trhu a c\u00edlov\u00e9 skupin\u011b?","odpoved_minifaq":"<p>Ano, p\u0159eklady do \u0161v\u00e9d\u0161tiny p\u0159izp\u016fsobujeme <strong data-start=\"3495\" data-end=\"3534\">konkr\u00e9tn\u00edm z\u00e1kazn\u00edk\u016fm i \u00fa\u010delu textu<\/strong>. Jinak formulujeme obsah pro st\u00e1tn\u00ed spr\u00e1vu, jinak pro B2B komunikaci a jinak pro e-shop nebo marketing.<br data-start=\"3638\" data-end=\"3641\" \/>V r\u00e1mci lokalizace \u0161v\u00e9dsk\u00fdch text\u016f zohled\u0148ujeme i <strong data-start=\"3691\" data-end=\"3731\">typickou komunikaci \u0161v\u00e9dsk\u00fdch zna\u010dek<\/strong> \u2013 d\u016fraz na srozumitelnost, rovn\u00fd t\u00f3n a otev\u0159enost.<\/p>"},{"dotaz_minifaq":"P\u0159ekl\u00e1d\u00e1te i webov\u00e9 str\u00e1nky, e-shopy a software do \u0161v\u00e9d\u0161tiny?","odpoved_minifaq":"<p>Ano, m\u00e1me zku\u0161enosti s <strong data-start=\"3883\" data-end=\"3945\">lokalizac\u00ed web\u016f, e-shop\u016f, aplikac\u00ed a softwaru do \u0161v\u00e9d\u0161tiny<\/strong>. Um\u00edme pracovat s exporty z redak\u010dn\u00edch a e-shopov\u00fdch syst\u00e9m\u016f i s technick\u00fdmi form\u00e1ty (nap\u0159. XML, JSON).<br data-start=\"4049\" data-end=\"4052\" \/>Sou\u010d\u00e1st\u00ed m\u016f\u017ee b\u00fdt tak\u00e9 <strong data-start=\"4075\" data-end=\"4116\">\u00faprava \u0161v\u00e9dsk\u00fdch text\u016f z hlediska SEO<\/strong>, p\u0159eklad titulk\u016f, vide\u00ed, u\u017eivatelsk\u00fdch rozhran\u00ed a n\u00e1pov\u011bd pro \u0161v\u00e9dsk\u00e9 u\u017eivatele.<\/p>"},{"dotaz_minifaq":"Zaji\u0161\u0165ujete soudn\u00ed (\u00fa\u0159edn\u00ed) p\u0159eklady do \u0161v\u00e9d\u0161tiny s raz\u00edtkem?","odpoved_minifaq":"<p>Ano, podle typu dokumentu zaji\u0161\u0165ujeme i <strong data-start=\"4316\" data-end=\"4372\">soudn\u00ed (\u00fa\u0159edn\u00ed) p\u0159eklady do \u0161v\u00e9d\u0161tiny a ze \u0161v\u00e9d\u0161tiny<\/strong> s kulat\u00fdm raz\u00edtkem soudn\u00edho tlumo\u010dn\u00edka. Tyto p\u0159eklady jsou pot\u0159eba nap\u0159. pro \u00fa\u0159ady, soudy, \u0161koly \u010di pracovn\u00ed a pobytov\u00e1 \u0159\u00edzen\u00ed.<br data-start=\"4500\" data-end=\"4503\" \/>Sta\u010d\u00ed n\u00e1m poslat sken dokumentu a napsat, pro jak\u00fd \u00fa\u010del p\u0159eklad pot\u0159ebujete \u2013 porad\u00edme, zda je nutn\u00fd soudn\u00ed p\u0159eklad, nebo posta\u010d\u00ed b\u011b\u017en\u00fd p\u0159eklad do \u0161v\u00e9d\u0161tiny.<\/p>"},{"dotaz_minifaq":"Zaji\u0161\u0165ujete i p\u0159eklady ze \u0161v\u00e9d\u0161tiny do jin\u00fdch jazyk\u016f ne\u017e jen do \u010de\u0161tiny?","odpoved_minifaq":"<p>Ano, p\u0159ekl\u00e1d\u00e1me <strong data-start=\"4766\" data-end=\"4799\">ze \u0161v\u00e9d\u0161tiny nejen do \u010de\u0161tiny<\/strong>, ale i do <strong data-start=\"4810\" data-end=\"4860\">angli\u010dtiny, n\u011bm\u010diny, pol\u0161tiny a dal\u0161\u00edch jazyk\u016f<\/strong>.<br data-start=\"4861\" data-end=\"4864\" \/>U v\u00edcejazy\u010dn\u00fdch projekt\u016f m\u016f\u017eeme z jednoho \u0161v\u00e9dsk\u00e9ho origin\u00e1lu p\u0159ipravit <strong data-start=\"4936\" data-end=\"4962\">v\u00edce jazykov\u00fdch mutac\u00ed<\/strong> a postarat se o to, aby byly vz\u00e1jemn\u011b obsahov\u011b slad\u011bn\u00e9.<\/p>"},{"dotaz_minifaq":"Pou\u017e\u00edv\u00e1te p\u0159i p\u0159ekladech do \u0161v\u00e9d\u0161tiny um\u011blou inteligenci nebo strojov\u00fd p\u0159eklad?","odpoved_minifaq":"<p>U n\u011bkter\u00fdch typ\u016f text\u016f (nap\u0159. intern\u00ed dokumenty, opakuj\u00edc\u00ed se popisy) m\u016f\u017eeme vyu\u017e\u00edt <strong data-start=\"5199\" data-end=\"5251\">strojov\u00fd p\u0159eklad a n\u00e1stroje s um\u011blou inteligenc\u00ed<\/strong>, ale v\u017edy pouze jako pomocn\u00fd krok. Fin\u00e1ln\u00ed \u0161v\u00e9dsk\u00fd text <strong data-start=\"5308\" data-end=\"5337\">v\u017edy zpracuje p\u0159ekladatel<\/strong>, kter\u00fd dolad\u00ed v\u00fdznam, terminologii i styl.<br data-start=\"5380\" data-end=\"5383\" \/>U pr\u00e1vn\u00edch, technick\u00fdch a marketingov\u00fdch text\u016f do \u0161v\u00e9d\u0161tiny preferujeme <strong data-start=\"5455\" data-end=\"5483\">v\u00fdhradn\u011b lidsk\u00e9 p\u0159eklady<\/strong>, kde jsou nuance a p\u0159esn\u00e1 formulace z\u00e1sadn\u00ed.<\/p>"},{"dotaz_minifaq":"Pracujete u p\u0159eklad\u016f do \u0161v\u00e9d\u0161tiny s p\u0159ekladov\u00fdmi pam\u011btmi a CAT n\u00e1stroji?","odpoved_minifaq":"<p>Ano, u \u0161v\u00e9d\u0161tiny b\u011b\u017en\u011b pou\u017e\u00edv\u00e1me <strong data-start=\"5651\" data-end=\"5687\">CAT n\u00e1stroje a p\u0159ekladov\u00e9 pam\u011bti<\/strong>, zejm\u00e9na u technick\u00e9 dokumentace, n\u00e1vod\u016f, katalog\u016f a web\u016f. To n\u00e1m umo\u017e\u0148uje znovu vyu\u017e\u00edt schv\u00e1len\u00e9 formulace a udr\u017eet konzistentn\u00ed terminologii.<br data-start=\"5831\" data-end=\"5834\" \/>Pro st\u00e1l\u00e9 klienty p\u0159ipravujeme <strong data-start=\"5865\" data-end=\"5899\">\u0161v\u00e9dsk\u00e9 terminologick\u00e9 glos\u00e1\u0159e<\/strong>, aby byly n\u00e1zvy produkt\u016f a kl\u00ed\u010dov\u00e9 pojmy stejn\u00e9 ve v\u0161ech \u0161v\u00e9dsk\u00fdch textech.<\/p>"},{"dotaz_minifaq":"Jak je u p\u0159eklad\u016f do \u0161v\u00e9d\u0161tiny zaji\u0161t\u011bn\u00e1 bezpe\u010dnost a d\u016fv\u011brnost dat?","odpoved_minifaq":"<p>Dokumenty pro p\u0159eklad do \u0161v\u00e9d\u0161tiny zpracov\u00e1v\u00e1me v <strong data-start=\"6111\" data-end=\"6148\">zabezpe\u010den\u00fdch intern\u00edch syst\u00e9mech<\/strong> a pou\u017e\u00edv\u00e1me jen <strong data-start=\"6165\" data-end=\"6189\">licencovan\u00fd software<\/strong>.<br data-start=\"6190\" data-end=\"6193\" \/>Texty <strong data-start=\"6199\" data-end=\"6244\">nevkl\u00e1d\u00e1me do ve\u0159ejn\u00fdch online p\u0159eklada\u010d\u016f<\/strong>. P\u0159\u00edstup k dokument\u016fm m\u00e1 pouze omezen\u00fd projektov\u00fd t\u00fdm a u citliv\u00fdch materi\u00e1l\u016f b\u011b\u017en\u011b uzav\u00edr\u00e1me <strong data-start=\"6339\" data-end=\"6376\">NDA a dal\u0161\u00ed dohody o ml\u010denlivosti.<\/strong><\/p>"},{"dotaz_minifaq":"Jak m\u016f\u017eu objednat p\u0159eklad do \u0161v\u00e9d\u0161tiny?","odpoved_minifaq":"<p>Text pro p\u0159eklad do \u0161v\u00e9d\u0161tiny n\u00e1m m\u016f\u017eete poslat <strong data-start=\"6482\" data-end=\"6524\">e-mailem nebo p\u0159es popt\u00e1vkov\u00fd formul\u00e1\u0159<\/strong> na na\u0161em webu. Uve\u010fte v\u00fdchoz\u00ed a c\u00edlov\u00fd jazyk, typ textu (nap\u0159. smlouva, manu\u00e1l, web, marketing) a po\u017eadovan\u00fd term\u00edn dod\u00e1n\u00ed.<br data-start=\"6648\" data-end=\"6651\" \/>Obratem v\u00e1m p\u0159iprav\u00edme <strong data-start=\"6674\" data-end=\"6704\">nez\u00e1vaznou cenovou nab\u00eddku<\/strong>. Po jej\u00edm schv\u00e1len\u00ed vybereme vhodn\u00e9ho p\u0159ekladatele, nastav\u00edme p\u0159\u00edpadnou korekturu \u010di revizi a hotov\u00fd \u0161v\u00e9dsk\u00fd p\u0159eklad v\u00e1m dod\u00e1me v domluven\u00e9m form\u00e1tu.<\/p>"}],"vlajka_jazyka":{"filesize":847,"ID":"329","name":"swe-flag.svg","path":"\/www\/doc\/www.presto.cz\/www\/wp-content\/uploads\/2024\/11\/swe-flag.svg","url":"https:\/\/www.presto.cz\/wp-content\/uploads\/2024\/11\/swe-flag.svg","full_url":"https:\/\/www.presto.cz\/wp-content\/uploads\/2024\/11\/swe-flag.svg","title":"swe-flag","caption":"","description":"","alt":"\u0160v\u00e9dska vlajka","srcset":false,"width":false,"height":false},"nadpis_1_sekce":"M\u00e1me rozs\u00e1hl\u00e9 zku\u0161enosti s\u00a0p\u0159eklady do \u0161v\u00e9d\u0161tiny i\u00a0ze \u0161v\u00e9d\u0161tiny","odstavec_1_sekce_1_stpec":"<p>Nab\u00edz\u00edme profesion\u00e1ln\u00ed lidsk\u00e9 p\u0159eklady podporovan\u00e9 modern\u00edmi technologiemi i\u00a0strojov\u00e9 p\u0159eklady s\u00a0posteditac\u00ed.<\/p>\n<p>&nbsp;<\/p>\n<p>Spr\u00e1vnou stylistiku a\u00a0terminologii zaji\u0161\u0165uj\u00ed terminologick\u00e9 slovn\u00edky a\u00a0p\u0159ekladatelsk\u00e9 n\u00e1stroje, kter\u00e9 sleduj\u00ed jednotn\u00fd styl i\u00a0opakov\u00e1n\u00ed \u2013 co\u017e optimalizuje fin\u00e1ln\u00ed cenu p\u0159eklad\u016f.<\/p>\n<p>&nbsp;<\/p>\n<p>M\u00e1me bohat\u00e9 zku\u0161enosti s\u00a0pr\u00e1vn\u00edmi p\u0159eklady, ka\u017edoro\u010dn\u011b p\u0159elo\u017e\u00edme v\u00edce ne\u017e 60\u00a0000 normostran pr\u00e1vn\u00edch text\u016f.<\/p>\n","mininadpis_sekce_2":"Typy p\u0159eklad\u016f, kter\u00e9 zaji\u0161\u0165ujeme","nadpis_2_sekce":"Jak\u00e9 dokumenty nej\u010dast\u011bji p\u0159ekl\u00e1d\u00e1me ze \u0161v\u00e9d\u0161tiny a\u00a0do \u0161v\u00e9d\u0161tiny?","odstavec_2_sekce_2_stpec":"<p>P\u0159ekl\u00e1d\u00e1me \u0161irokou \u0161k\u00e1lu dokument\u016f, p\u0159edev\u0161\u00edm pro technick\u00e9, pr\u00e1vn\u00ed a\u00a0marketingov\u00e9 \u00fa\u010dely.<\/p>\n","odstavec_2_sekce_1_stpec":"<h4 style=\"color: initial\"><strong>Pr\u00e1vn\u00ed dokumenty<\/strong><\/h4>\n<ul>\n<li>P\u0159eklady smluv, z\u00e1kon\u016f, sm\u011brnic, vyhl\u00e1\u0161ek, \u017ealob, rozsudk\u016f, pr\u00e1vn\u00edch posudk\u016f a\u00a0firemn\u00edch p\u0159edpis\u016f.<\/li>\n<li>P\u0159eklady zakladatelsk\u00fdch listin, licen\u010dn\u00edch smluv, dokument\u016f ISO.<\/li>\n<li><a href=\"https:\/\/www.presto.cz\/odborne-preklady\/pravni-preklady\/\">Soudn\u00ed p\u0159eklady<\/a> (s\u00a0mo\u017enost\u00ed zaji\u0161t\u011bn\u00ed apostily nebo superlegalizace) pro ofici\u00e1ln\u00ed \u00fa\u010dely.<\/li>\n<\/ul>\n<h4 style=\"color: initial\"><b>Auditorsk\u00e9 a\u00a0bezpe\u010dnostn\u00ed dokumenty<\/b><\/h4>\n<p>P\u0159eklady auditorsk\u00fdch zpr\u00e1v, bezpe\u010dnostn\u00edch p\u0159edpis\u016f a\u00a0podklad\u016f pro v\u00fdb\u011brov\u00e1 \u0159\u00edzen\u00ed.<\/p>\n<h4 style=\"color: initial\"><b>Technick\u00e9 dokumentace<\/b><\/h4>\n<p>P\u0159eklady technick\u00fdch manu\u00e1l\u016f a\u00a0dal\u0161\u00edch specializovan\u00fdch dokument\u016f.<\/p>\n<h4 style=\"color: initial\"><b>Marketingov\u00e9 materi\u00e1ly<\/b><\/h4>\n<p>P\u0159eklady web\u016f, bro\u017eur, propaga\u010dn\u00edch kampan\u00ed a jin\u00fdch komunika\u010dn\u00edch text\u016f.\u00a0\u00a0<\/p>\n","nadpis_3_sekce":"Jak\u00e9 jazykov\u00e9 kombinace nab\u00edz\u00edme?","odstavec_3_sekce":"<p>P\u0159ekl\u00e1d\u00e1me dokumenty z\u00a0a\u00a0do \u0161v\u00e9d\u0161tiny v\u00a0r\u016fzn\u00fdch jazykov\u00fdch kombinac\u00edch.<\/p>\n","odrazky_sekce_3_1_ministpec":"<ul>\n<li>Ze \u0161v\u00e9d\u0161tiny do <strong>\u010de\u0161tiny<\/strong> a\u00a0naopak<\/li>\n<li>Ze \u0161v\u00e9d\u0161tiny do <b>angli\u010dtiny <\/b>a\u00a0naopak<\/li>\n<li>Ze \u0161v\u00e9d\u0161tiny do <strong>n\u011bm\u010diny<\/strong> a\u00a0naopak<\/li>\n<li>Ze \u0161v\u00e9d\u0161tiny do <b>\u010d\u00edn\u0161tiny <\/b>a\u00a0naopak<\/li>\n<li>Ze \u0161v\u00e9d\u0161tiny do <strong>\u0161pan\u011bl\u0161tiny<\/strong> a\u00a0naopak<\/li>\n<li>Ze \u0161v\u00e9d\u0161tiny do <strong>ital\u0161tiny<\/strong> a\u00a0naopak<\/li>\n<li>Ze \u0161v\u00e9d\u0161tiny do <b>chorvat\u0161tiny <\/b>a\u00a0naopak<\/li>\n<\/ul>\n","odrazky_sekce_3_2_ministpec":"<ul>\n<li>Ze \u0161v\u00e9d\u0161tiny do <strong>sloven\u0161tiny<\/strong> a\u00a0naopak<\/li>\n<li>Ze \u0161v\u00e9d\u0161tiny do <strong>pol\u0161tiny<\/strong> a\u00a0naopak<\/li>\n<li>Ze \u0161v\u00e9d\u0161tiny do <strong>ukrajin\u0161tiny<\/strong> a\u00a0naopak<\/li>\n<li>Ze \u0161v\u00e9d\u0161tiny do <b>rumun\u0161tiny <\/b>a\u00a0naopak<\/li>\n<li>Ze \u0161v\u00e9d\u0161tiny do <b>portugal\u0161tiny <\/b>a\u00a0naopak<\/li>\n<li>Ze \u0161v\u00e9d\u0161tiny do <strong>ru\u0161tiny<\/strong> a\u00a0naopak<\/li>\n<li>a\u00a0mnoh\u00e9 dal\u0161\u00ed jazykov\u00e9 kombinace\u2026<\/li>\n<\/ul>\n","mininadpis_sekce_4":"V\u00edce o\u00a0p\u0159ekladech \u0161v\u00e9d\u0161tiny","nadpis_sekce_4":"Jak zajist\u00edme kvalitu a\u00a0odbornost?","nadpis_1_minisekce":"Zajist\u00edme jednotnou terminologii","odstavec_1_minisekce":"<p><span style=\"font-weight: 400\">N\u00e1stroje pro podporu p\u0159ekladu, kter\u00e9 vyu\u017e\u00edv\u00e1me, detekuj\u00ed pou\u017eit\u00e9 term\u00edny v\u00a0origin\u00e1le a\u00a0upozorn\u00ed p\u0159i nejednotn\u00e9m p\u0159ekladu. Stejn\u00fd p\u0159eklad nap\u0159\u00ed\u010d dokumenty pak zajist\u00edme ulo\u017een\u00edm term\u00ednu do intern\u00edho slovn\u00edku.<\/span><\/p>\n","nadpis_2_minisekce":"Zrychlujeme proces p\u0159ekladu","odstavec_2_minisekce":"<p>Prvotn\u00ed p\u0159eklad nech\u00e1me vyhotovit pomoc\u00ed neuronov\u00e9ho strojov\u00e9ho p\u0159ekladu (NMT) a n\u00e1sledn\u011b na\u0161i odborn\u00edci prov\u00e1d\u00ed posteditaci. Jsme tak\u00e9 certifikovan\u00ed podle normy ISO\u00a018587.<\/p>\n","nadpis_3_minisekce":"M\u00e1me odborn\u00edky na technick\u00e9 a\u00a0pr\u00e1vn\u00ed p\u0159eklady","odstavec_3_minisekce":"<p><span style=\"font-weight: 400\">Na pr\u00e1vn\u00edch a technick\u00fdch p\u0159ekladech spolupracujeme s\u00a0p\u0159ekladateli-specialisty, kte\u0159\u00ed se orientuj\u00ed v\u00a0oborov\u00e9 terminologii a\u00a0pr\u00e1vn\u00edch norm\u00e1ch. Na\u0161e p\u0159eklady v\u017edy vyhotovuj\u00ed rodil\u00ed mluv\u010d\u00ed a\u00a0nav\u00edc spl\u0148uj\u00ed normy kvality dle certifikac\u00ed ISO\u00a017100 a\u00a0ISO\u00a09001.<\/span><\/p>\n","mininadpis_sekce_zajimavost":"Zaj\u00edmavost","nadpis_sekce_zajimavost":"Kde se domluv\u00edte \u0161v\u00e9dsky?","odstavec_sekce_zajimavost":"<p><span style=\"font-weight: 400\">Seversk\u00e9 jazyky jsou si sice navz\u00e1jem velmi bl\u00edzk\u00e9, ale jsou dostate\u010dn\u011b odli\u0161n\u00e9 natolik, aby v\u00a0uzav\u0159en\u00fdch komunit\u00e1ch doch\u00e1zelo ke vzniku m\u00edstn\u00edch dialekt\u016f. \u0160v\u00e9d\u0161tina tak m\u00e1 v\u00edce ne\u017e 50\u00a0000 mluv\u010d\u00edch v\u00a0Norsku, a\u00a0to p\u0159edev\u0161\u00edm p\u0159\u00edmo v\u00a0Oslu, a\u00a0krom\u011b \u0160v\u00e9dska je \u00fa\u0159edn\u00edm jazykem ve Finsku a\u00a0autonomn\u00edm \u00fazem\u00ed Alandy. <\/span><\/p>\n<p>&nbsp;<\/p>\n","obrazek_zajimavost":{"width":150,"height":150,"file":"2025\/03\/pexels-aliaksei-lepik-557018408-16778150-scaled.jpg","filesize":557951,"sizes":{"medium":{"file":"pexels-aliaksei-lepik-557018408-16778150-217x300.jpg","width":217,"height":300,"mime-type":"image\/jpeg","filesize":13772,"url":"https:\/\/www.presto.cz\/wp-content\/uploads\/2025\/03\/pexels-aliaksei-lepik-557018408-16778150-217x300.jpg"},"large":{"file":"pexels-aliaksei-lepik-557018408-16778150-740x1024.jpg","width":740,"height":1024,"mime-type":"image\/jpeg","filesize":79365,"url":"https:\/\/www.presto.cz\/wp-content\/uploads\/2025\/03\/pexels-aliaksei-lepik-557018408-16778150-740x1024.jpg"},"thumbnail":{"file":"pexels-aliaksei-lepik-557018408-16778150-150x150.jpg","width":150,"height":150,"mime-type":"image\/jpeg","filesize":8291,"url":"https:\/\/www.presto.cz\/wp-content\/uploads\/2025\/03\/pexels-aliaksei-lepik-557018408-16778150-150x150.jpg"},"medium_large":{"file":"pexels-aliaksei-lepik-557018408-16778150-768x1063.jpg","width":768,"height":1063,"mime-type":"image\/jpeg","filesize":84091,"url":"https:\/\/www.presto.cz\/wp-content\/uploads\/2025\/03\/pexels-aliaksei-lepik-557018408-16778150-768x1063.jpg"},"1536x1536":{"file":"pexels-aliaksei-lepik-557018408-16778150-1110x1536.jpg","width":1110,"height":1536,"mime-type":"image\/jpeg","filesize":172096,"url":"https:\/\/www.presto.cz\/wp-content\/uploads\/2025\/03\/pexels-aliaksei-lepik-557018408-16778150-1110x1536.jpg"},"2048x2048":{"file":"pexels-aliaksei-lepik-557018408-16778150-1480x2048.jpg","width":1480,"height":2048,"mime-type":"image\/jpeg","filesize":322963,"url":"https:\/\/www.presto.cz\/wp-content\/uploads\/2025\/03\/pexels-aliaksei-lepik-557018408-16778150-1480x2048.jpg"}},"image_meta":{"aperture":"0","credit":"","camera":"","caption":"","created_timestamp":"0","copyright":"","focal_length":"0","iso":"0","shutter_speed":"0","title":"","orientation":"0","keywords":[]},"original_image":"pexels-aliaksei-lepik-557018408-16778150.jpg","ID":"1804","name":"pexels-aliaksei-lepik-557018408-16778150-scaled.jpg","path":"\/www\/doc\/www.presto.cz\/www\/wp-content\/uploads\/2025\/03\/pexels-aliaksei-lepik-557018408-16778150-scaled.jpg","url":"https:\/\/www.presto.cz\/wp-content\/uploads\/2025\/03\/pexels-aliaksei-lepik-557018408-16778150-150x150.jpg","full_url":"https:\/\/www.presto.cz\/wp-content\/uploads\/2025\/03\/pexels-aliaksei-lepik-557018408-16778150-scaled.jpg","title":"pexels-aliaksei-lepik-557018408-16778150","caption":"","description":"","alt":"","srcset":false},"nadpis_red_cta":"Pot\u0159ebujete profesion\u00e1ln\u00ed p\u0159eklady \u0161v\u00e9d\u0161tiny?","odstavec_red_cta":"Spojte se s\u00a0n\u00e1mi a\u00a0zjist\u011bte, jak v\u00e1m m\u016f\u017eeme pomoci s\u00a0p\u0159eklady \u010di lokalizac\u00ed.","primary_button_text":"Nez\u00e1vazn\u00e1 kalkulace","primary_button_odkaz":551,"secondary_button_text":"Zjistit v\u00edce","secondary_button_odkaz":482},"_links":{"self":[{"href":"https:\/\/www.presto.cz\/cz\/wp-json\/wp\/v2\/pages\/1803","targetHints":{"allow":["GET"]}}],"collection":[{"href":"https:\/\/www.presto.cz\/cz\/wp-json\/wp\/v2\/pages"}],"about":[{"href":"https:\/\/www.presto.cz\/cz\/wp-json\/wp\/v2\/types\/page"}],"author":[{"embeddable":true,"href":"https:\/\/www.presto.cz\/cz\/wp-json\/wp\/v2\/users\/2"}],"replies":[{"embeddable":true,"href":"https:\/\/www.presto.cz\/cz\/wp-json\/wp\/v2\/comments?post=1803"}],"version-history":[{"count":4,"href":"https:\/\/www.presto.cz\/cz\/wp-json\/wp\/v2\/pages\/1803\/revisions"}],"predecessor-version":[{"id":7769,"href":"https:\/\/www.presto.cz\/cz\/wp-json\/wp\/v2\/pages\/1803\/revisions\/7769"}],"wp:featuredmedia":[{"embeddable":true,"href":"https:\/\/www.presto.cz\/cz\/wp-json\/wp\/v2\/media\/1580"}],"wp:attachment":[{"href":"https:\/\/www.presto.cz\/cz\/wp-json\/wp\/v2\/media?parent=1803"}],"wp:term":[{"taxonomy":"prekladany-jazyk","embeddable":true,"href":"https:\/\/www.presto.cz\/cz\/wp-json\/wp\/v2\/prekladany-jazyk?post=1803"}],"curies":[{"name":"wp","href":"https:\/\/api.w.org\/{rel}","templated":true}]}}