{"id":1776,"date":"2025-03-03T15:23:54","date_gmt":"2025-03-03T14:23:54","guid":{"rendered":"https:\/\/presto.digiamo.cz\/presto\/?page_id=1776"},"modified":"2025-12-15T22:15:20","modified_gmt":"2025-12-15T21:15:20","slug":"preklady-madarstiny","status":"publish","type":"page","link":"https:\/\/www.presto.cz\/cz\/preklady-madarstiny","title":{"rendered":"P\u0159eklady ma\u010far\u0161tiny"},"content":{"rendered":"\n<p class=\"h--3 margin-bottom--m\">P\u0159esn\u011b, rychle a\u00a0s\u00a0d\u016frazem na kvalitu.<\/p>\n\n<p>Nab\u00edz\u00edme p\u0159eklady do ma\u010far\u0161tiny a\u00a0z\u00a0ma\u010far\u0161tiny s\u00a0vyu\u017eit\u00edm pokro\u010dil\u00fdch technologi\u00ed a\u00a0\u0161pi\u010dkov\u00fdch odborn\u00edk\u016f.<\/p>\n\n<p><\/p>\n","protected":false},"excerpt":{"rendered":"<p>P\u0159esn\u011b, rychle a\u00a0s\u00a0d\u016frazem na kvalitu. Nab\u00edz\u00edme p\u0159eklady do ma\u010far\u0161tiny a\u00a0z\u00a0ma\u010far\u0161tiny s\u00a0vyu\u017eit\u00edm pokro\u010dil\u00fdch technologi\u00ed a\u00a0\u0161pi\u010dkov\u00fdch odborn\u00edk\u016f.<\/p>\n","protected":false},"author":2,"featured_media":1580,"parent":0,"menu_order":0,"comment_status":"closed","ping_status":"closed","template":"","meta":{"footnotes":""},"prekladany-jazyk":[20],"class_list":["post-1776","page","type-page","status-publish","has-post-thumbnail","hentry","prekladany-jazyk-ano"],"meta_box":{"group_mini__faq":[{"dotaz_minifaq":"Kolik stoj\u00ed p\u0159eklad jedn\u00e9 strany do ma\u010far\u0161tiny?","odpoved_minifaq":"<p>Cena p\u0159ekladu do ma\u010far\u0161tiny se odv\u00edj\u00ed od rozsahu textu, jeho odbornosti, po\u017eadovan\u00e9ho term\u00ednu a v\u00fdchoz\u00edho jazyka (nej\u010dast\u011bji \u010de\u0161tina, sloven\u0161tina, angli\u010dtina nebo n\u011bm\u010dina).<br data-start=\"509\" data-end=\"512\" \/>Standardn\u011b \u00fa\u010dtujeme podle po\u010dtu <strong data-start=\"544\" data-end=\"576\">normostran hotov\u00e9ho p\u0159ekladu<\/strong> \u2013 1 normostrana = 1 800 znak\u016f ma\u010farsk\u00e9ho textu v\u010detn\u011b mezer. U n\u011bkter\u00fdch zak\u00e1zek se m\u016f\u017eeme domluvit i na cen\u011b podle <strong data-start=\"693\" data-end=\"735\">po\u010dtu slov nebo znak\u016f zdrojov\u00e9ho textu<\/strong>; konkr\u00e9tn\u00ed zp\u016fsob \u00fa\u010dtov\u00e1n\u00ed v\u017edy up\u0159esn\u00edme v nez\u00e1vazn\u00e9 kalkulaci.<br data-start=\"800\" data-end=\"803\" \/>Nejp\u0159esn\u011bj\u0161\u00ed cenu z\u00edsk\u00e1te, kdy\u017e n\u00e1m po\u0161lete konkr\u00e9tn\u00ed soubor \u2013 obratem v\u00e1m p\u0159iprav\u00edme cenovou nab\u00eddku.<\/p>"},{"dotaz_minifaq":"Jak rychle zvl\u00e1dnete p\u0159eklad do ma\u010far\u0161tiny?","odpoved_minifaq":"<p>Kr\u00e1tk\u00e9 a m\u00e9n\u011b n\u00e1ro\u010dn\u00e9 texty do ma\u010far\u0161tiny zvl\u00e1d\u00e1me obvykle <strong data-start=\"1024\" data-end=\"1049\">do 1\u20132 pracovn\u00edch dn\u016f<\/strong>. U del\u0161\u00edch dokument\u016f, technick\u00fdch manu\u00e1l\u016f nebo pr\u00e1vn\u00edch text\u016f z\u00e1le\u017e\u00ed na rozsahu a dohodnut\u00e9m term\u00ednu.<br data-start=\"1151\" data-end=\"1154\" \/>Po zasl\u00e1n\u00ed podklad\u016f v\u00e1m v\u017edy sd\u011bl\u00edme <strong data-start=\"1191\" data-end=\"1218\">konkr\u00e9tn\u00ed term\u00edn dod\u00e1n\u00ed<\/strong> a pokud na p\u0159ekladu sp\u011bch\u00e1te, nab\u00eddneme i variantu rychlej\u0161\u00edho zpracov\u00e1n\u00ed.<\/p>"},{"dotaz_minifaq":"Nab\u00edz\u00edte expresn\u00ed p\u0159eklad do ma\u010far\u0161tiny?","odpoved_minifaq":"<p>Ano, v p\u0159\u00edpad\u011b pot\u0159eby zaji\u0161\u0165ujeme i <strong data-start=\"1387\" data-end=\"1422\">expresn\u00ed p\u0159eklady do ma\u010far\u0161tiny<\/strong> \u2013 nap\u0159\u00edklad v r\u00e1mci jednoho dne nebo p\u0159es noc. U takov\u00fdch zak\u00e1zek obvykle pracuje p\u0159ekladatel ve zrychlen\u00e9m re\u017eimu a po\u010d\u00edt\u00e1 se s p\u0159\u00edplatkem za urgentn\u00ed zpracov\u00e1n\u00ed.<br data-start=\"1586\" data-end=\"1589\" \/>Sta\u010d\u00ed n\u00e1m v popt\u00e1vce napsat, dokdy p\u0159eklad do ma\u010far\u0161tiny pot\u0159ebujete, a my ov\u011b\u0159\u00edme kapacity a navrhneme re\u00e1ln\u00e9 mo\u017enosti.<\/p>"},{"dotaz_minifaq":"Jak zaji\u0161\u0165ujete kvalitu p\u0159eklad\u016f do ma\u010far\u0161tiny?","odpoved_minifaq":"<p>Kvalita ma\u010farsk\u00fdch p\u0159eklad\u016f je zalo\u017een\u00e1 na <strong data-start=\"1816\" data-end=\"1887\">spr\u00e1vn\u00e9m v\u00fdb\u011bru p\u0159ekladatele, syst\u00e9mov\u00e9 kontrole a vyu\u017eit\u00ed n\u00e1stroj\u016f<\/strong>. P\u0159ekladatele vol\u00edme podle oboru (pr\u00e1vo, technika, finance, marketing, HR) a zku\u0161enost\u00ed s ma\u010farsk\u00fdm trhem.<br data-start=\"1994\" data-end=\"1997\" \/>Pracujeme s <strong data-start=\"2009\" data-end=\"2053\">CAT n\u00e1stroji a kontroln\u00edmi funkcemi (QA)<\/strong>, kter\u00e9 pom\u00e1haj\u00ed odhalit nesrovnalosti v \u010d\u00edslech, form\u00e1tu, terminologii nebo opakuj\u00edc\u00edch se \u00fasec\u00edch. U text\u016f ur\u010den\u00fdch k publikaci zapojujeme nav\u00edc <strong data-start=\"2200\" data-end=\"2241\">korekturu \u010di revizi druh\u00fdm lingvistou<\/strong>. Pro st\u00e1l\u00e9 klienty budujeme <strong data-start=\"2270\" data-end=\"2296\">terminologick\u00e9 glos\u00e1\u0159e<\/strong>, aby ma\u010farsk\u00e9 p\u0159eklady z\u016fstaly dlouhodob\u011b jednotn\u00e9.<\/p>"},{"dotaz_minifaq":"P\u0159ekl\u00e1d\u00e1te i pr\u00e1vn\u00ed a technick\u00e9 texty do ma\u010far\u0161tiny?","odpoved_minifaq":"<p>Ano, v\u00fdznamnou \u010d\u00e1st na\u0161\u00ed pr\u00e1ce tvo\u0159\u00ed <strong data-start=\"2454\" data-end=\"2499\">pr\u00e1vn\u00ed a technick\u00e9 p\u0159eklady do ma\u010far\u0161tiny<\/strong> \u2013 smlouvy, obchodn\u00ed podm\u00ednky, technick\u00e9 manu\u00e1ly, dokumentace stroj\u016f, bezpe\u010dnostn\u00ed listy, v\u00fdrobn\u00ed p\u0159edpisy nebo finan\u010dn\u00ed zpr\u00e1vy.<br data-start=\"2627\" data-end=\"2630\" \/>Na tyto zak\u00e1zky vyb\u00edr\u00e1me p\u0159ekladatele se <strong data-start=\"2671\" data-end=\"2715\">specializac\u00ed na ma\u010far\u0161tinu v dan\u00e9m oboru<\/strong> a podle pot\u0159eby p\u0159id\u00e1v\u00e1me odbornou revizi, aby byl text pou\u017eiteln\u00fd i pro \u00fa\u0159ady a obchodn\u00ed partnery v Ma\u010farsku.<\/p>"},{"dotaz_minifaq":"Jak\u00fd je rozd\u00edl mezi b\u011b\u017en\u00fdm a odborn\u00fdm p\u0159ekladem do ma\u010far\u0161tiny?","odpoved_minifaq":"<p>B\u011b\u017en\u00fd p\u0159eklad do ma\u010far\u0161tiny se t\u00fdk\u00e1 text\u016f bez slo\u017eit\u00e9 terminologie \u2013 intern\u00ed sd\u011blen\u00ed, obecn\u00e9 informace, z\u00e1kladn\u00ed webov\u00e9 texty nebo jednoduch\u00e9 marketingov\u00e9 texty.<br data-start=\"3066\" data-end=\"3069\" \/>Odborn\u00fd p\u0159eklad je ur\u010den pro texty s <strong data-start=\"3106\" data-end=\"3156\">p\u0159esn\u011b definovan\u00fdmi pojmy a vy\u0161\u0161\u00ed odpov\u011bdnost\u00ed<\/strong>, nap\u0159\u00edklad pr\u00e1vn\u00ed dokumenty, technick\u00e9 manu\u00e1ly, medic\u00ednsk\u00e9 zpr\u00e1vy nebo finan\u010dn\u00ed dokumenty. U takov\u00fdch p\u0159eklad\u016f v\u017edy zapojujeme p\u0159ekladatele se specializac\u00ed a \u010dasto i druhou kontrolu.<\/p>"},{"dotaz_minifaq":"P\u0159ekl\u00e1daj\u00ed v\u00e1m texty do ma\u010far\u0161tiny rodil\u00ed mluv\u010d\u00ed?","odpoved_minifaq":"<p>Ano, u ma\u010far\u0161tiny spolupracujeme s <strong data-start=\"3440\" data-end=\"3486\">rodil\u00fdmi mluv\u010d\u00edmi i zku\u0161en\u00fdmi p\u0159ekladateli<\/strong>, kte\u0159\u00ed se na tento jazyk dlouhodob\u011b specializuj\u00ed. Podle typu textu a c\u00edlov\u00e9 skupiny vyb\u00edr\u00e1me nejvhodn\u011bj\u0161\u00edho lingvistu.<br data-start=\"3605\" data-end=\"3608\" \/>U web\u016f, marketingu a dal\u0161\u00edch ve\u0159ejn\u00fdch text\u016f doporu\u010dujeme, aby fin\u00e1ln\u00ed verzi pro\u0161el <strong data-start=\"3692\" data-end=\"3720\">rodil\u00fd mluv\u010d\u00ed ma\u010far\u0161tiny<\/strong>, kter\u00fd text dolad\u00ed, aby zn\u011bl p\u0159irozen\u011b pro ma\u010farsk\u00e9 publikum.<\/p>"},{"dotaz_minifaq":"P\u0159izp\u016fsob\u00edte p\u0159eklad do ma\u010far\u0161tiny ma\u010farsk\u00e9mu trhu a z\u00e1kazn\u00edk\u016fm?","odpoved_minifaq":"<p>Ano, p\u0159eklady do ma\u010far\u0161tiny upravujeme tak, aby d\u00e1valy smysl <strong data-start=\"3924\" data-end=\"4000\">konkr\u00e9tn\u00edmu c\u00edlov\u00e9mu publiku v Ma\u010farsku nebo ma\u010farsky mluv\u00edc\u00edm komunit\u00e1m<\/strong>. Jinak bude vypadat text pro \u00fa\u0159ad, jinak pro e-shop, jinak pro B2B jedn\u00e1n\u00ed.<br data-start=\"4076\" data-end=\"4079\" \/>V r\u00e1mci lokalizace m\u016f\u017eeme upravit i styl komunikace \u2013 od form\u00e1ln\u00edho \u00fa\u0159edn\u00edho jazyka a\u017e po m\u00e9n\u011b form\u00e1ln\u00ed marketingov\u00fd t\u00f3n.<\/p>"},{"dotaz_minifaq":"P\u0159ekl\u00e1d\u00e1te i webov\u00e9 str\u00e1nky, e-shopy a software do ma\u010far\u0161tiny?","odpoved_minifaq":"<p>Ano, zaji\u0161\u0165ujeme <strong data-start=\"4296\" data-end=\"4358\">lokalizace web\u016f, e-shop\u016f, port\u00e1l\u016f a softwaru do ma\u010far\u0161tiny<\/strong>. Um\u00edme pracovat s exporty z CMS, e-shopov\u00fdch platforem i s technick\u00fdmi soubory a v p\u0159\u00edpad\u011b pot\u0159eby spolupracujeme i s va\u0161\u00edm IT nebo grafikem.<br data-start=\"4500\" data-end=\"4503\" \/>Sou\u010d\u00e1st\u00ed m\u016f\u017ee b\u00fdt i <strong data-start=\"4523\" data-end=\"4572\">\u00faprava ma\u010farsk\u00fdch text\u016f pro vyhled\u00e1va\u010de (SEO)<\/strong> a p\u0159eklad titulk\u016f, propaga\u010dn\u00edch vide\u00ed nebo instrukt\u00e1\u017en\u00edch materi\u00e1l\u016f pro ma\u010farsk\u00e9 u\u017eivatele.<\/p>"},{"dotaz_minifaq":"Zaji\u0161\u0165ujete soudn\u00ed (\u00fa\u0159edn\u00ed) p\u0159eklady do ma\u010far\u0161tiny s raz\u00edtkem?","odpoved_minifaq":"<p>Ano, zaji\u0161\u0165ujeme i <strong data-start=\"4763\" data-end=\"4820\">soudn\u00ed (\u00fa\u0159edn\u00ed) p\u0159eklady do ma\u010far\u0161tiny a z ma\u010far\u0161tiny<\/strong> s kulat\u00fdm raz\u00edtkem soudn\u00edho tlumo\u010dn\u00edka. Tyto p\u0159eklady jsou pot\u0159eba nap\u0159\u00edklad pro \u00fa\u0159ady, soudy, \u0161koly, not\u00e1\u0159e nebo p\u0159i zam\u011bstn\u00e1n\u00ed v Ma\u010farsku.<br data-start=\"4961\" data-end=\"4964\" \/>Sta\u010d\u00ed n\u00e1m poslat sken dokumentu a napsat, k jak\u00e9mu \u00fa\u010delu p\u0159eklad pot\u0159ebujete \u2013 porad\u00edme v\u00e1m, zda je nutn\u00fd soudn\u00ed p\u0159eklad, nebo posta\u010d\u00ed p\u0159eklad b\u011b\u017en\u00fd.<\/p>"},{"dotaz_minifaq":"Zaji\u0161\u0165ujete i p\u0159eklady z ma\u010far\u0161tiny do jin\u00fdch jazyk\u016f ne\u017e jen do \u010de\u0161tiny?","odpoved_minifaq":"<p>Ano, p\u0159ekl\u00e1d\u00e1me <strong data-start=\"5219\" data-end=\"5252\">z ma\u010far\u0161tiny nejen do \u010de\u0161tiny<\/strong>, ale i do dal\u0161\u00edch jazyk\u016f \u2013 nap\u0159\u00edklad <strong data-start=\"5290\" data-end=\"5353\">do angli\u010dtiny, n\u011bm\u010diny, sloven\u0161tiny, pol\u0161tiny \u010di rumun\u0161tiny<\/strong>, p\u0159\u00edpadn\u011b i do jin\u00fdch evropsk\u00fdch jazyk\u016f podle va\u0161eho zad\u00e1n\u00ed.<br data-start=\"5414\" data-end=\"5417\" \/>U v\u00edcejazy\u010dn\u00fdch projekt\u016f um\u00edme z jednoho ma\u010farsk\u00e9ho origin\u00e1lu p\u0159ipravit <strong data-start=\"5489\" data-end=\"5523\">v\u00edce jazykov\u00fdch verz\u00ed najednou<\/strong> a postarat se o jejich vz\u00e1jemnou konzistenci.<\/p>"},{"dotaz_minifaq":"Pou\u017e\u00edv\u00e1te p\u0159i p\u0159ekladech do ma\u010far\u0161tiny um\u011blou inteligenci nebo strojov\u00fd p\u0159eklad?","odpoved_minifaq":"<p>U n\u011bkter\u00fdch typ\u016f text\u016f (nap\u0159\u00edklad intern\u00ed materi\u00e1ly, opakuj\u00edc\u00ed se popisy) m\u016f\u017eeme vyu\u017e\u00edt <strong data-start=\"5755\" data-end=\"5807\">strojov\u00fd p\u0159eklad a n\u00e1stroje s um\u011blou inteligenc\u00ed<\/strong>, ale v\u017edy jako podklad pro pr\u00e1ci p\u0159ekladatele. Fin\u00e1ln\u00ed text v\u017edy <strong data-start=\"5873\" data-end=\"5905\">proch\u00e1z\u00ed lidskou posteditac\u00ed<\/strong>, kdy p\u0159ekladatel uprav\u00ed v\u00fdznam, styl i terminologii.<br data-start=\"5958\" data-end=\"5961\" \/>U pr\u00e1vn\u00edch, smluvn\u00edch, \u00fa\u0159edn\u00edch a marketingov\u00fdch text\u016f do ma\u010far\u0161tiny d\u00e1v\u00e1me p\u0159ednost <strong data-start=\"6046\" data-end=\"6073\">\u010dist\u011b lidsk\u00e9mu p\u0159ekladu<\/strong>, kde jsou nuance a p\u0159esn\u00e9 formulace z\u00e1sadn\u00ed.<\/p>"},{"dotaz_minifaq":"Pracujete u p\u0159eklad\u016f do ma\u010far\u0161tiny s p\u0159ekladov\u00fdmi pam\u011btmi a CAT n\u00e1stroji?","odpoved_minifaq":"<p>Ano, u ma\u010far\u0161tiny vyu\u017e\u00edv\u00e1me <strong data-start=\"6237\" data-end=\"6273\">CAT n\u00e1stroje a p\u0159ekladov\u00e9 pam\u011bti<\/strong>, zejm\u00e9na u technick\u00e9 dokumentace, n\u00e1vod\u016f, katalog\u016f a web\u016f, kter\u00e9 se pr\u016fb\u011b\u017en\u011b aktualizuj\u00ed. D\u00edky nim m\u016f\u017eeme znovu pou\u017e\u00edt schv\u00e1len\u00e9 formulace a udr\u017eet jednotn\u00e9 n\u00e1zvoslov\u00ed.<br data-start=\"6442\" data-end=\"6445\" \/>Skute\u010dnou jednotnost terminologie ale zaji\u0161\u0165uj\u00ed <strong data-start=\"6493\" data-end=\"6519\">terminologick\u00e9 glos\u00e1\u0159e<\/strong>, kter\u00e9 p\u0159ipravujeme pro ka\u017ed\u00e9ho st\u00e1l\u00e9ho klienta \u2013 podle nich se \u0159\u00edd\u00ed v\u0161ichni p\u0159ekladatel\u00e9, kte\u0159\u00ed na ma\u010farsk\u00fdch textech pracuj\u00ed.<\/p>"},{"dotaz_minifaq":"Jak je u p\u0159eklad\u016f do ma\u010far\u0161tiny zaji\u0161t\u011bn\u00e1 bezpe\u010dnost a d\u016fv\u011brnost dat?","odpoved_minifaq":"<p>S dokumenty pro p\u0159eklad do ma\u010far\u0161tiny zach\u00e1z\u00edme stejn\u011b citliv\u011b jako s ostatn\u00edmi jazyky. Pracujeme v <strong data-start=\"6834\" data-end=\"6861\">zabezpe\u010den\u00fdch syst\u00e9mech<\/strong> a pou\u017e\u00edv\u00e1me jen <strong data-start=\"6878\" data-end=\"6902\">licencovan\u00fd software<\/strong> s jasn\u011b definovan\u00fdmi pravidly pro pr\u00e1ci s daty.<br data-start=\"6950\" data-end=\"6953\" \/>Klientsk\u00e9 texty <strong data-start=\"6969\" data-end=\"7014\">nevkl\u00e1d\u00e1me do ve\u0159ejn\u00fdch online p\u0159eklada\u010d\u016f<\/strong>. P\u0159\u00edstup k dokument\u016fm m\u00e1 pouze \u00fazk\u00fd projektov\u00fd t\u00fdm a u citliv\u00fdch zak\u00e1zek b\u011b\u017en\u011b uzav\u00edr\u00e1me <strong data-start=\"7104\" data-end=\"7141\">NDA a dal\u0161\u00ed dohody o ml\u010denlivosti<\/strong>.<\/p>"},{"dotaz_minifaq":"Jak m\u016f\u017eu objednat p\u0159eklad do ma\u010far\u0161tiny?","odpoved_minifaq":"<p>Text ur\u010den\u00fd k p\u0159ekladu do ma\u010far\u0161tiny n\u00e1m m\u016f\u017eete poslat <strong data-start=\"7255\" data-end=\"7297\">e-mailem nebo p\u0159es popt\u00e1vkov\u00fd formul\u00e1\u0159<\/strong>. Sta\u010d\u00ed p\u0159idat soubory, uv\u00e9st v\u00fdchoz\u00ed a c\u00edlov\u00fd jazyk, stru\u010dn\u011b popsat typ textu (smlouva, manu\u00e1l, web, katalog) a po\u017eadovan\u00fd term\u00edn.<br data-start=\"7428\" data-end=\"7431\" \/>Obratem v\u00e1m p\u0159iprav\u00edme <strong data-start=\"7454\" data-end=\"7484\">nez\u00e1vaznou cenovou nab\u00eddku<\/strong>. Po schv\u00e1len\u00ed vybereme nejvhodn\u011bj\u0161\u00edho p\u0159ekladatele, nastav\u00edme p\u0159\u00edpadnou korekturu \u010di revizi a hotov\u00fd p\u0159eklad do ma\u010far\u0161tiny v\u00e1m dod\u00e1me v domluven\u00e9m form\u00e1tu.<\/p>"}],"vlajka_jazyka":{"filesize":611,"ID":"302","name":"hun-flag.svg","path":"\/www\/doc\/www.presto.cz\/www\/wp-content\/uploads\/2024\/11\/hun-flag.svg","url":"https:\/\/www.presto.cz\/wp-content\/uploads\/2024\/11\/hun-flag.svg","full_url":"https:\/\/www.presto.cz\/wp-content\/uploads\/2024\/11\/hun-flag.svg","title":"hun-flag","caption":"","description":"","alt":"","srcset":false,"width":false,"height":false},"nadpis_1_sekce":"M\u00e1me rozs\u00e1hl\u00e9 zku\u0161enosti s\u00a0p\u0159eklady do ma\u010far\u0161tiny i\u00a0z\u00a0ma\u010far\u0161tiny","odstavec_1_sekce_1_stpec":"<p>Nab\u00edz\u00edme profesion\u00e1ln\u00ed lidsk\u00e9 p\u0159eklady podporovan\u00e9 modern\u00edmi technologiemi i\u00a0strojov\u00e9 p\u0159eklady s\u00a0posteditac\u00ed.<\/p>\n<p>&nbsp;<\/p>\n<p>Spr\u00e1vnou stylistiku a\u00a0terminologii zaji\u0161\u0165uj\u00ed terminologick\u00e9 slovn\u00edky a\u00a0p\u0159ekladatelsk\u00e9 n\u00e1stroje, kter\u00e9 sleduj\u00ed jednotn\u00fd styl i\u00a0opakov\u00e1n\u00ed \u2013 co\u017e optimalizuje fin\u00e1ln\u00ed cenu p\u0159eklad\u016f.<\/p>\n<p>&nbsp;<\/p>\n<p>M\u00e1me bohat\u00e9 zku\u0161enosti s\u00a0pr\u00e1vn\u00edmi p\u0159eklady, ka\u017edoro\u010dn\u011b p\u0159elo\u017e\u00edme v\u00edce ne\u017e 60\u00a0000 normostran pr\u00e1vn\u00edch text\u016f.<\/p>\n","mininadpis_sekce_2":"Typy p\u0159eklad\u016f, kter\u00e9 zaji\u0161\u0165ujeme","nadpis_2_sekce":"Jak\u00e9 dokumenty nej\u010dast\u011bji p\u0159ekl\u00e1d\u00e1me z\u00a0ma\u010far\u0161tiny a\u00a0do ma\u010far\u0161tiny?","odstavec_2_sekce_2_stpec":"<p>P\u0159ekl\u00e1d\u00e1me \u0161irokou \u0161k\u00e1lu dokument\u016f, p\u0159edev\u0161\u00edm pro technick\u00e9, pr\u00e1vn\u00ed a\u00a0marketingov\u00e9 \u00fa\u010dely.<\/p>\n","odstavec_2_sekce_1_stpec":"<h4 style=\"color: initial\"><strong>Pr\u00e1vn\u00ed dokumenty<\/strong><\/h4>\n<ul>\n<li>P\u0159eklady smluv, z\u00e1kon\u016f, sm\u011brnic, vyhl\u00e1\u0161ek, \u017ealob, rozsudk\u016f, pr\u00e1vn\u00edch posudk\u016f a\u00a0firemn\u00edch p\u0159edpis\u016f.<\/li>\n<li>P\u0159eklady zakladatelsk\u00fdch listin, licen\u010dn\u00edch smluv, dokument\u016f ISO.<\/li>\n<li><a href=\"https:\/\/www.presto.cz\/odborne-preklady\/pravni-preklady\/\">Soudn\u00ed p\u0159eklady<\/a> (s\u00a0mo\u017enost\u00ed zaji\u0161t\u011bn\u00ed apostily nebo superlegalizace) pro ofici\u00e1ln\u00ed \u00fa\u010dely.<\/li>\n<\/ul>\n<h4 style=\"color: initial\"><b>Auditorsk\u00e9 a\u00a0bezpe\u010dnostn\u00ed dokumenty<\/b><\/h4>\n<p>P\u0159eklady auditorsk\u00fdch zpr\u00e1v, bezpe\u010dnostn\u00edch p\u0159edpis\u016f a\u00a0podklad\u016f pro v\u00fdb\u011brov\u00e1 \u0159\u00edzen\u00ed.<\/p>\n<h4 style=\"color: initial\"><b>Technick\u00e9 dokumentace<\/b><\/h4>\n<p>P\u0159eklady technick\u00fdch manu\u00e1l\u016f a\u00a0dal\u0161\u00edch specializovan\u00fdch dokument\u016f.<\/p>\n<h4 style=\"color: initial\"><b>Marketingov\u00e9 materi\u00e1ly<\/b><\/h4>\n<p>P\u0159eklady web\u016f, bro\u017eur, propaga\u010dn\u00edch kampan\u00ed a\u00a0jin\u00fdch komunika\u010dn\u00edch text\u016f.\u00a0\u00a0<\/p>\n","nadpis_3_sekce":"Jak\u00e9 jazykov\u00e9 kombinace nab\u00edz\u00edme?","odstavec_3_sekce":"<p>P\u0159ekl\u00e1d\u00e1me dokumenty z\u00a0a\u00a0do ma\u010far\u0161tiny v\u00a0r\u016fzn\u00fdch jazykov\u00fdch kombinac\u00edch.<\/p>\n","odrazky_sekce_3_1_ministpec":"<ul>\n<li>Z\u00a0ma\u010far\u0161tiny do <strong>\u010de\u0161tiny<\/strong> a\u00a0naopak<\/li>\n<li>Z\u00a0ma\u010far\u0161tiny do <b>angli\u010dtiny <\/b>a\u00a0naopak<\/li>\n<li>Z\u00a0ma\u010far\u0161tiny do <strong>n\u011bm\u010diny<\/strong> a\u00a0naopak<\/li>\n<li>Z\u00a0ma\u010far\u0161tiny do <b>\u010d\u00edn\u0161tiny <\/b>a\u00a0naopak<\/li>\n<li>Z\u00a0ma\u010far\u0161tiny do <strong>\u0161pan\u011bl\u0161tiny<\/strong> a\u00a0naopak<\/li>\n<li>Z\u00a0ma\u010far\u0161tiny do <strong>ital\u0161tiny<\/strong> a\u00a0naopak<\/li>\n<li>Z\u00a0ma\u010far\u0161tiny do <b>chorvat\u0161tiny <\/b>a\u00a0naopak<\/li>\n<\/ul>\n","odrazky_sekce_3_2_ministpec":"<ul>\n<li>Z\u00a0ma\u010far\u0161tiny do <strong>sloven\u0161tiny<\/strong> a\u00a0naopak<\/li>\n<li>Z\u00a0ma\u010far\u0161tiny do <strong>pol\u0161tiny<\/strong> a\u00a0naopak<\/li>\n<li>Z\u00a0ma\u010far\u0161tiny do <strong>ukrajin\u0161tiny<\/strong> a\u00a0naopak<\/li>\n<li>Z\u00a0ma\u010far\u0161tiny do <b>rumun\u0161tiny <\/b>a\u00a0naopak<\/li>\n<li>Z\u00a0ma\u010far\u0161tiny do <b>portugal\u0161tiny <\/b>a\u00a0naopak<\/li>\n<li>Z\u00a0ma\u010far\u0161tiny do <strong>ru\u0161tiny<\/strong> a\u00a0naopak<\/li>\n<li>a\u00a0mnoh\u00e9 dal\u0161\u00ed jazykov\u00e9 kombinace\u2026<\/li>\n<\/ul>\n","mininadpis_sekce_4":"V\u00edce o\u00a0p\u0159ekladech ma\u010far\u0161tiny","nadpis_sekce_4":"Jak zajist\u00edme kvalitu a\u00a0odbornost?","nadpis_1_minisekce":"Zajist\u00edme jednotnou terminologii","odstavec_1_minisekce":"<p><span style=\"font-weight: 400\">N\u00e1stroje pro podporu p\u0159ekladu, kter\u00e9 vyu\u017e\u00edv\u00e1me, detekuj\u00ed pou\u017eit\u00e9 term\u00edny v\u00a0origin\u00e1le a\u00a0upozorn\u00ed p\u0159i nejednotn\u00e9m p\u0159ekladu. Stejn\u00fd p\u0159eklad nap\u0159\u00ed\u010d dokumenty pak zajist\u00edme ulo\u017een\u00edm term\u00ednu do intern\u00edho slovn\u00edku.<\/span><\/p>\n","nadpis_2_minisekce":"Zrychlujeme proces p\u0159ekladu","odstavec_2_minisekce":"<p>Prvotn\u00ed p\u0159eklad nech\u00e1me vyhotovit pomoc\u00ed neuronov\u00e9ho strojov\u00e9ho p\u0159ekladu (NMT) a n\u00e1sledn\u011b na\u0161i odborn\u00edci prov\u00e1d\u00ed posteditaci. Jsme tak\u00e9 certifikovan\u00ed podle normy ISO\u00a018587.<\/p>\n","nadpis_3_minisekce":"M\u00e1me odborn\u00edky na technick\u00e9 a\u00a0pr\u00e1vn\u00ed p\u0159eklady","odstavec_3_minisekce":"<p><span style=\"font-weight: 400\">Na pr\u00e1vn\u00edch a technick\u00fdch p\u0159ekladech spolupracujeme s\u00a0p\u0159ekladateli-specialisty, kte\u0159\u00ed se orientuj\u00ed v\u00a0oborov\u00e9 terminologii a\u00a0pr\u00e1vn\u00edch norm\u00e1ch. Na\u0161e p\u0159eklady v\u017edy vyhotovuj\u00ed rodil\u00ed mluv\u010d\u00ed a\u00a0nav\u00edc spl\u0148uj\u00ed normy kvality dle certifikac\u00ed ISO\u00a017100 a\u00a0ISO\u00a09001.<\/span><\/p>\n","mininadpis_sekce_zajimavost":"Zaj\u00edmavost","nadpis_sekce_zajimavost":"Ugrofinsk\u00e9 jazyky","odstavec_sekce_zajimavost":"<p><span style=\"font-weight: 400\">Ma\u010far\u0161tina spad\u00e1 do jazykov\u00e9 v\u011btve ugrofinsk\u00fdch jazyk\u016f, podobn\u011b jako t\u0159eba fin\u0161tina nebo eston\u0161tina. Je ale t\u0159eba \u0159\u00edci, \u017ee tyto jazyky jsou si dost vzd\u00e1len\u00e9 a\u00a0Fin s\u00a0Ma\u010farem si bez znalosti dal\u0161\u00edch jazyk\u016f jen tak nepopov\u00eddaj\u00ed.\u00a0<\/span><\/p>\n<p>&nbsp;<\/p>\n","obrazek_zajimavost":{"width":150,"height":150,"file":"2025\/03\/pexels-apollonia-363024912-30935546-scaled.jpg","filesize":289358,"sizes":{"medium":{"file":"pexels-apollonia-363024912-30935546-300x200.jpg","width":300,"height":200,"mime-type":"image\/jpeg","filesize":10838,"url":"https:\/\/www.presto.cz\/wp-content\/uploads\/2025\/03\/pexels-apollonia-363024912-30935546-300x200.jpg"},"large":{"file":"pexels-apollonia-363024912-30935546-1024x683.jpg","width":1024,"height":683,"mime-type":"image\/jpeg","filesize":62533,"url":"https:\/\/www.presto.cz\/wp-content\/uploads\/2025\/03\/pexels-apollonia-363024912-30935546-1024x683.jpg"},"thumbnail":{"file":"pexels-apollonia-363024912-30935546-150x150.jpg","width":150,"height":150,"mime-type":"image\/jpeg","filesize":6965,"url":"https:\/\/www.presto.cz\/wp-content\/uploads\/2025\/03\/pexels-apollonia-363024912-30935546-150x150.jpg"},"medium_large":{"file":"pexels-apollonia-363024912-30935546-768x512.jpg","width":768,"height":512,"mime-type":"image\/jpeg","filesize":39565,"url":"https:\/\/www.presto.cz\/wp-content\/uploads\/2025\/03\/pexels-apollonia-363024912-30935546-768x512.jpg"},"1536x1536":{"file":"pexels-apollonia-363024912-30935546-1536x1024.jpg","width":1536,"height":1024,"mime-type":"image\/jpeg","filesize":119599,"url":"https:\/\/www.presto.cz\/wp-content\/uploads\/2025\/03\/pexels-apollonia-363024912-30935546-1536x1024.jpg"},"2048x2048":{"file":"pexels-apollonia-363024912-30935546-2048x1365.jpg","width":2048,"height":1365,"mime-type":"image\/jpeg","filesize":196106,"url":"https:\/\/www.presto.cz\/wp-content\/uploads\/2025\/03\/pexels-apollonia-363024912-30935546-2048x1365.jpg"}},"image_meta":{"aperture":"0","credit":"","camera":"","caption":"","created_timestamp":"0","copyright":"","focal_length":"0","iso":"0","shutter_speed":"0","title":"","orientation":"0","keywords":[]},"original_image":"pexels-apollonia-363024912-30935546.jpg","ID":"1777","name":"pexels-apollonia-363024912-30935546-scaled.jpg","path":"\/www\/doc\/www.presto.cz\/www\/wp-content\/uploads\/2025\/03\/pexels-apollonia-363024912-30935546-scaled.jpg","url":"https:\/\/www.presto.cz\/wp-content\/uploads\/2025\/03\/pexels-apollonia-363024912-30935546-150x150.jpg","full_url":"https:\/\/www.presto.cz\/wp-content\/uploads\/2025\/03\/pexels-apollonia-363024912-30935546-scaled.jpg","title":"pexels-apollonia-363024912-30935546","caption":"","description":"","alt":"","srcset":false},"nadpis_red_cta":"Pot\u0159ebujete profesion\u00e1ln\u00ed p\u0159eklady ma\u010far\u0161tiny?","odstavec_red_cta":"Spojte se s\u00a0n\u00e1mi a\u00a0zjist\u011bte, jak v\u00e1m m\u016f\u017eeme pomoci s\u00a0p\u0159eklady \u010di lokalizac\u00ed.","primary_button_text":"Nez\u00e1vazn\u00e1 kalkulace","primary_button_odkaz":551,"secondary_button_text":"Zjistit v\u00edce","secondary_button_odkaz":482},"_links":{"self":[{"href":"https:\/\/www.presto.cz\/cz\/wp-json\/wp\/v2\/pages\/1776","targetHints":{"allow":["GET"]}}],"collection":[{"href":"https:\/\/www.presto.cz\/cz\/wp-json\/wp\/v2\/pages"}],"about":[{"href":"https:\/\/www.presto.cz\/cz\/wp-json\/wp\/v2\/types\/page"}],"author":[{"embeddable":true,"href":"https:\/\/www.presto.cz\/cz\/wp-json\/wp\/v2\/users\/2"}],"replies":[{"embeddable":true,"href":"https:\/\/www.presto.cz\/cz\/wp-json\/wp\/v2\/comments?post=1776"}],"version-history":[{"count":4,"href":"https:\/\/www.presto.cz\/cz\/wp-json\/wp\/v2\/pages\/1776\/revisions"}],"predecessor-version":[{"id":7756,"href":"https:\/\/www.presto.cz\/cz\/wp-json\/wp\/v2\/pages\/1776\/revisions\/7756"}],"wp:featuredmedia":[{"embeddable":true,"href":"https:\/\/www.presto.cz\/cz\/wp-json\/wp\/v2\/media\/1580"}],"wp:attachment":[{"href":"https:\/\/www.presto.cz\/cz\/wp-json\/wp\/v2\/media?parent=1776"}],"wp:term":[{"taxonomy":"prekladany-jazyk","embeddable":true,"href":"https:\/\/www.presto.cz\/cz\/wp-json\/wp\/v2\/prekladany-jazyk?post=1776"}],"curies":[{"name":"wp","href":"https:\/\/api.w.org\/{rel}","templated":true}]}}