{"id":1710,"date":"2025-02-24T15:40:00","date_gmt":"2025-02-24T14:40:00","guid":{"rendered":"https:\/\/presto.digiamo.cz\/presto\/?page_id=1710"},"modified":"2025-04-28T10:34:40","modified_gmt":"2025-04-28T08:34:40","slug":"preklady-technickeho-prukazu","status":"publish","type":"page","link":"https:\/\/www.presto.cz\/cz\/preklady-technickeho-prukazu","title":{"rendered":"P\u0159eklady technick\u00e9ho pr\u016fkazu"},"content":{"rendered":"\n<p class=\"h--3 margin-bottom--m\">Odborn\u00fd p\u0159eklad pro registraci vozidel v\u00a0zahrani\u010d\u00ed.<\/p>\n\n<p>P\u0159esn\u00e9 a\u00a0profesion\u00e1ln\u00ed p\u0159eklady technick\u00fdch pr\u016fkaz\u016f s\u00a0mo\u017enost\u00ed soudn\u00edho ov\u011b\u0159en\u00ed. Zaji\u0161\u0165ujeme soulad s\u00a0m\u00edstn\u00ed legislativou.<\/p>\n","protected":false},"excerpt":{"rendered":"<p>Odborn\u00fd p\u0159eklad pro registraci vozidel v\u00a0zahrani\u010d\u00ed. P\u0159esn\u00e9 a\u00a0profesion\u00e1ln\u00ed p\u0159eklady technick\u00fdch pr\u016fkaz\u016f s\u00a0mo\u017enost\u00ed soudn\u00edho ov\u011b\u0159en\u00ed. Zaji\u0161\u0165ujeme soulad s\u00a0m\u00edstn\u00ed legislativou.<\/p>\n","protected":false},"author":1,"featured_media":1726,"parent":0,"menu_order":0,"comment_status":"closed","ping_status":"closed","template":"","meta":{"footnotes":""},"prekladany-jazyk":[],"class_list":["post-1710","page","type-page","status-publish","has-post-thumbnail","hentry"],"meta_box":{"group_mini__faq":[],"vlajka_jazyka":false,"nadpis_1_sekce":"","odstavec_1_sekce_1_stpec":"","mininadpis_sekce_2":"","nadpis_2_sekce":"","odstavec_2_sekce_2_stpec":"","odstavec_2_sekce_1_stpec":"","nadpis_3_sekce":"","odstavec_3_sekce":"","odrazky_sekce_3_1_ministpec":"","odrazky_sekce_3_2_ministpec":"","mininadpis_sekce_4":"","nadpis_sekce_4":"","nadpis_1_minisekce":"","odstavec_1_minisekce":"","nadpis_2_minisekce":"","odstavec_2_minisekce":"","nadpis_3_minisekce":"","odstavec_3_minisekce":"","mininadpis_sekce_zajimavost":"","nadpis_sekce_zajimavost":"","odstavec_sekce_zajimavost":"","obrazek_zajimavost":false,"nadpis_red_cta":"Pot\u0159ebujete profesion\u00e1ln\u00ed p\u0159eklad technick\u00e9ho pr\u016fkazu?","odstavec_red_cta":"Kontaktujte n\u00e1s a\u00a0z\u00edskejte rychl\u00fd a\u00a0p\u0159esn\u00fd p\u0159eklad technick\u00e9ho pr\u016fkazu s\u00a0mo\u017enost\u00ed soudn\u00edho ov\u011b\u0159en\u00ed.","primary_button_text":"Nez\u00e1vazn\u00e1 kalkulace","primary_button_odkaz":551,"secondary_button_text":"Spojit se specialistou","secondary_button_odkaz":482},"_links":{"self":[{"href":"https:\/\/www.presto.cz\/cz\/wp-json\/wp\/v2\/pages\/1710","targetHints":{"allow":["GET"]}}],"collection":[{"href":"https:\/\/www.presto.cz\/cz\/wp-json\/wp\/v2\/pages"}],"about":[{"href":"https:\/\/www.presto.cz\/cz\/wp-json\/wp\/v2\/types\/page"}],"author":[{"embeddable":true,"href":"https:\/\/www.presto.cz\/cz\/wp-json\/wp\/v2\/users\/1"}],"replies":[{"embeddable":true,"href":"https:\/\/www.presto.cz\/cz\/wp-json\/wp\/v2\/comments?post=1710"}],"version-history":[{"count":6,"href":"https:\/\/www.presto.cz\/cz\/wp-json\/wp\/v2\/pages\/1710\/revisions"}],"predecessor-version":[{"id":2914,"href":"https:\/\/www.presto.cz\/cz\/wp-json\/wp\/v2\/pages\/1710\/revisions\/2914"}],"wp:featuredmedia":[{"embeddable":true,"href":"https:\/\/www.presto.cz\/cz\/wp-json\/wp\/v2\/media\/1726"}],"wp:attachment":[{"href":"https:\/\/www.presto.cz\/cz\/wp-json\/wp\/v2\/media?parent=1710"}],"wp:term":[{"taxonomy":"prekladany-jazyk","embeddable":true,"href":"https:\/\/www.presto.cz\/cz\/wp-json\/wp\/v2\/prekladany-jazyk?post=1710"}],"curies":[{"name":"wp","href":"https:\/\/api.w.org\/{rel}","templated":true}]}}