{"id":1693,"date":"2025-02-24T14:30:14","date_gmt":"2025-02-24T13:30:14","guid":{"rendered":"https:\/\/presto.digiamo.cz\/presto\/?page_id=1693"},"modified":"2025-04-28T10:34:42","modified_gmt":"2025-04-28T08:34:42","slug":"preklady-rodneho-listu","status":"publish","type":"page","link":"https:\/\/www.presto.cz\/cz\/preklady-rodneho-listu","title":{"rendered":"P\u0159eklady rodn\u00e9ho listu"},"content":{"rendered":"\n<p class=\"h--3 margin-bottom--m\">Ofici\u00e1ln\u00ed p\u0159eklady pro pr\u00e1vn\u00ed a\u00a0osobn\u00ed \u00fa\u010dely.<\/p>\n\n<p>\u00da\u0159edn\u00ed p\u0159eklad rodn\u00e9ho listu do angli\u010dtiny \u2013 nebo jin\u00e9ho jazyka podle va\u0161ich p\u0159edstav.<\/p>\n\n<p><\/p>\n","protected":false},"excerpt":{"rendered":"<p>Ofici\u00e1ln\u00ed p\u0159eklady pro pr\u00e1vn\u00ed a\u00a0osobn\u00ed \u00fa\u010dely. \u00da\u0159edn\u00ed p\u0159eklad rodn\u00e9ho listu do angli\u010dtiny \u2013 nebo jin\u00e9ho jazyka podle va\u0161ich p\u0159edstav.<\/p>\n","protected":false},"author":1,"featured_media":2913,"parent":0,"menu_order":0,"comment_status":"closed","ping_status":"closed","template":"","meta":{"footnotes":""},"prekladany-jazyk":[],"class_list":["post-1693","page","type-page","status-publish","has-post-thumbnail","hentry"],"meta_box":{"group_mini__faq":[],"vlajka_jazyka":false,"nadpis_1_sekce":"","odstavec_1_sekce_1_stpec":"","mininadpis_sekce_2":"","nadpis_2_sekce":"","odstavec_2_sekce_2_stpec":"","odstavec_2_sekce_1_stpec":"","nadpis_3_sekce":"","odstavec_3_sekce":"","odrazky_sekce_3_1_ministpec":"","odrazky_sekce_3_2_ministpec":"","mininadpis_sekce_4":"","nadpis_sekce_4":"","nadpis_1_minisekce":"","odstavec_1_minisekce":"","nadpis_2_minisekce":"","odstavec_2_minisekce":"","nadpis_3_minisekce":"","odstavec_3_minisekce":"","mininadpis_sekce_zajimavost":"","nadpis_sekce_zajimavost":"","odstavec_sekce_zajimavost":"","obrazek_zajimavost":false,"nadpis_red_cta":"Pot\u0159ebujete profesion\u00e1ln\u00ed p\u0159eklad rodn\u00e9ho listu?","odstavec_red_cta":"Spojte se s\u00a0na\u0161imi specialisty a\u00a0zajist\u011bte si ofici\u00e1ln\u00ed p\u0159eklad rodn\u00e9ho listu v\u00a0souladu s\u00a0pr\u00e1vn\u00edmi po\u017eadavky.","primary_button_text":"Nez\u00e1vazn\u00e1 kalkulace","primary_button_odkaz":551,"secondary_button_text":"Spojit se specialistou","secondary_button_odkaz":482},"_links":{"self":[{"href":"https:\/\/www.presto.cz\/cz\/wp-json\/wp\/v2\/pages\/1693","targetHints":{"allow":["GET"]}}],"collection":[{"href":"https:\/\/www.presto.cz\/cz\/wp-json\/wp\/v2\/pages"}],"about":[{"href":"https:\/\/www.presto.cz\/cz\/wp-json\/wp\/v2\/types\/page"}],"author":[{"embeddable":true,"href":"https:\/\/www.presto.cz\/cz\/wp-json\/wp\/v2\/users\/1"}],"replies":[{"embeddable":true,"href":"https:\/\/www.presto.cz\/cz\/wp-json\/wp\/v2\/comments?post=1693"}],"version-history":[{"count":8,"href":"https:\/\/www.presto.cz\/cz\/wp-json\/wp\/v2\/pages\/1693\/revisions"}],"predecessor-version":[{"id":1749,"href":"https:\/\/www.presto.cz\/cz\/wp-json\/wp\/v2\/pages\/1693\/revisions\/1749"}],"wp:featuredmedia":[{"embeddable":true,"href":"https:\/\/www.presto.cz\/cz\/wp-json\/wp\/v2\/media\/2913"}],"wp:attachment":[{"href":"https:\/\/www.presto.cz\/cz\/wp-json\/wp\/v2\/media?parent=1693"}],"wp:term":[{"taxonomy":"prekladany-jazyk","embeddable":true,"href":"https:\/\/www.presto.cz\/cz\/wp-json\/wp\/v2\/prekladany-jazyk?post=1693"}],"curies":[{"name":"wp","href":"https:\/\/api.w.org\/{rel}","templated":true}]}}