{"id":166,"date":"2024-11-12T14:56:02","date_gmt":"2024-11-12T13:56:02","guid":{"rendered":"https:\/\/presto.digiamo.cz\/presto\/?page_id=166"},"modified":"2025-11-28T20:54:42","modified_gmt":"2025-11-28T19:54:42","slug":"preklady-a-prekladatelske-sluzby","status":"publish","type":"page","link":"https:\/\/www.presto.cz\/cz\/preklady-a-prekladatelske-sluzby","title":{"rendered":"P\u0159ekladatelsk\u00e9 slu\u017eby, na kter\u00e9 se m\u016f\u017eete spolehnout"},"content":{"rendered":"\n<p>Na\u0161e p\u0159ekladatelsk\u00e9 slu\u017eby spojuj\u00ed nejmodern\u011bj\u0161\u00ed technologie AI a&nbsp;strojov\u00e9ho p\u0159ekladu (MT) s&nbsp;odbornost\u00ed lidsk\u00fdch p\u0159ekladatel\u016f a&nbsp;CAT n\u00e1stroj\u016f. Tato kombinace n\u00e1m umo\u017e\u0148uje zajistit \u0161pi\u010dkovou kvalitu za skv\u011blou cenu. S&nbsp;precizn\u00ed organizac\u00ed garantujeme dod\u00e1n\u00ed zak\u00e1zek v\u010das a&nbsp;p\u0159esn\u011b podle va\u0161ich po\u017eadavk\u016f.<\/p>\n\n\n\n<p><\/p>\n","protected":false},"excerpt":{"rendered":"<p>Na\u0161e p\u0159ekladatelsk\u00e9 slu\u017eby spojuj\u00ed nejmodern\u011bj\u0161\u00ed technologie AI a&nbsp;strojov\u00e9ho p\u0159ekladu (MT) s&nbsp;odbornost\u00ed lidsk\u00fdch p\u0159ekladatel\u016f a&nbsp;CAT n\u00e1stroj\u016f. Tato kombinace n\u00e1m umo\u017e\u0148uje zajistit \u0161pi\u010dkovou kvalitu za skv\u011blou cenu. S&nbsp;precizn\u00ed organizac\u00ed garantujeme dod\u00e1n\u00ed zak\u00e1zek v\u010das a&nbsp;p\u0159esn\u011b podle va\u0161ich po\u017eadavk\u016f.<\/p>\n","protected":false},"author":1,"featured_media":917,"parent":0,"menu_order":0,"comment_status":"closed","ping_status":"closed","template":"","meta":{"footnotes":""},"prekladany-jazyk":[],"class_list":["post-166","page","type-page","status-publish","has-post-thumbnail","hentry"],"meta_box":{"group_mini__faq":[],"vlajka_jazyka":false,"nadpis_1_sekce":"","odstavec_1_sekce_1_stpec":"","mininadpis_sekce_2":"","nadpis_2_sekce":"","odstavec_2_sekce_2_stpec":"","odstavec_2_sekce_1_stpec":"","nadpis_3_sekce":"","odstavec_3_sekce":"","odrazky_sekce_3_1_ministpec":"","odrazky_sekce_3_2_ministpec":"","mininadpis_sekce_4":"","nadpis_sekce_4":"","nadpis_1_minisekce":"","odstavec_1_minisekce":"","nadpis_2_minisekce":"","odstavec_2_minisekce":"","nadpis_3_minisekce":"","odstavec_3_minisekce":"","mininadpis_sekce_zajimavost":"","nadpis_sekce_zajimavost":"","odstavec_sekce_zajimavost":"","obrazek_zajimavost":false,"nadpis_red_cta":"Zjist\u011bte cenu p\u0159ekladu do 15 minut","odstavec_red_cta":"Z\u00edskejte kalkulaci p\u0159ekladu do 15 minut nebo se spojte s na\u0161imi specialisty a spole\u010dn\u011b najdeme nejlep\u0161\u00ed \u0159e\u0161en\u00ed pro va\u0161e pot\u0159eby.","primary_button_text":"Nez\u00e1vazn\u00e1 popt\u00e1vka","primary_button_odkaz":551,"secondary_button_text":"","secondary_button_odkaz":""},"_links":{"self":[{"href":"https:\/\/www.presto.cz\/cz\/wp-json\/wp\/v2\/pages\/166","targetHints":{"allow":["GET"]}}],"collection":[{"href":"https:\/\/www.presto.cz\/cz\/wp-json\/wp\/v2\/pages"}],"about":[{"href":"https:\/\/www.presto.cz\/cz\/wp-json\/wp\/v2\/types\/page"}],"author":[{"embeddable":true,"href":"https:\/\/www.presto.cz\/cz\/wp-json\/wp\/v2\/users\/1"}],"replies":[{"embeddable":true,"href":"https:\/\/www.presto.cz\/cz\/wp-json\/wp\/v2\/comments?post=166"}],"version-history":[{"count":103,"href":"https:\/\/www.presto.cz\/cz\/wp-json\/wp\/v2\/pages\/166\/revisions"}],"predecessor-version":[{"id":9180,"href":"https:\/\/www.presto.cz\/cz\/wp-json\/wp\/v2\/pages\/166\/revisions\/9180"}],"wp:featuredmedia":[{"embeddable":true,"href":"https:\/\/www.presto.cz\/cz\/wp-json\/wp\/v2\/media\/917"}],"wp:attachment":[{"href":"https:\/\/www.presto.cz\/cz\/wp-json\/wp\/v2\/media?parent=166"}],"wp:term":[{"taxonomy":"prekladany-jazyk","embeddable":true,"href":"https:\/\/www.presto.cz\/cz\/wp-json\/wp\/v2\/prekladany-jazyk?post=166"}],"curies":[{"name":"wp","href":"https:\/\/api.w.org\/{rel}","templated":true}]}}