{"id":1637,"date":"2025-02-20T12:04:13","date_gmt":"2025-02-20T11:04:13","guid":{"rendered":"https:\/\/presto.digiamo.cz\/presto\/?page_id=1637"},"modified":"2025-04-28T10:34:41","modified_gmt":"2025-04-28T08:34:41","slug":"preklady-smluv","status":"publish","type":"page","link":"https:\/\/www.presto.cz\/cz\/preklady-smluv","title":{"rendered":"P\u0159eklady smluv"},"content":{"rendered":"\n<p class=\"h--3 margin-bottom--m\">Pr\u00e1vn\u011b z\u00e1vazn\u00e9 p\u0159eklady s\u00a0d\u016frazem na preciznost.<\/p>\n\n<p>P\u0159esn\u00e9 p\u0159eklady obchodn\u00edch a\u00a0pr\u00e1vn\u00edch smluv, kter\u00e9 spl\u0148uj\u00ed nejvy\u0161\u0161\u00ed pr\u00e1vn\u00ed standardy. Mo\u017enost soudn\u00edho ov\u011b\u0159en\u00ed pro maxim\u00e1ln\u00ed jistotu.<\/p>\n","protected":false},"excerpt":{"rendered":"<p>Pr\u00e1vn\u011b z\u00e1vazn\u00e9 p\u0159eklady s\u00a0d\u016frazem na preciznost. P\u0159esn\u00e9 p\u0159eklady obchodn\u00edch a\u00a0pr\u00e1vn\u00edch smluv, kter\u00e9 spl\u0148uj\u00ed nejvy\u0161\u0161\u00ed pr\u00e1vn\u00ed standardy. Mo\u017enost soudn\u00edho ov\u011b\u0159en\u00ed pro maxim\u00e1ln\u00ed jistotu.<\/p>\n","protected":false},"author":1,"featured_media":1643,"parent":0,"menu_order":0,"comment_status":"closed","ping_status":"closed","template":"","meta":{"footnotes":""},"prekladany-jazyk":[],"class_list":["post-1637","page","type-page","status-publish","has-post-thumbnail","hentry"],"meta_box":{"group_mini__faq":[],"vlajka_jazyka":false,"nadpis_1_sekce":"","odstavec_1_sekce_1_stpec":"","mininadpis_sekce_2":"","nadpis_2_sekce":"","odstavec_2_sekce_2_stpec":"","odstavec_2_sekce_1_stpec":"","nadpis_3_sekce":"","odstavec_3_sekce":"","odrazky_sekce_3_1_ministpec":"","odrazky_sekce_3_2_ministpec":"","mininadpis_sekce_4":"","nadpis_sekce_4":"","nadpis_1_minisekce":"","odstavec_1_minisekce":"","nadpis_2_minisekce":"","odstavec_2_minisekce":"","nadpis_3_minisekce":"","odstavec_3_minisekce":"","mininadpis_sekce_zajimavost":"","nadpis_sekce_zajimavost":"","odstavec_sekce_zajimavost":"","obrazek_zajimavost":false,"nadpis_red_cta":"Pot\u0159ebujete profesion\u00e1ln\u00ed p\u0159eklad smlouvy?","odstavec_red_cta":"Spojte se s\u00a0n\u00e1mi a\u00a0z\u00edskejte kvalitn\u00ed p\u0159eklady pr\u00e1vn\u00edch dokument\u016f s\u00a0mo\u017enost\u00ed soudn\u00edho ov\u011b\u0159en\u00ed.","primary_button_text":"Nez\u00e1vazn\u00e1 kalkulace","primary_button_odkaz":551,"secondary_button_text":"Spojit se specialistou","secondary_button_odkaz":482},"_links":{"self":[{"href":"https:\/\/www.presto.cz\/cz\/wp-json\/wp\/v2\/pages\/1637","targetHints":{"allow":["GET"]}}],"collection":[{"href":"https:\/\/www.presto.cz\/cz\/wp-json\/wp\/v2\/pages"}],"about":[{"href":"https:\/\/www.presto.cz\/cz\/wp-json\/wp\/v2\/types\/page"}],"author":[{"embeddable":true,"href":"https:\/\/www.presto.cz\/cz\/wp-json\/wp\/v2\/users\/1"}],"replies":[{"embeddable":true,"href":"https:\/\/www.presto.cz\/cz\/wp-json\/wp\/v2\/comments?post=1637"}],"version-history":[{"count":11,"href":"https:\/\/www.presto.cz\/cz\/wp-json\/wp\/v2\/pages\/1637\/revisions"}],"predecessor-version":[{"id":2899,"href":"https:\/\/www.presto.cz\/cz\/wp-json\/wp\/v2\/pages\/1637\/revisions\/2899"}],"wp:featuredmedia":[{"embeddable":true,"href":"https:\/\/www.presto.cz\/cz\/wp-json\/wp\/v2\/media\/1643"}],"wp:attachment":[{"href":"https:\/\/www.presto.cz\/cz\/wp-json\/wp\/v2\/media?parent=1637"}],"wp:term":[{"taxonomy":"prekladany-jazyk","embeddable":true,"href":"https:\/\/www.presto.cz\/cz\/wp-json\/wp\/v2\/prekladany-jazyk?post=1637"}],"curies":[{"name":"wp","href":"https:\/\/api.w.org\/{rel}","templated":true}]}}