{"id":1237,"date":"2025-01-29T16:45:44","date_gmt":"2025-01-29T15:45:44","guid":{"rendered":"https:\/\/presto.digiamo.cz\/presto\/?page_id=1237"},"modified":"2025-04-29T15:51:46","modified_gmt":"2025-04-29T13:51:46","slug":"pravni-preklady","status":"publish","type":"page","link":"https:\/\/www.presto.cz\/cz\/pravni-preklady","title":{"rendered":"Pr\u00e1vn\u00ed p\u0159eklady, na kter\u00e9 se m\u016f\u017eete spolehnout"},"content":{"rendered":"\n<p>Spr\u00e1vn\u00e1 stylistika a&nbsp;terminologie \u2013 profesion\u00e1ln\u00ed p\u0159ekladatel\u00e9 specializovan\u00ed na pr\u00e1vn\u00ed texty. P\u0159elo\u017e\u00edme p\u0159es 60\u00a0000 normostran pr\u00e1vn\u00edch text\u016f ro\u010dn\u011b, v\u010detn\u011b dokument\u016f pro v\u00fdznamn\u00e9 spole\u010dnosti.<\/p>\n","protected":false},"excerpt":{"rendered":"<p>Spr\u00e1vn\u00e1 stylistika a&nbsp;terminologie \u2013 profesion\u00e1ln\u00ed p\u0159ekladatel\u00e9 specializovan\u00ed na pr\u00e1vn\u00ed texty. P\u0159elo\u017e\u00edme p\u0159es 60\u00a0000 normostran pr\u00e1vn\u00edch text\u016f ro\u010dn\u011b, v\u010detn\u011b dokument\u016f pro v\u00fdznamn\u00e9 spole\u010dnosti.<\/p>\n","protected":false},"author":1,"featured_media":881,"parent":0,"menu_order":0,"comment_status":"closed","ping_status":"closed","template":"","meta":{"footnotes":""},"prekladany-jazyk":[],"class_list":["post-1237","page","type-page","status-publish","has-post-thumbnail","hentry"],"meta_box":{"group_mini__faq":[],"vlajka_jazyka":false,"nadpis_1_sekce":"","odstavec_1_sekce_1_stpec":"","mininadpis_sekce_2":"","nadpis_2_sekce":"","odstavec_2_sekce_2_stpec":"","odstavec_2_sekce_1_stpec":"","nadpis_3_sekce":"","odstavec_3_sekce":"","odrazky_sekce_3_1_ministpec":"","odrazky_sekce_3_2_ministpec":"","mininadpis_sekce_4":"","nadpis_sekce_4":"","nadpis_1_minisekce":"","odstavec_1_minisekce":"","nadpis_2_minisekce":"","odstavec_2_minisekce":"","nadpis_3_minisekce":"","odstavec_3_minisekce":"","mininadpis_sekce_zajimavost":"","nadpis_sekce_zajimavost":"","odstavec_sekce_zajimavost":"","obrazek_zajimavost":false,"nadpis_red_cta":"Pot\u0159ebujete profesion\u00e1ln\u00ed pr\u00e1vn\u00ed p\u0159eklady?","odstavec_red_cta":"Spojte se s\u00a0na\u0161imi specialisty a\u00a0z\u00edskejte p\u0159eklady, kter\u00e9 zvy\u0161uj\u00ed va\u0161i online viditelnost.","primary_button_text":"Nez\u00e1vazn\u00e1 popt\u00e1vka","primary_button_odkaz":551,"secondary_button_text":"Spojit se specialistou","secondary_button_odkaz":482},"_links":{"self":[{"href":"https:\/\/www.presto.cz\/cz\/wp-json\/wp\/v2\/pages\/1237","targetHints":{"allow":["GET"]}}],"collection":[{"href":"https:\/\/www.presto.cz\/cz\/wp-json\/wp\/v2\/pages"}],"about":[{"href":"https:\/\/www.presto.cz\/cz\/wp-json\/wp\/v2\/types\/page"}],"author":[{"embeddable":true,"href":"https:\/\/www.presto.cz\/cz\/wp-json\/wp\/v2\/users\/1"}],"replies":[{"embeddable":true,"href":"https:\/\/www.presto.cz\/cz\/wp-json\/wp\/v2\/comments?post=1237"}],"version-history":[{"count":26,"href":"https:\/\/www.presto.cz\/cz\/wp-json\/wp\/v2\/pages\/1237\/revisions"}],"predecessor-version":[{"id":7349,"href":"https:\/\/www.presto.cz\/cz\/wp-json\/wp\/v2\/pages\/1237\/revisions\/7349"}],"wp:featuredmedia":[{"embeddable":true,"href":"https:\/\/www.presto.cz\/cz\/wp-json\/wp\/v2\/media\/881"}],"wp:attachment":[{"href":"https:\/\/www.presto.cz\/cz\/wp-json\/wp\/v2\/media?parent=1237"}],"wp:term":[{"taxonomy":"prekladany-jazyk","embeddable":true,"href":"https:\/\/www.presto.cz\/cz\/wp-json\/wp\/v2\/prekladany-jazyk?post=1237"}],"curies":[{"name":"wp","href":"https:\/\/api.w.org\/{rel}","templated":true}]}}