{"id":1234,"date":"2025-01-29T16:45:00","date_gmt":"2025-01-29T15:45:00","guid":{"rendered":"https:\/\/presto.digiamo.cz\/presto\/?page_id=1234"},"modified":"2025-11-28T11:28:01","modified_gmt":"2025-11-28T10:28:01","slug":"odborne-preklady","status":"publish","type":"page","link":"https:\/\/www.presto.cz\/cz\/odborne-preklady","title":{"rendered":"Odborn\u00e9 p\u0159eklady s&nbsp;d\u016frazem na p\u0159esnost a&nbsp;odbornost"},"content":{"rendered":"\n<p>V PRESTO db\u00e1me na kvalitu a&nbsp;p\u0159esnost ka\u017ed\u00e9ho odborn\u00e9ho p\u0159ekladu. Jednotnost pou\u017e\u00edvan\u00e9 terminologie zaji\u0161\u0165ujeme pomoc\u00ed terminologick\u00fdch slovn\u00edk\u016f, CAT n\u00e1stroj\u016f a&nbsp;specializovan\u00fdch p\u0159ekladatel\u016f pro v\u00edce ne\u017e 50 obor\u016f.<\/p>\n","protected":false},"excerpt":{"rendered":"<p>V PRESTO db\u00e1me na kvalitu a&nbsp;p\u0159esnost ka\u017ed\u00e9ho odborn\u00e9ho p\u0159ekladu. Jednotnost pou\u017e\u00edvan\u00e9 terminologie zaji\u0161\u0165ujeme pomoc\u00ed terminologick\u00fdch slovn\u00edk\u016f, CAT n\u00e1stroj\u016f a&nbsp;specializovan\u00fdch p\u0159ekladatel\u016f pro v\u00edce ne\u017e 50 obor\u016f.<\/p>\n","protected":false},"author":1,"featured_media":1286,"parent":0,"menu_order":0,"comment_status":"closed","ping_status":"closed","template":"","meta":{"footnotes":""},"prekladany-jazyk":[],"class_list":["post-1234","page","type-page","status-publish","has-post-thumbnail","hentry"],"meta_box":{"group_mini__faq":[],"vlajka_jazyka":false,"nadpis_1_sekce":"","odstavec_1_sekce_1_stpec":"","mininadpis_sekce_2":"","nadpis_2_sekce":"","odstavec_2_sekce_2_stpec":"","odstavec_2_sekce_1_stpec":"","nadpis_3_sekce":"","odstavec_3_sekce":"","odrazky_sekce_3_1_ministpec":"","odrazky_sekce_3_2_ministpec":"","mininadpis_sekce_4":"","nadpis_sekce_4":"","nadpis_1_minisekce":"","odstavec_1_minisekce":"","nadpis_2_minisekce":"","odstavec_2_minisekce":"","nadpis_3_minisekce":"","odstavec_3_minisekce":"","mininadpis_sekce_zajimavost":"","nadpis_sekce_zajimavost":"","odstavec_sekce_zajimavost":"","obrazek_zajimavost":false,"nadpis_red_cta":"","odstavec_red_cta":"","primary_button_text":"Nez\u00e1vazn\u00e1 popt\u00e1vka","primary_button_odkaz":551,"secondary_button_text":"","secondary_button_odkaz":""},"_links":{"self":[{"href":"https:\/\/www.presto.cz\/cz\/wp-json\/wp\/v2\/pages\/1234","targetHints":{"allow":["GET"]}}],"collection":[{"href":"https:\/\/www.presto.cz\/cz\/wp-json\/wp\/v2\/pages"}],"about":[{"href":"https:\/\/www.presto.cz\/cz\/wp-json\/wp\/v2\/types\/page"}],"author":[{"embeddable":true,"href":"https:\/\/www.presto.cz\/cz\/wp-json\/wp\/v2\/users\/1"}],"replies":[{"embeddable":true,"href":"https:\/\/www.presto.cz\/cz\/wp-json\/wp\/v2\/comments?post=1234"}],"version-history":[{"count":35,"href":"https:\/\/www.presto.cz\/cz\/wp-json\/wp\/v2\/pages\/1234\/revisions"}],"predecessor-version":[{"id":9174,"href":"https:\/\/www.presto.cz\/cz\/wp-json\/wp\/v2\/pages\/1234\/revisions\/9174"}],"wp:featuredmedia":[{"embeddable":true,"href":"https:\/\/www.presto.cz\/cz\/wp-json\/wp\/v2\/media\/1286"}],"wp:attachment":[{"href":"https:\/\/www.presto.cz\/cz\/wp-json\/wp\/v2\/media?parent=1234"}],"wp:term":[{"taxonomy":"prekladany-jazyk","embeddable":true,"href":"https:\/\/www.presto.cz\/cz\/wp-json\/wp\/v2\/prekladany-jazyk?post=1234"}],"curies":[{"name":"wp","href":"https:\/\/api.w.org\/{rel}","templated":true}]}}