{"id":1067,"date":"2025-01-28T10:07:56","date_gmt":"2025-01-28T09:07:56","guid":{"rendered":"https:\/\/presto.digiamo.cz\/presto\/?page_id=1067"},"modified":"2026-04-08T05:09:30","modified_gmt":"2026-04-08T03:09:30","slug":"lokalizace","status":"publish","type":"page","link":"https:\/\/www.presto.cz\/cz\/lokalizace","title":{"rendered":"Lokalizace"},"content":{"rendered":"\n<p class=\"h--3 margin-bottom--m\">P\u0159izp\u016fsobte sv\u016fj obsah sv\u011btu.<\/p>\n\n<p>Lokalizace je proces, kter\u00fd zahrnuje p\u0159eklad, tedy p\u0159evod textu z&nbsp;jednoho jazyka do druh\u00e9ho, a&nbsp;k&nbsp;tomu db\u00e1 na p\u0159izp\u016fsoben\u00ed v\u00fdsledn\u00e9ho textu kulturn\u00edmu prost\u0159ed\u00ed c\u00edlov\u00e9 zem\u011b, p\u0159\u00edpadn\u011b i&nbsp;p\u0159izp\u016fsoben\u00ed tonality a&nbsp;stylu jazyka c\u00edlov\u00e9 skupin\u011b. Vstupte efektivn\u011b na nov\u00e9 trhy s&nbsp;d\u016fv\u011brou va\u0161ich z\u00e1kazn\u00edk\u016f.<\/p>\n","protected":false},"excerpt":{"rendered":"<p>P\u0159izp\u016fsobte sv\u016fj obsah sv\u011btu. Lokalizace je proces, kter\u00fd zahrnuje p\u0159eklad, tedy p\u0159evod textu z&nbsp;jednoho jazyka do druh\u00e9ho, a&nbsp;k&nbsp;tomu db\u00e1 na p\u0159izp\u016fsoben\u00ed v\u00fdsledn\u00e9ho textu kulturn\u00edmu prost\u0159ed\u00ed c\u00edlov\u00e9 zem\u011b, p\u0159\u00edpadn\u011b i&nbsp;p\u0159izp\u016fsoben\u00ed tonality a&nbsp;stylu jazyka c\u00edlov\u00e9 skupin\u011b. Vstupte efektivn\u011b na nov\u00e9 trhy s&nbsp;d\u016fv\u011brou va\u0161ich z\u00e1kazn\u00edk\u016f.<\/p>\n","protected":false},"author":1,"featured_media":1071,"parent":0,"menu_order":0,"comment_status":"closed","ping_status":"closed","template":"","meta":{"footnotes":""},"prekladany-jazyk":[],"class_list":["post-1067","page","type-page","status-publish","has-post-thumbnail","hentry"],"meta_box":{"group_mini__faq":[],"vlajka_jazyka":false,"nadpis_1_sekce":"","odstavec_1_sekce_1_stpec":"","mininadpis_sekce_2":"","nadpis_2_sekce":"","odstavec_2_sekce_2_stpec":"","odstavec_2_sekce_1_stpec":"","nadpis_3_sekce":"","odstavec_3_sekce":"","odrazky_sekce_3_1_ministpec":"","odrazky_sekce_3_2_ministpec":"","mininadpis_sekce_4":"","nadpis_sekce_4":"","nadpis_1_minisekce":"","odstavec_1_minisekce":"","nadpis_2_minisekce":"","odstavec_2_minisekce":"","nadpis_3_minisekce":"","odstavec_3_minisekce":"","mininadpis_sekce_zajimavost":"","nadpis_sekce_zajimavost":"","odstavec_sekce_zajimavost":"","obrazek_zajimavost":false,"nadpis_red_cta":"M\u00e1te z\u00e1jem o profesion\u00e1ln\u00ed lokalizaci?","odstavec_red_cta":"Kontaktujte n\u00e1s a zjist\u011bte, jak m\u016f\u017eeme pomoci lokalizovat v\u00e1\u0161 obsah pro glob\u00e1ln\u00ed trhy.","primary_button_text":"Nez\u00e1vazn\u00e1 popt\u00e1vka","primary_button_odkaz":551,"secondary_button_text":"Spojit se specialistou","secondary_button_odkaz":482},"_links":{"self":[{"href":"https:\/\/www.presto.cz\/cz\/wp-json\/wp\/v2\/pages\/1067","targetHints":{"allow":["GET"]}}],"collection":[{"href":"https:\/\/www.presto.cz\/cz\/wp-json\/wp\/v2\/pages"}],"about":[{"href":"https:\/\/www.presto.cz\/cz\/wp-json\/wp\/v2\/types\/page"}],"author":[{"embeddable":true,"href":"https:\/\/www.presto.cz\/cz\/wp-json\/wp\/v2\/users\/1"}],"replies":[{"embeddable":true,"href":"https:\/\/www.presto.cz\/cz\/wp-json\/wp\/v2\/comments?post=1067"}],"version-history":[{"count":44,"href":"https:\/\/www.presto.cz\/cz\/wp-json\/wp\/v2\/pages\/1067\/revisions"}],"predecessor-version":[{"id":9891,"href":"https:\/\/www.presto.cz\/cz\/wp-json\/wp\/v2\/pages\/1067\/revisions\/9891"}],"wp:featuredmedia":[{"embeddable":true,"href":"https:\/\/www.presto.cz\/cz\/wp-json\/wp\/v2\/media\/1071"}],"wp:attachment":[{"href":"https:\/\/www.presto.cz\/cz\/wp-json\/wp\/v2\/media?parent=1067"}],"wp:term":[{"taxonomy":"prekladany-jazyk","embeddable":true,"href":"https:\/\/www.presto.cz\/cz\/wp-json\/wp\/v2\/prekladany-jazyk?post=1067"}],"curies":[{"name":"wp","href":"https:\/\/api.w.org\/{rel}","templated":true}]}}